{"id":154510,"date":"2021-01-15T14:34:01","date_gmt":"2021-01-15T14:34:01","guid":{"rendered":"https:\/\/codengine3.ch\/?product=import-placeholder-for-204531"},"modified":"2021-01-15T14:34:07","modified_gmt":"2021-01-15T14:34:07","slug":"100-abenteuer-berge","status":"publish","type":"product","link":"https:\/\/pizbube.ch\/en\/shop\/100-abenteuer-berge\/","title":{"rendered":"100 % Abenteuer: Berge"},"content":{"rendered":"<p>\nKinder- \/ Jugendbuch;<br \/>\nMit Gipfelst\u00fcrmern unterwegs Mit einzigartigen Fotografien entf\u00fchrt Florian<br \/>\nWagner die Leser in die abenteuerliche Welt der Berge. Seine Bilder erz\u00e4hlen<br \/>\nvom beschwerlichen Weg zum Gipfel und vom Abstieg, ob nun per Ski oder mit<br \/>\neinem Gleitschirm.  <\/p>\n<p>Die Abenteuerreise mit dem Fotografen Florian Wagner geht hinauf in<br \/>\nschwindelerregende H\u00f6hen. Wir begeben uns mit ihm auf den beschwerlichen Weg<br \/>\nauf den h\u00f6chsten Berg der Dolomiten, wagen einen Gleitschirmsprung vom Gipfel<br \/>\nder Lobh\u00f6rner, erleben eine Hubschrauber- Bergrettung in den USA und besteigen<br \/>\nmit Skiern den Shishapangma. Einmalige Fotos lassen uns die Abenteuer hautnah<br \/>\nmiterleben.  <\/p>\n<p>&#8211; Ungew\u00f6hnliche und atemberaubende Fotos; &#8211; Abenteuer und Sachwissen in<br \/>\neinem; &#8211; Bekannte und wagemutige Fotografen<\/p>","protected":false},"excerpt":{"rendered":"<p>Kinder- \/ Jugendbuch; Mit Gipfelst\u00fcrmern unterwegs Mit einzigartigen Fotografien entf\u00fchrt Florian Wagner die Leser in die abenteuerliche Welt der Berge. Seine Bilder erz\u00e4hlen vom beschwerlichen Weg zum Gipfel und vom Abstieg, ob nun per Ski oder mit einem Gleitschirm. Die Abenteuerreise mit dem Fotografen Florian Wagner geht hinauf in schwindelerregende H\u00f6hen. Wir begeben uns mit [&#8230;]\n","protected":false},"featured_media":32612,"template":"","meta":[],"product_brand":[],"product_cat":[21542],"product_tag":[],"class_list":{"0":"post-154510","1":"product","2":"type-product","3":"status-publish","4":"has-post-thumbnail","6":"product_cat-sachbuecher-dokumentationen","7":"pa_autor-wagner-dauer","8":"pa_erscheinungsjahr-21571","9":"pa_region-deutschland","10":"pa_sprache-de","12":"first","13":"instock","14":"taxable","15":"shipping-taxable","16":"purchasable","17":"product-type-simple"},"_links":{"self":[{"href":"https:\/\/pizbube.ch\/en\/wp-json\/wp\/v2\/product\/154510","targetHints":{"allow":["GET"]}}],"collection":[{"href":"https:\/\/pizbube.ch\/en\/wp-json\/wp\/v2\/product"}],"about":[{"href":"https:\/\/pizbube.ch\/en\/wp-json\/wp\/v2\/types\/product"}],"wp:featuredmedia":[{"embeddable":true,"href":"https:\/\/pizbube.ch\/en\/wp-json\/wp\/v2\/media\/32612"}],"wp:attachment":[{"href":"https:\/\/pizbube.ch\/en\/wp-json\/wp\/v2\/media?parent=154510"}],"wp:term":[{"taxonomy":"product_brand","embeddable":true,"href":"https:\/\/pizbube.ch\/en\/wp-json\/wp\/v2\/product_brand?post=154510"},{"taxonomy":"product_cat","embeddable":true,"href":"https:\/\/pizbube.ch\/en\/wp-json\/wp\/v2\/product_cat?post=154510"},{"taxonomy":"product_tag","embeddable":true,"href":"https:\/\/pizbube.ch\/en\/wp-json\/wp\/v2\/product_tag?post=154510"}],"curies":[{"name":"wp","href":"https:\/\/api.w.org\/{rel}","templated":true}]}}