{"id":154511,"date":"2021-01-15T14:34:01","date_gmt":"2021-01-15T14:34:01","guid":{"rendered":"https:\/\/codengine3.ch\/?product=import-placeholder-for-208478"},"modified":"2022-11-24T09:29:20","modified_gmt":"2022-11-24T08:29:20","slug":"das-alpenbuch","status":"publish","type":"product","link":"https:\/\/pizbube.ch\/en\/shop\/das-alpenbuch\/","title":{"rendered":"Das Alpenbuch"},"content":{"rendered":"<p>Das gro\u00dfe infografische Buch \u00fcber die Alpen.<\/p>\n<p>290 Seiten mit \u00fcber 1000 Illustrationen, Grafiken und Karten zu Geografie,<br \/>\nSportarten, Geschichte, Kultur, Naturschutz und vielem mehr. Verstehe die<br \/>\nAlpen wie nie zuvor.<\/p>\n<p>Das Alpenbuch umfasst 46 Einzelkapitel, aufgeteilt auf die sieben<br \/>\nThemenbereiche:<br \/>\nGeografie Flora und Fauna Klima und Umwelt Alpinismus Bergsport Gesellschaft<br \/>\nund Wirtschaft Kunst und Kultur<\/p>\n<p>290 Seiten; Gr\u00f6\u00dfe: 21 x 27 cm,<br \/>\nIn Zusammenarbeit mit den Alpenvereinen aus Deutschland, \u00d6sterreich und<br \/>\nS\u00fcdtirol.<\/p>","protected":false},"excerpt":{"rendered":"<p>Das gro\u00dfe infografische Buch \u00fcber die Alpen. 290 Seiten mit \u00fcber 1000 Illustrationen, Grafiken und Karten zu Geografie, Sportarten, Geschichte, Kultur, Naturschutz und vielem mehr. Verstehe die Alpen wie nie zuvor. Das Alpenbuch umfasst 46 Einzelkapitel, aufgeteilt auf die sieben Themenbereiche: Geografie Flora und Fauna Klima und Umwelt Alpinismus Bergsport Gesellschaft und Wirtschaft Kunst und [&#8230;]\n","protected":false},"featured_media":164643,"template":"","meta":[],"product_brand":[],"product_cat":[21542],"product_tag":[],"class_list":{"0":"post-154511","1":"product","2":"type-product","3":"status-publish","4":"has-post-thumbnail","6":"product_cat-sachbuecher-dokumentationen","7":"pa_autor-spiegel-weber-koecher","8":"pa_erscheinungsjahr-21558","9":"pa_region-deutschland","10":"pa_sprache-de","12":"first","13":"instock","14":"taxable","15":"shipping-taxable","16":"purchasable","17":"product-type-simple"},"_links":{"self":[{"href":"https:\/\/pizbube.ch\/en\/wp-json\/wp\/v2\/product\/154511","targetHints":{"allow":["GET"]}}],"collection":[{"href":"https:\/\/pizbube.ch\/en\/wp-json\/wp\/v2\/product"}],"about":[{"href":"https:\/\/pizbube.ch\/en\/wp-json\/wp\/v2\/types\/product"}],"wp:featuredmedia":[{"embeddable":true,"href":"https:\/\/pizbube.ch\/en\/wp-json\/wp\/v2\/media\/164643"}],"wp:attachment":[{"href":"https:\/\/pizbube.ch\/en\/wp-json\/wp\/v2\/media?parent=154511"}],"wp:term":[{"taxonomy":"product_brand","embeddable":true,"href":"https:\/\/pizbube.ch\/en\/wp-json\/wp\/v2\/product_brand?post=154511"},{"taxonomy":"product_cat","embeddable":true,"href":"https:\/\/pizbube.ch\/en\/wp-json\/wp\/v2\/product_cat?post=154511"},{"taxonomy":"product_tag","embeddable":true,"href":"https:\/\/pizbube.ch\/en\/wp-json\/wp\/v2\/product_tag?post=154511"}],"curies":[{"name":"wp","href":"https:\/\/api.w.org\/{rel}","templated":true}]}}