{"id":154513,"date":"2021-01-15T14:34:08","date_gmt":"2021-01-15T14:34:08","guid":{"rendered":"https:\/\/codengine3.ch\/?product=import-placeholder-for-204534"},"modified":"2023-06-29T12:15:28","modified_gmt":"2023-06-29T10:15:28","slug":"le-caroux-escalades","status":"publish","type":"product","link":"https:\/\/pizbube.ch\/en\/shop\/le-caroux-escalades\/","title":{"rendered":"Le Caroux escalades"},"content":{"rendered":"<p>Depuis longtemps, le Massif du Caroux m\u00e9ritait un topo d\u0092escalade \u00e0 la hauteur<br \/>\nde ses qualit\u00e9s. Voil\u00e0 qui est fait avec cet ouvrage de plus de 280 pages !!<\/p>\n<p>23 secteurs y sont d\u00e9crits, repr\u00e9sentant plus de 500 voies d\u0092escalade<\/p>\n<p>Chacun devrait y trouver son bonheur et profiter pleinement de ce magnifique<br \/>\nmassif.<\/p>\n<p>Pr\u00e9parez vos coinceurs, le Caroux vous attend !<br \/>\n256 pages<\/p>","protected":false},"excerpt":{"rendered":"<p>Depuis longtemps, le Massif du Caroux m\u00e9ritait un topo d\u0092escalade \u00e0 la hauteur de ses qualit\u00e9s. Voil\u00e0 qui est fait avec cet ouvrage de plus de 280 pages !! 23 secteurs y sont d\u00e9crits, repr\u00e9sentant plus de 500 voies d\u0092escalade Chacun devrait y trouver son bonheur et profiter pleinement de ce magnifique massif. Pr\u00e9parez vos [&#8230;]\n","protected":false},"featured_media":168309,"template":"","meta":[],"product_brand":[],"product_cat":[21539],"product_tag":[],"class_list":{"0":"post-154513","1":"product","2":"type-product","3":"status-publish","4":"has-post-thumbnail","6":"product_cat-fuehrerliteratur-sportklettern-bouldern","7":"pa_autor-foissier-rayna","8":"pa_erscheinungsjahr-27013","9":"pa_region-frankreich","10":"pa_sprache-fr","12":"first","13":"instock","14":"taxable","15":"shipping-taxable","16":"purchasable","17":"product-type-simple"},"_links":{"self":[{"href":"https:\/\/pizbube.ch\/en\/wp-json\/wp\/v2\/product\/154513","targetHints":{"allow":["GET"]}}],"collection":[{"href":"https:\/\/pizbube.ch\/en\/wp-json\/wp\/v2\/product"}],"about":[{"href":"https:\/\/pizbube.ch\/en\/wp-json\/wp\/v2\/types\/product"}],"wp:featuredmedia":[{"embeddable":true,"href":"https:\/\/pizbube.ch\/en\/wp-json\/wp\/v2\/media\/168309"}],"wp:attachment":[{"href":"https:\/\/pizbube.ch\/en\/wp-json\/wp\/v2\/media?parent=154513"}],"wp:term":[{"taxonomy":"product_brand","embeddable":true,"href":"https:\/\/pizbube.ch\/en\/wp-json\/wp\/v2\/product_brand?post=154513"},{"taxonomy":"product_cat","embeddable":true,"href":"https:\/\/pizbube.ch\/en\/wp-json\/wp\/v2\/product_cat?post=154513"},{"taxonomy":"product_tag","embeddable":true,"href":"https:\/\/pizbube.ch\/en\/wp-json\/wp\/v2\/product_tag?post=154513"}],"curies":[{"name":"wp","href":"https:\/\/api.w.org\/{rel}","templated":true}]}}