{"id":154514,"date":"2021-01-15T14:34:08","date_gmt":"2021-01-15T14:34:08","guid":{"rendered":"https:\/\/codengine3.ch\/?product=import-placeholder-for-207562"},"modified":"2021-01-15T16:04:37","modified_gmt":"2021-01-15T16:04:37","slug":"saint-jean-de-bueges-escalades","status":"publish","type":"product","link":"https:\/\/pizbube.ch\/en\/shop\/saint-jean-de-bueges-escalades\/","title":{"rendered":"Saint-Jean-de-Bu\u00e8ges Escalades"},"content":{"rendered":"<p>Le topo d&#8217;escalade de Saint-Jean-de-Bu\u00e8ges (inclus le Barrage Bertrand)<br \/>\nreprend l&#8217;ensemble des voies du site de Saint-Jean-de-Bu\u00e8ges,<br \/>\net fait suite au r\u00e9\u00e9quipement de l&#8217;automne 2015.<\/p>\n<p>68 voies sur le Tras Castel (dont 30 nouvelles longueurs), et en bonus le<br \/>\nMoulin de Bertrand.<\/p>","protected":false},"excerpt":{"rendered":"<p>Le topo d&#8217;escalade de Saint-Jean-de-Bu\u00e8ges (inclus le Barrage Bertrand) reprend l&#8217;ensemble des voies du site de Saint-Jean-de-Bu\u00e8ges, et fait suite au r\u00e9\u00e9quipement de l&#8217;automne 2015. 68 voies sur le Tras Castel (dont 30 nouvelles longueurs), et en bonus le Moulin de Bertrand.<\/p>","protected":false},"featured_media":37822,"template":"","meta":[],"product_brand":[],"product_cat":[21539],"product_tag":[],"class_list":{"0":"post-154514","1":"product","2":"type-product","3":"status-publish","4":"has-post-thumbnail","6":"product_cat-fuehrerliteratur-sportklettern-bouldern","7":"pa_autor-ffme-34","8":"pa_erscheinungsjahr-21571","9":"pa_region-frankreich","10":"pa_sprache-fr","12":"first","13":"instock","14":"taxable","15":"shipping-taxable","16":"purchasable","17":"product-type-simple"},"_links":{"self":[{"href":"https:\/\/pizbube.ch\/en\/wp-json\/wp\/v2\/product\/154514","targetHints":{"allow":["GET"]}}],"collection":[{"href":"https:\/\/pizbube.ch\/en\/wp-json\/wp\/v2\/product"}],"about":[{"href":"https:\/\/pizbube.ch\/en\/wp-json\/wp\/v2\/types\/product"}],"wp:featuredmedia":[{"embeddable":true,"href":"https:\/\/pizbube.ch\/en\/wp-json\/wp\/v2\/media\/37822"}],"wp:attachment":[{"href":"https:\/\/pizbube.ch\/en\/wp-json\/wp\/v2\/media?parent=154514"}],"wp:term":[{"taxonomy":"product_brand","embeddable":true,"href":"https:\/\/pizbube.ch\/en\/wp-json\/wp\/v2\/product_brand?post=154514"},{"taxonomy":"product_cat","embeddable":true,"href":"https:\/\/pizbube.ch\/en\/wp-json\/wp\/v2\/product_cat?post=154514"},{"taxonomy":"product_tag","embeddable":true,"href":"https:\/\/pizbube.ch\/en\/wp-json\/wp\/v2\/product_tag?post=154514"}],"curies":[{"name":"wp","href":"https:\/\/api.w.org\/{rel}","templated":true}]}}