{"id":154515,"date":"2021-01-15T14:34:08","date_gmt":"2021-01-15T14:34:08","guid":{"rendered":"https:\/\/codengine3.ch\/?product=import-placeholder-for-208730"},"modified":"2025-04-16T10:44:29","modified_gmt":"2025-04-16T08:44:29","slug":"escalades-dans-les-massifs-du-haut-languedoc","status":"publish","type":"product","link":"https:\/\/pizbube.ch\/en\/shop\/escalades-dans-les-massifs-du-haut-languedoc\/","title":{"rendered":"Escalades dans les massifs du Haut-Languedoc"},"content":{"rendered":"<p>Fauzan gorge de la Cesse, Tr\u00e9menal, Saint Chinian Notre-Dame de Nazareth,<br \/>\nRoquebrun, Landeyran, B\u00e9darieux roc rouge, B\u00e9darieux caussanel, Vailhan, Pic<br \/>\nde Vissou.<\/p>\n<p>Pr\u00e8s de 600 voies d&#8217;escalade d\u00e9crites et tout \u00e7a dans un rayon de 50<br \/>\nkilom\u00e8tres dans les massifs du Haut-Languedoc.<br \/>\nDe quoi donner le tournis !<\/p>","protected":false},"excerpt":{"rendered":"<p>Fauzan gorge de la Cesse, Tr\u00e9menal, Saint Chinian Notre-Dame de Nazareth, Roquebrun, Landeyran, B\u00e9darieux roc rouge, B\u00e9darieux caussanel, Vailhan, Pic de Vissou. Pr\u00e8s de 600 voies d&#8217;escalade d\u00e9crites et tout \u00e7a dans un rayon de 50 kilom\u00e8tres dans les massifs du Haut-Languedoc. De quoi donner le tournis !<\/p>","protected":false},"featured_media":41207,"template":"","meta":[],"product_brand":[],"product_cat":[21539],"product_tag":[],"class_list":{"0":"post-154515","1":"product","2":"type-product","3":"status-publish","4":"has-post-thumbnail","6":"product_cat-fuehrerliteratur-sportklettern-bouldern","7":"pa_autor-foissier","8":"pa_erscheinungsjahr-21571","9":"pa_region-frankreich","10":"pa_sprache-fr","12":"first","13":"outofstock","14":"taxable","15":"shipping-taxable","16":"purchasable","17":"product-type-simple"},"_links":{"self":[{"href":"https:\/\/pizbube.ch\/en\/wp-json\/wp\/v2\/product\/154515","targetHints":{"allow":["GET"]}}],"collection":[{"href":"https:\/\/pizbube.ch\/en\/wp-json\/wp\/v2\/product"}],"about":[{"href":"https:\/\/pizbube.ch\/en\/wp-json\/wp\/v2\/types\/product"}],"wp:featuredmedia":[{"embeddable":true,"href":"https:\/\/pizbube.ch\/en\/wp-json\/wp\/v2\/media\/41207"}],"wp:attachment":[{"href":"https:\/\/pizbube.ch\/en\/wp-json\/wp\/v2\/media?parent=154515"}],"wp:term":[{"taxonomy":"product_brand","embeddable":true,"href":"https:\/\/pizbube.ch\/en\/wp-json\/wp\/v2\/product_brand?post=154515"},{"taxonomy":"product_cat","embeddable":true,"href":"https:\/\/pizbube.ch\/en\/wp-json\/wp\/v2\/product_cat?post=154515"},{"taxonomy":"product_tag","embeddable":true,"href":"https:\/\/pizbube.ch\/en\/wp-json\/wp\/v2\/product_tag?post=154515"}],"curies":[{"name":"wp","href":"https:\/\/api.w.org\/{rel}","templated":true}]}}