{"id":154521,"date":"2021-01-15T14:34:11","date_gmt":"2021-01-15T14:34:11","guid":{"rendered":"https:\/\/codengine3.ch\/?product=import-placeholder-for-204548"},"modified":"2022-05-03T10:55:04","modified_gmt":"2022-05-03T08:55:04","slug":"nationalpark-schwarzwald-40-touren","status":"publish","type":"product","link":"https:\/\/pizbube.ch\/en\/shop\/nationalpark-schwarzwald-40-touren\/","title":{"rendered":"Nationalpark Schwarzwald &#8211; 40 Touren"},"content":{"rendered":"<p>Erholungs- und Wanderparadies Schwarzwald \u2013 das ist schon f\u00fcr sich ein Traum!<br \/>\nZu toppen ist es nur durch das Ambiente des ersten Nationalparks in Baden-<br \/>\nW\u00fcrttemberg. Hier darf sich der Urwald von morgen entwickeln, und der Wanderer<br \/>\nerlebt die Natur ohne den Eingriff menschlicher T\u00e4tigkeit.<\/p>\n<p>Der erfahrene und zertifizierte Wanderf\u00fchrer Martin Kuhnle f\u00fchrt Sie in diesem<br \/>\nRother Wanderbuch Nationalpark Schwarzwald auf Touren, die alle Aspekte des<br \/>\nWaldes abbilden, und auch vom Anspruch her ist f\u00fcr jeden etwas dabei, von der<br \/>\ngem\u00fctlichen Familien-Nachmittagsrunde bis zur fordernden Bergtour. Zahlreiche<br \/>\nInfoboxen beschreiben Wissenswertes zu Geschichte, Geologie und vielem mehr.<\/p>\n<p>Sorgf\u00e4ltig recherchierte Touren, verl\u00e4ssliche Wegbeschreibungen, detaillierte<br \/>\nInformationen zu Einkehr und Anforderungen sowie aussagekr\u00e4ftige H\u00f6henprofile<br \/>\nund detaillierte Kartenausschnitte machen alle Tourenvorschl\u00e4ge leicht und<br \/>\nsicher nachvollziehbar. Erg\u00e4nzend stehen GPS-Daten zum Download bereit.<br \/>\nZahlreiche Fotos stimmen auf ein genussvolles Wandern ein.<\/p>\n<p>1. Auflage 2018; 160 Seiten mit 117 Farbabbildungen<br \/>\n40 H\u00f6henprofile, 40 Wanderk\u00e4rtchen im Ma\u00dfstab 1:25.000\/1:50.000,<br \/>\n\u00dcbersichtskarte, Tourenmatrix, GPS-Daten zum Download<\/p>","protected":false},"excerpt":{"rendered":"<ul>\n<li><a href=\"https:\/\/pizbube.ch\/wp-content\/uploads\/attachments\/a_014\/51A586F6F6A05EBF7BEAC1649866F033.pdf\" target=\"_blank\" rel=\"noopener\">PDF: nationalpark_schwarzwald_inhalt.pdf<\/a><\/li>\n<\/ul>","protected":false},"featured_media":161771,"template":"","meta":[],"product_brand":[],"product_cat":[21605],"product_tag":[],"class_list":{"0":"post-154521","1":"product","2":"type-product","3":"status-publish","4":"has-post-thumbnail","6":"product_cat-wanderfuehrer-trekking","7":"pa_autor-kuhnle","8":"pa_erscheinungsjahr-21546","9":"pa_region-deutschland","10":"pa_sprache-de","12":"first","13":"instock","14":"taxable","15":"shipping-taxable","16":"purchasable","17":"product-type-simple"},"_links":{"self":[{"href":"https:\/\/pizbube.ch\/en\/wp-json\/wp\/v2\/product\/154521","targetHints":{"allow":["GET"]}}],"collection":[{"href":"https:\/\/pizbube.ch\/en\/wp-json\/wp\/v2\/product"}],"about":[{"href":"https:\/\/pizbube.ch\/en\/wp-json\/wp\/v2\/types\/product"}],"wp:featuredmedia":[{"embeddable":true,"href":"https:\/\/pizbube.ch\/en\/wp-json\/wp\/v2\/media\/161771"}],"wp:attachment":[{"href":"https:\/\/pizbube.ch\/en\/wp-json\/wp\/v2\/media?parent=154521"}],"wp:term":[{"taxonomy":"product_brand","embeddable":true,"href":"https:\/\/pizbube.ch\/en\/wp-json\/wp\/v2\/product_brand?post=154521"},{"taxonomy":"product_cat","embeddable":true,"href":"https:\/\/pizbube.ch\/en\/wp-json\/wp\/v2\/product_cat?post=154521"},{"taxonomy":"product_tag","embeddable":true,"href":"https:\/\/pizbube.ch\/en\/wp-json\/wp\/v2\/product_tag?post=154521"}],"curies":[{"name":"wp","href":"https:\/\/api.w.org\/{rel}","templated":true}]}}