{"id":154522,"date":"2021-01-15T14:34:11","date_gmt":"2021-01-15T14:34:11","guid":{"rendered":"https:\/\/codengine3.ch\/?product=import-placeholder-for-206329"},"modified":"2021-01-15T14:48:08","modified_gmt":"2021-01-15T14:48:08","slug":"schwarzwald-sued-150000","status":"publish","type":"product","link":"https:\/\/pizbube.ch\/en\/shop\/schwarzwald-sued-150000\/","title":{"rendered":"Schwarzwald S\u00fcd 1:50&#8217;000"},"content":{"rendered":"<p>Schwarzwald S\u00fcd KOMPASS-Wanderkarten WK 887  <\/p>\n<p>2 Wanderkarten mit Radrouten + 1 Naturf\u00fchrer Wiesenblumen.<\/p>\n<p>&#8211; Im S\u00fcden der Ferienregion Schwarzwald warten mit Feldberg (1493 m),<br \/>\nBelchen, Schauinsland und Herzogenhorn die h\u00f6chsten Berge<br \/>\ndes Schwarzwaldes. Schluchsee und Titisee erg\u00e4nzen das Freizeitangebot f\u00fcr<br \/>\nwander- und radbegeisterte Urlauber.<\/p>\n<p>&#8211; Zwischen Triberg im Norden, dem Rhein im Westen und Waldshut-Tiengen im<br \/>\nS\u00fcden erstreckt sich das Kartengebiet der KOMPASS Karte Schwarzwald S\u00fcd und<br \/>\numfasst damit in etwa das Gebiet des gleichnamigen Naturparks.<\/p>\n<p>&#8211; Die ber\u00fchmten Schwarzwaldh\u00f6fe, wildromantische Schluchten, Wiesen,<br \/>\nWeinberge, W\u00e4lder und idyllische St\u00e4dte und Orte bilden den idealen Rahmen f\u00fcr<br \/>\nausgedehnte Wanderungen und Radtouren. Der Querweg durch den Hotzenwald, die<br \/>\nWeinwanderwege in Rheinn\u00e4he oder die 160 km Wanderroute rund um den Feldberg &#8211;<br \/>\nalles drin in dieser KOMPASS Karte.<\/p>","protected":false},"excerpt":{"rendered":"<p>Schwarzwald S\u00fcd KOMPASS-Wanderkarten WK 887 2 Wanderkarten mit Radrouten + 1 Naturf\u00fchrer Wiesenblumen. &#8211; Im S\u00fcden der Ferienregion Schwarzwald warten mit Feldberg (1493 m), Belchen, Schauinsland und Herzogenhorn die h\u00f6chsten Berge des Schwarzwaldes. Schluchsee und Titisee erg\u00e4nzen das Freizeitangebot f\u00fcr wander- und radbegeisterte Urlauber. &#8211; Zwischen Triberg im Norden, dem Rhein im Westen und Waldshut-Tiengen [&#8230;]\n","protected":false},"featured_media":38296,"template":"","meta":[],"product_brand":[],"product_cat":[21543],"product_tag":[],"class_list":{"0":"post-154522","1":"product","2":"type-product","3":"status-publish","4":"has-post-thumbnail","6":"product_cat-landkarten","7":"pa_autor-kompass","8":"pa_erscheinungsjahr-21597","9":"pa_region-deutschland","10":"pa_sprache-de","12":"first","13":"instock","14":"taxable","15":"shipping-taxable","16":"purchasable","17":"product-type-simple"},"_links":{"self":[{"href":"https:\/\/pizbube.ch\/en\/wp-json\/wp\/v2\/product\/154522","targetHints":{"allow":["GET"]}}],"collection":[{"href":"https:\/\/pizbube.ch\/en\/wp-json\/wp\/v2\/product"}],"about":[{"href":"https:\/\/pizbube.ch\/en\/wp-json\/wp\/v2\/types\/product"}],"wp:featuredmedia":[{"embeddable":true,"href":"https:\/\/pizbube.ch\/en\/wp-json\/wp\/v2\/media\/38296"}],"wp:attachment":[{"href":"https:\/\/pizbube.ch\/en\/wp-json\/wp\/v2\/media?parent=154522"}],"wp:term":[{"taxonomy":"product_brand","embeddable":true,"href":"https:\/\/pizbube.ch\/en\/wp-json\/wp\/v2\/product_brand?post=154522"},{"taxonomy":"product_cat","embeddable":true,"href":"https:\/\/pizbube.ch\/en\/wp-json\/wp\/v2\/product_cat?post=154522"},{"taxonomy":"product_tag","embeddable":true,"href":"https:\/\/pizbube.ch\/en\/wp-json\/wp\/v2\/product_tag?post=154522"}],"curies":[{"name":"wp","href":"https:\/\/api.w.org\/{rel}","templated":true}]}}