{"id":154524,"date":"2021-01-15T14:34:20","date_gmt":"2021-01-15T14:34:20","guid":{"rendered":"https:\/\/codengine3.ch\/?product=import-placeholder-for-207672"},"modified":"2022-09-08T09:07:35","modified_gmt":"2022-09-08T07:07:35","slug":"le-ciel-pour-linceul","status":"publish","type":"product","link":"https:\/\/pizbube.ch\/en\/shop\/le-ciel-pour-linceul\/","title":{"rendered":"Le ciel pour linceul"},"content":{"rendered":"<p>L&#8217;incroyable histoire de la journ\u00e9e la plus meurtri\u00e8re du K2<\/p>\n<p>En ce jour ensoleill\u00e9 ao\u00fbt 2008, onze alpinistes meurent pr\u00e8s du sommet du K2.<br \/>\nLe ciel pour linceul est l&#8217;un des meilleurs ouvrages qui ait et\u00e9 \u00e9crit sur<br \/>\ncette trag\u00e9die, et sur ce qui s&#8217;est pass\u00e9 sur la montagne ce jour-l\u00e0.<\/p>\n<p>Le 2 ao\u00fbt 2008, au K2, ils \u00e9taient am\u00e9ricains, su\u00e9dois, hollandais, espagnols,<br \/>\nfran\u00e7ais, italiens, serbes, cor\u00e9ens. Dans cet ouvrage, les auteurs se placent<br \/>\ndu point de vue des sherpas n\u00e9palais et des porteurs pakistanais, sans qui la<br \/>\ncatastrophe aurait \u00e9t\u00e9 encore plus grave.<\/p>\n<p>Ils ne jugent pas les comportements des alpinistes occidentaux ou asiatiques,<br \/>\nmais r\u00e9v\u00e8lent les actes h\u00e9ro\u00efques des sherpas en altitude et apportent un<br \/>\n\u00e9clairage sur leur immense talent, la force et la loyaut\u00e9 dont ils ont fait<br \/>\npreuve. Quand la plupart des grimpeurs faiblissaient dans la descente du<br \/>\nsommet du K2, les sherpas d\u00e9j\u00e0 descendus au dernier camp d&#8217;altitude<br \/>\nremontaient leur porter secours, risquant \u00e0 nouveau leur vie.<\/p>\n<p>La vie de ces hommes natifs de l&#8217;Himalaya, travailleurs infatigables qui<br \/>\nrisquent tout pour satisfaire les ambitions de ceux qui les emploient, nous<br \/>\nest d\u00e9crite et nous r\u00e9v\u00e8le leurs croyances, leurs traditions et leurs valeurs.<br \/>\nOn d\u00e9couvre ainsi ces personnages, peu \u00e9voqu\u00e9s, voire inexistants dans la<br \/>\nmajorit\u00e9 des r\u00e9cits d&#8217;ascension en Himalaya, avec leurs peurs et leurs<br \/>\nespoirs&#8230;<\/p>","protected":false},"excerpt":{"rendered":"<p>L&#8217;incroyable histoire de la journ\u00e9e la plus meurtri\u00e8re du K2 En ce jour ensoleill\u00e9 ao\u00fbt 2008, onze alpinistes meurent pr\u00e8s du sommet du K2. Le ciel pour linceul est l&#8217;un des meilleurs ouvrages qui ait et\u00e9 \u00e9crit sur cette trag\u00e9die, et sur ce qui s&#8217;est pass\u00e9 sur la montagne ce jour-l\u00e0. Le 2 ao\u00fbt 2008, [&#8230;]\n","protected":false},"featured_media":38133,"template":"","meta":[],"product_brand":[],"product_cat":[21542],"product_tag":[],"class_list":{"0":"post-154524","1":"product","2":"type-product","3":"status-publish","4":"has-post-thumbnail","6":"product_cat-sachbuecher-dokumentationen","7":"pa_autor-zuckerman-padoan","8":"pa_erscheinungsjahr-21546","9":"pa_region-asien","10":"pa_sprache-fr","12":"first","13":"instock","14":"taxable","15":"shipping-taxable","16":"purchasable","17":"product-type-simple"},"_links":{"self":[{"href":"https:\/\/pizbube.ch\/en\/wp-json\/wp\/v2\/product\/154524","targetHints":{"allow":["GET"]}}],"collection":[{"href":"https:\/\/pizbube.ch\/en\/wp-json\/wp\/v2\/product"}],"about":[{"href":"https:\/\/pizbube.ch\/en\/wp-json\/wp\/v2\/types\/product"}],"wp:featuredmedia":[{"embeddable":true,"href":"https:\/\/pizbube.ch\/en\/wp-json\/wp\/v2\/media\/38133"}],"wp:attachment":[{"href":"https:\/\/pizbube.ch\/en\/wp-json\/wp\/v2\/media?parent=154524"}],"wp:term":[{"taxonomy":"product_brand","embeddable":true,"href":"https:\/\/pizbube.ch\/en\/wp-json\/wp\/v2\/product_brand?post=154524"},{"taxonomy":"product_cat","embeddable":true,"href":"https:\/\/pizbube.ch\/en\/wp-json\/wp\/v2\/product_cat?post=154524"},{"taxonomy":"product_tag","embeddable":true,"href":"https:\/\/pizbube.ch\/en\/wp-json\/wp\/v2\/product_tag?post=154524"}],"curies":[{"name":"wp","href":"https:\/\/api.w.org\/{rel}","templated":true}]}}