{"id":154525,"date":"2021-01-15T14:34:20","date_gmt":"2021-01-15T14:34:20","guid":{"rendered":"https:\/\/codengine3.ch\/?product=import-placeholder-for-204563"},"modified":"2021-01-15T14:34:26","modified_gmt":"2021-01-15T14:34:26","slug":"wandern-ist-doof","status":"publish","type":"product","link":"https:\/\/pizbube.ch\/en\/shop\/wandern-ist-doof\/","title":{"rendered":"Wandern ist doof"},"content":{"rendered":"<p>Ein Kreuzwortr\u00e4tsel mit Folgen&#8230;<\/p>\n<p>Die Frankfurterin Conny hat bei einem Kreuzwortr\u00e4tsel zw\u00f6lf Tage Ferien<br \/>\ngewonnen. Ferien in der Schweiz. In der Urschweiz. Ferien im schwyzerischen<br \/>\nMorschach. Der Gewinn kommt f\u00fcr die Hotelrezeptionistin, die gerade<br \/>\nLiebeskummer hat, wie gerufen. Doch die Freude w\u00e4hrt nur so lange, bis ihr<br \/>\nklar wird: Diese Ferien sind als Wander- und Fastenreise f\u00fcr Singles<br \/>\nausgeschrieben.<\/p>\n<p>Conny will absagen, denn sie wei\u00df genau: Wandern ist doof. Fasten ist doof.<br \/>\nUnd M\u00e4nner sind erst recht doof. Dank der \u00dcberredungskunst ihrer Freundin<br \/>\nAndrea f\u00e4hrt sie trotzdem hin. Im Gep\u00e4ck ihre neu gekauften Wanderschuhe und<br \/>\ndie geliehenen Wanderst\u00f6cke, den Rucksack und die Thermosflasche. Im Herzen<br \/>\ndie Gewissheit, das wird vor allem eines &#8211; verlorene Zeit.  <\/p>","protected":false},"excerpt":{"rendered":"<p>Ein Kreuzwortr\u00e4tsel mit Folgen&#8230; Die Frankfurterin Conny hat bei einem Kreuzwortr\u00e4tsel zw\u00f6lf Tage Ferien gewonnen. Ferien in der Schweiz. In der Urschweiz. Ferien im schwyzerischen Morschach. Der Gewinn kommt f\u00fcr die Hotelrezeptionistin, die gerade Liebeskummer hat, wie gerufen. Doch die Freude w\u00e4hrt nur so lange, bis ihr klar wird: Diese Ferien sind als Wander- und [&#8230;]\n","protected":false},"featured_media":32667,"template":"","meta":[],"product_brand":[],"product_cat":[21629],"product_tag":[],"class_list":{"0":"post-154525","1":"product","2":"type-product","3":"status-publish","4":"has-post-thumbnail","6":"product_cat-belletristik","7":"pa_autor-imboden","8":"pa_erscheinungsjahr-21597","9":"pa_region-schweiz","10":"pa_sprache-de","12":"first","13":"instock","14":"taxable","15":"shipping-taxable","16":"purchasable","17":"product-type-simple"},"_links":{"self":[{"href":"https:\/\/pizbube.ch\/en\/wp-json\/wp\/v2\/product\/154525","targetHints":{"allow":["GET"]}}],"collection":[{"href":"https:\/\/pizbube.ch\/en\/wp-json\/wp\/v2\/product"}],"about":[{"href":"https:\/\/pizbube.ch\/en\/wp-json\/wp\/v2\/types\/product"}],"wp:featuredmedia":[{"embeddable":true,"href":"https:\/\/pizbube.ch\/en\/wp-json\/wp\/v2\/media\/32667"}],"wp:attachment":[{"href":"https:\/\/pizbube.ch\/en\/wp-json\/wp\/v2\/media?parent=154525"}],"wp:term":[{"taxonomy":"product_brand","embeddable":true,"href":"https:\/\/pizbube.ch\/en\/wp-json\/wp\/v2\/product_brand?post=154525"},{"taxonomy":"product_cat","embeddable":true,"href":"https:\/\/pizbube.ch\/en\/wp-json\/wp\/v2\/product_cat?post=154525"},{"taxonomy":"product_tag","embeddable":true,"href":"https:\/\/pizbube.ch\/en\/wp-json\/wp\/v2\/product_tag?post=154525"}],"curies":[{"name":"wp","href":"https:\/\/api.w.org\/{rel}","templated":true}]}}