{"id":154526,"date":"2021-01-15T14:34:28","date_gmt":"2021-01-15T14:34:28","guid":{"rendered":"https:\/\/codengine3.ch\/?product=import-placeholder-for-207260"},"modified":"2024-09-27T12:35:41","modified_gmt":"2024-09-27T10:35:41","slug":"der-schmale-grat-dramen-am-berg","status":"publish","type":"product","link":"https:\/\/pizbube.ch\/en\/shop\/der-schmale-grat-dramen-am-berg\/","title":{"rendered":"Der schmale Grat &#8211; Dramen am Berg"},"content":{"rendered":"<p>Vielen Extrembergsteigern gelang es immer wieder, den schmalen Grat zwischen<br \/>\nDurchkommen und Umkommen ohne gravierenden Unfall zu beschreiten. Manchmal<br \/>\naber waren, wie bei Joe Simpson und Doug Scott, fast \u00fcbermenschliche<br \/>\nLeistungen n\u00f6tig, um in die Welt der Lebenden zur\u00fcckzukehren.<\/p>\n<p>Andere wiederum hatten weniger Gl\u00fcck und bisweilen f\u00fchrten sie auch kleinste<br \/>\nFehler ins Verh\u00e4ngnis. Und auch wenn sie \u00fcberlebten, so m\u00fcssen doch einige von<br \/>\nihnen ihr Leben mit schweren Behinderungen meistern. Dies hielt sie meist aber<br \/>\nnicht davon ab, nach wie vor in ihre geliebten Berge zu gehen.<\/p>\n<p>Von beiden ist in diesem Buch die Rede, unter ihnen bekannte Namen wie Walter<br \/>\nBonatti, Ren\u00e9 Desmaison, Pierre Mazeaud, Jerzy Kukuczka oder Wanda Rutkiewicz,<br \/>\naber auch nahezu Unbekannte wie die jungen Deutschen Thomas Burger und Holger<br \/>\nWendel, die Franzosen Bruno Poiti\u00e9 und Bruno Pratt oder die Schotten Jamie<br \/>\nAndrew und Jamie Fisher.<\/p>\n<p>Die Schilderungen der zehn Bergdramen werden jeweils durch einen Zusatztext<br \/>\nerg\u00e4nzt, erweitert und vertieft.<\/p>\n<p>256 Seiten, Format 21,0 x 14,5 cm, zahlreiche SW-Abbildungen, darunter viele<br \/>\nOriginalfotos<\/p>","protected":false},"excerpt":{"rendered":"<p>Vielen Extrembergsteigern gelang es immer wieder, den schmalen Grat zwischen Durchkommen und Umkommen ohne gravierenden Unfall zu beschreiten. Manchmal aber waren, wie bei Joe Simpson und Doug Scott, fast \u00fcbermenschliche Leistungen n\u00f6tig, um in die Welt der Lebenden zur\u00fcckzukehren. Andere wiederum hatten weniger Gl\u00fcck und bisweilen f\u00fchrten sie auch kleinste Fehler ins Verh\u00e4ngnis. Und auch [&#8230;]\n","protected":false},"featured_media":36947,"template":"","meta":[],"product_brand":[],"product_cat":[21542],"product_tag":[],"class_list":{"0":"post-154526","1":"product","2":"type-product","3":"status-publish","4":"has-post-thumbnail","6":"product_cat-sachbuecher-dokumentationen","7":"pa_autor-remanofsky","8":"pa_erscheinungsjahr-21571","9":"pa_region-oesterreich","10":"pa_sprache-de","12":"first","13":"outofstock","14":"taxable","15":"shipping-taxable","16":"purchasable","17":"product-type-simple"},"_links":{"self":[{"href":"https:\/\/pizbube.ch\/en\/wp-json\/wp\/v2\/product\/154526","targetHints":{"allow":["GET"]}}],"collection":[{"href":"https:\/\/pizbube.ch\/en\/wp-json\/wp\/v2\/product"}],"about":[{"href":"https:\/\/pizbube.ch\/en\/wp-json\/wp\/v2\/types\/product"}],"wp:featuredmedia":[{"embeddable":true,"href":"https:\/\/pizbube.ch\/en\/wp-json\/wp\/v2\/media\/36947"}],"wp:attachment":[{"href":"https:\/\/pizbube.ch\/en\/wp-json\/wp\/v2\/media?parent=154526"}],"wp:term":[{"taxonomy":"product_brand","embeddable":true,"href":"https:\/\/pizbube.ch\/en\/wp-json\/wp\/v2\/product_brand?post=154526"},{"taxonomy":"product_cat","embeddable":true,"href":"https:\/\/pizbube.ch\/en\/wp-json\/wp\/v2\/product_cat?post=154526"},{"taxonomy":"product_tag","embeddable":true,"href":"https:\/\/pizbube.ch\/en\/wp-json\/wp\/v2\/product_tag?post=154526"}],"curies":[{"name":"wp","href":"https:\/\/api.w.org\/{rel}","templated":true}]}}