{"id":154538,"date":"2021-01-15T14:34:43","date_gmt":"2021-01-15T14:34:43","guid":{"rendered":"https:\/\/codengine3.ch\/?product=import-placeholder-for-207599"},"modified":"2024-03-13T10:59:34","modified_gmt":"2024-03-13T09:59:34","slug":"asturien-die-schoensten-kuesten-und-bergwanderungen","status":"publish","type":"product","link":"https:\/\/pizbube.ch\/en\/shop\/asturien-die-schoensten-kuesten-und-bergwanderungen\/","title":{"rendered":"Asturien &#8211; Die sch\u00f6nsten K\u00fcsten- und Bergwanderungen"},"content":{"rendered":"<p>Sattgr\u00fcne Almen, aromatisch duftende Matten, freundliches Kuhglockengel\u00e4ut<br \/>\nzwischen schroffen Gipfeln. Friedliche Bergd\u00f6rfer, einsame Pfade und obendrauf<br \/>\nnoch eine ebenso vielf\u00e4ltige wie k\u00f6stliche Gastronomie. Die Schweiz? Nein, das<br \/>\nkleine Asturien an Spaniens Nordk\u00fcste.<\/p>\n<p>Der Rother Wanderf\u00fchrer \u00bbAsturien\u00ab stellt mit 50 ausgew\u00e4hlten Touren diese<br \/>\nnoch eher unbekannte Region vor, die dem Land der Eidgenossen in vielem<br \/>\n\u00e4hnelt, in einem aber unschlagbar ist: Der Atlantik liegt direkt vor der T\u00fcr<br \/>\nund punktet mit faszinierenden Felsk\u00fcsten, malerischen Sandbuchten und<br \/>\nromantischen Fischerd\u00f6rfern. Und auch das ist einzigartig: Rund ein Drittel<br \/>\nder Fl\u00e4che Asturiens steht unter Naturschutz.<\/p>\n<p>Auf unz\u00e4hligen Wanderpfaden l\u00e4sst sich die ganze Bandbreite dieses<br \/>\nNaturparadieses erleben: Von Touren entlang der K\u00fcste, durch wilde Schluchten<br \/>\nund bis hinauf in \u00fcber 2000 m hohe alpine Regionen, wie zum Beispiel die<br \/>\nAufstiege auf die Pe\u00f1a Ubi\u00f1a (2417 m) oder den El Corn\u00f3n (2188 m). Dabei ist<br \/>\nf\u00fcr jeden Geschmack etwas dabei, vieles ist auch f\u00fcr Familien mit Kindern<br \/>\ngeeignet.<\/p>\n<p>Die Autoren Susann He\u00dfe und \u00c1ngel \u00c1lvarez Mu\u00f1\u00edz leben in bzw. stammen aus<br \/>\nAsturien und kennen jeden Winkel der Region. Sie nehmen die Leser mit auf ihre<br \/>\nLieblingstouren und zeigen, wo Asturien am Sch\u00f6nsten ist. Dabei denken sie<br \/>\nimmer auch an die ganz kleinen Wanderer, die an Badeb\u00e4chen, beim Besuch<br \/>\nkeltischer Ausgrabungen oder beim Beobachten von B\u00e4ren auf ihre Kosten kommen.<\/p>\n<p>Neben den genauen Wegbeschreibungen, erg\u00e4nzt mit Routenk\u00e4rtchen und<br \/>\nH\u00f6henprofilen, gibt es zu jeder Tour hilfreiche Informationen und Tipps zu<br \/>\nEinkehr- und \u00dcbernachtungsm\u00f6glichkeiten. Zudem stehen die GPS-Tracks zu allen<br \/>\nWegen auf der Homepage des Bergverlag Rother zum kostenlosen Download bereit.<\/p>\n<p>2. Auflage 2023; 176 Seiten mit 110 Farbabbildungen<br \/>\n50 H\u00f6henprofile, 50 Wanderk\u00e4rtchen \u00fcberwiegend im Ma\u00dfstab 1:50.000, eine<br \/>\n\u00dcbersichtskarte, GPS-Tracks zum Download<\/p>","protected":false},"excerpt":{"rendered":"<p>Sattgr\u00fcne Almen, aromatisch duftende Matten, freundliches Kuhglockengel\u00e4ut zwischen schroffen Gipfeln. Friedliche Bergd\u00f6rfer, einsame Pfade und obendrauf noch eine ebenso vielf\u00e4ltige wie k\u00f6stliche Gastronomie. Die Schweiz? Nein, das kleine Asturien an Spaniens Nordk\u00fcste. Der Rother Wanderf\u00fchrer \u00bbAsturien\u00ab stellt mit 50 ausgew\u00e4hlten Touren diese noch eher unbekannte Region vor, die dem Land der Eidgenossen in vielem \u00e4hnelt, [&#8230;]\n","protected":false},"featured_media":168425,"template":"","meta":[],"product_brand":[],"product_cat":[21605],"product_tag":[],"class_list":{"0":"post-154538","1":"product","2":"type-product","3":"status-publish","4":"has-post-thumbnail","6":"product_cat-wanderfuehrer-trekking","7":"pa_autor-hesse-muniz","8":"pa_erscheinungsjahr-27129","9":"pa_region-spanien","10":"pa_sprache-de","12":"first","13":"instock","14":"taxable","15":"shipping-taxable","16":"purchasable","17":"product-type-simple"},"_links":{"self":[{"href":"https:\/\/pizbube.ch\/en\/wp-json\/wp\/v2\/product\/154538","targetHints":{"allow":["GET"]}}],"collection":[{"href":"https:\/\/pizbube.ch\/en\/wp-json\/wp\/v2\/product"}],"about":[{"href":"https:\/\/pizbube.ch\/en\/wp-json\/wp\/v2\/types\/product"}],"wp:featuredmedia":[{"embeddable":true,"href":"https:\/\/pizbube.ch\/en\/wp-json\/wp\/v2\/media\/168425"}],"wp:attachment":[{"href":"https:\/\/pizbube.ch\/en\/wp-json\/wp\/v2\/media?parent=154538"}],"wp:term":[{"taxonomy":"product_brand","embeddable":true,"href":"https:\/\/pizbube.ch\/en\/wp-json\/wp\/v2\/product_brand?post=154538"},{"taxonomy":"product_cat","embeddable":true,"href":"https:\/\/pizbube.ch\/en\/wp-json\/wp\/v2\/product_cat?post=154538"},{"taxonomy":"product_tag","embeddable":true,"href":"https:\/\/pizbube.ch\/en\/wp-json\/wp\/v2\/product_tag?post=154538"}],"curies":[{"name":"wp","href":"https:\/\/api.w.org\/{rel}","templated":true}]}}