{"id":154539,"date":"2021-01-15T14:34:44","date_gmt":"2021-01-15T14:34:44","guid":{"rendered":"https:\/\/codengine3.ch\/?product=import-placeholder-for-204605"},"modified":"2021-01-15T14:34:48","modified_gmt":"2021-01-15T14:34:48","slug":"suedtirol-ost-eisacktal-pustertal-dolomiten","status":"publish","type":"product","link":"https:\/\/pizbube.ch\/en\/shop\/suedtirol-ost-eisacktal-pustertal-dolomiten\/","title":{"rendered":"S\u00fcdtirol Ost: Eisacktal \u2013 Pustertal \u2013 Dolomiten"},"content":{"rendered":"<p>\n53 Touren zwischen Sterzing und Sexten \u2013 mit Pfunderer H\u00f6henweg  <\/p>\n<p>S\u00fcdtirols Osten: Das sind die Dolomiten \u2013 aber nicht nur! Neben dem<br \/>\nspektakul\u00e4ren Felsgebirge gibt es um das Eisack- und Pustertal auch<br \/>\nLandschaften mit ganz anderem Charakter: weniger schroff und still wie die<br \/>\nSarntaler Alpen oder die Pfunderer Berge und vergletscherte<br \/>\nHochgebirgsregionen wie die s\u00fcdlichen Stubaier und Zillertaler Alpen. Das<br \/>\nRother Wanderbuch \u00bbS\u00fcdtirol Ost\u00ab stellt 53 herrliche Wandertouren vor, die<br \/>\nS\u00fcdtirol zwischen Brenner, Bozen und Innichen erschlie\u00dfen.  <\/p>\n<p>Die Auswahl umfasst beliebte Klassiker und stille Geheimtipps, Almwanderungen<br \/>\nf\u00fcr Familien und aussichtsreiche Bergtouren auf grandiose Dreitausender. Eine<br \/>\nanspruchsvolle Bergtour auf den Hochfeiler, den h\u00f6chsten Berg der Zillertaler<br \/>\nAlpen, ist ebenso dabei wie die leichte, aber ungemein eindrucksvolle<br \/>\nUmrundung der Drei Zinnen in den Dolomiten. Neben Halbtages- und Tagestouren<br \/>\nwerden auch Mehrtagestouren wie der Pfunderer H\u00f6henweg beschrieben.  <\/p>\n<p>Jede Tour wird mit einer ausf\u00fchrlichen Wegbeschreibung, einem aussagekr\u00e4ftigen<br \/>\nH\u00f6henprofil und einer farbigen Wanderkarte mit eingetragenem Routenverlauf<br \/>\nvorgestellt. Dazu kommt eine kompakte und \u00fcbersichtliche Zusammenstellung<br \/>\naller wesentlichen Tourendaten. GPS-Daten stehen zum Download bereit. Und<br \/>\nnicht zuletzt die zahlreichen Tipps zu Einkehr und \u00dcbernachtung garantieren<br \/>\ngelungene Wandertage.  <\/p>\n<p>4. Auflage 2019<br \/>\n192 Seiten mit 194 Farbabbildungen<br \/>\n52 Wanderk\u00e4rtchen im Ma\u00dfstab 1:50.000, 5 Wanderk\u00e4rtchen im Ma\u00dfstab 1:75.000, 1<br \/>\n\u00dcbersichtskarte, 57 H\u00f6henprofile<br \/>\nFormat 12,5 x 20,0 cm  <\/p>","protected":false},"excerpt":{"rendered":"<ul>\n<li><a href=\"https:\/\/pizbube.ch\/wp-content\/uploads\/attachments\/a_015\/5659DA41E760AB6C9A3824FD49FEF2D0.pdf\" target=\"_blank\" rel=\"noopener\">PDF: s\u00fcdtirol_ost_inhalt<\/a><\/li>\n<\/ul>","protected":false},"featured_media":32776,"template":"","meta":[],"product_brand":[],"product_cat":[21605],"product_tag":[],"class_list":{"0":"post-154539","1":"product","2":"type-product","3":"status-publish","4":"has-post-thumbnail","6":"product_cat-wanderfuehrer-trekking","7":"pa_autor-hirtlreiter","8":"pa_erscheinungsjahr-21586","9":"pa_region-italien","10":"pa_sprache-de","12":"first","13":"instock","14":"taxable","15":"shipping-taxable","16":"purchasable","17":"product-type-simple"},"_links":{"self":[{"href":"https:\/\/pizbube.ch\/en\/wp-json\/wp\/v2\/product\/154539","targetHints":{"allow":["GET"]}}],"collection":[{"href":"https:\/\/pizbube.ch\/en\/wp-json\/wp\/v2\/product"}],"about":[{"href":"https:\/\/pizbube.ch\/en\/wp-json\/wp\/v2\/types\/product"}],"wp:featuredmedia":[{"embeddable":true,"href":"https:\/\/pizbube.ch\/en\/wp-json\/wp\/v2\/media\/32776"}],"wp:attachment":[{"href":"https:\/\/pizbube.ch\/en\/wp-json\/wp\/v2\/media?parent=154539"}],"wp:term":[{"taxonomy":"product_brand","embeddable":true,"href":"https:\/\/pizbube.ch\/en\/wp-json\/wp\/v2\/product_brand?post=154539"},{"taxonomy":"product_cat","embeddable":true,"href":"https:\/\/pizbube.ch\/en\/wp-json\/wp\/v2\/product_cat?post=154539"},{"taxonomy":"product_tag","embeddable":true,"href":"https:\/\/pizbube.ch\/en\/wp-json\/wp\/v2\/product_tag?post=154539"}],"curies":[{"name":"wp","href":"https:\/\/api.w.org\/{rel}","templated":true}]}}