{"id":154541,"date":"2021-01-15T14:34:50","date_gmt":"2021-01-15T14:34:50","guid":{"rendered":"https:\/\/codengine3.ch\/?product=import-placeholder-for-207121"},"modified":"2021-01-15T14:55:20","modified_gmt":"2021-01-15T14:55:20","slug":"winterwandern-geschichten-von-schnee-und-eis","status":"publish","type":"product","link":"https:\/\/pizbube.ch\/en\/shop\/winterwandern-geschichten-von-schnee-und-eis\/","title":{"rendered":"Winterwandern &#8211; Geschichten von Schnee und Eis"},"content":{"rendered":"<p>Im Winter ins Freie &#8211; Gut wattiert und ausstaffiert mit Pudelm\u00fctze,<br \/>\nHandschuhen und Schal, l\u00e4sst sich auch bei Eis und K\u00e4lte jeder Winterweg unter<br \/>\ndie F\u00fcsse nehmen.  <\/p>\n<p>Anthologie:<br \/>\nRobert Walser \u00fcberlegt, ob man sich im Schnee schmutzig machen kann \u2022 Hermann<br \/>\nHesse lauscht auf einen Gesang im Schneegest\u00f6ber \u2022 C. F. Ramuz l\u00e4sst einen<br \/>\njungen Mann mit zw\u00f6lf Zuckerbr\u00f6tchen die Nacht im Nebel ausharren \u2022 Franz<br \/>\nHohler trifft auf dem Gemmipass auf alte Bekannte \u2022 Ernest Hemingway erlebte<br \/>\ndie gl\u00fccklichsten Winter in Schruns \u2022 Annemarie Schwarzenbach geht mit<br \/>\nMatthisel auf Schmugglerpfaden \u2022 Thomas Mann stellt Hans Castorp statt der<br \/>\nLiegekur auf die Bretter \u2022 Arthur Conan Doyle findet Skier von au\u00dfen<br \/>\nbetrachtet nicht b\u00f6sartig \u2022 Max Frisch l\u00e4sst freudig Schneekissen zerplumpsen<br \/>\n\u2022 Peter Weber wird von alten M\u00e4nnern \u00fcberholt und braucht Ersch\u00f6pfungstee \u2022<br \/>\nErich K\u00e4stner verbietet es, die Sch\u00f6nheit der Berge zu duzen \u2022 Das und vieles<br \/>\nmehr zum Winterwandern \u2026  <\/p>","protected":false},"excerpt":{"rendered":"<p>Im Winter ins Freie &#8211; Gut wattiert und ausstaffiert mit Pudelm\u00fctze, Handschuhen und Schal, l\u00e4sst sich auch bei Eis und K\u00e4lte jeder Winterweg unter die F\u00fcsse nehmen. Anthologie: Robert Walser \u00fcberlegt, ob man sich im Schnee schmutzig machen kann \u2022 Hermann Hesse lauscht auf einen Gesang im Schneegest\u00f6ber \u2022 C. F. Ramuz l\u00e4sst einen jungen [&#8230;]\n","protected":false},"featured_media":36729,"template":"","meta":[],"product_brand":[],"product_cat":[21629],"product_tag":[],"class_list":{"0":"post-154541","1":"product","2":"type-product","3":"status-publish","4":"has-post-thumbnail","6":"product_cat-belletristik","7":"pa_autor-zopfi-hrsg","8":"pa_erscheinungsjahr-21610","9":"pa_region-schweiz","10":"pa_sprache-de","12":"first","13":"instock","14":"taxable","15":"shipping-taxable","16":"purchasable","17":"product-type-simple"},"_links":{"self":[{"href":"https:\/\/pizbube.ch\/en\/wp-json\/wp\/v2\/product\/154541","targetHints":{"allow":["GET"]}}],"collection":[{"href":"https:\/\/pizbube.ch\/en\/wp-json\/wp\/v2\/product"}],"about":[{"href":"https:\/\/pizbube.ch\/en\/wp-json\/wp\/v2\/types\/product"}],"wp:featuredmedia":[{"embeddable":true,"href":"https:\/\/pizbube.ch\/en\/wp-json\/wp\/v2\/media\/36729"}],"wp:attachment":[{"href":"https:\/\/pizbube.ch\/en\/wp-json\/wp\/v2\/media?parent=154541"}],"wp:term":[{"taxonomy":"product_brand","embeddable":true,"href":"https:\/\/pizbube.ch\/en\/wp-json\/wp\/v2\/product_brand?post=154541"},{"taxonomy":"product_cat","embeddable":true,"href":"https:\/\/pizbube.ch\/en\/wp-json\/wp\/v2\/product_cat?post=154541"},{"taxonomy":"product_tag","embeddable":true,"href":"https:\/\/pizbube.ch\/en\/wp-json\/wp\/v2\/product_tag?post=154541"}],"curies":[{"name":"wp","href":"https:\/\/api.w.org\/{rel}","templated":true}]}}