{"id":154543,"date":"2021-01-15T14:34:52","date_gmt":"2021-01-15T14:34:52","guid":{"rendered":"https:\/\/codengine3.ch\/?product=import-placeholder-for-204622"},"modified":"2023-05-05T10:07:05","modified_gmt":"2023-05-05T08:07:05","slug":"schwabenkinder-wege-schweiz-und-liechtenstein","status":"publish","type":"product","link":"https:\/\/pizbube.ch\/en\/shop\/schwabenkinder-wege-schweiz-und-liechtenstein\/","title":{"rendered":"Schwabenkinder-Wege Schweiz und Liechtenstein"},"content":{"rendered":"<p>Auf den alten Wegen der Schwabenkinder durch die Schweiz und Liechtenstein<\/p>\n<p>\u00dcber Jahrhunderte hinweg zogen sie zu Tausenden vornehmlich aus den armen<br \/>\nBerggebieten Vorarlbergs, S\u00fcd- und Nordtirols, der Schweiz und Liechtensteins<br \/>\nin die Gebiete n\u00f6rdlich des Bodensees: Kinder armer Familien, die daheim die<br \/>\nblanke Not vom Tisch trieb, wanderten allj\u00e4hrlich im Fr\u00fchjahr in Scharen \u00fcber<br \/>\ndie noch oftmals schneebedeckten Berge, um dem Hunger daheim zu entrinnen und<br \/>\ndie Familien zu entlasten.<\/p>\n<p>Im Laufe der Zeit entwickelten sich regelrechte Kinderm\u00e4rkte, auf denen die<br \/>\nKinder verhandelt wurden. Dieser Gebietsf\u00fchrer begleitet Sie aus den<br \/>\nHerkunftsgebieten Graub\u00fcnden, Appenzell und Liechtenstein bis zur Landesgrenze<br \/>\nund von dort in geraffter Form (oder aber ausf\u00fchrlicher im F\u00fchrer<br \/>\n\u201eSchwabenkinder-Wege Vorarlberg\u201c) weiter bis zum Bodensee.<\/p>\n<p>Wandernd erfahren Sie an den \u201eOriginalschaupl\u00e4tzen\u201c mehr \u00fcber die damaligen<br \/>\nLebensbedingungen und entdecken gleichzeitig die anderen Seiten der<br \/>\nLandschaften, die heute vielfach nur aus dem Aspekt des Erholungswerts<br \/>\nwahrgenommen werden. Unterwegs weisen Installationen und Museen auf eine \u00fcber<br \/>\nJahrhunderte hinweg ungebrochene Tradition hin, die f\u00fcr die Schweizer Kinder<br \/>\nzu Beginn des Ersten Weltkriegs zu Ende ging. Die Wege folgen soweit wie<br \/>\nm\u00f6glich den historischen Routen und \u00dcberg\u00e4ngen.<\/p>\n<p>1. Auflage 2014;<br \/>\n304 Seiten mit 355 Farbabbildungen 30 Wanderk\u00e4rtchen im<br \/>\nMa\u00dfstab 1:75.000, zwei \u00dcbersichtskarten im Ma\u00dfstab 1:900.000 und 1:2.000.000<\/p>","protected":false},"excerpt":{"rendered":"<ul>\n<li><a href=\"https:\/\/pizbube.ch\/wp-content\/uploads\/attachments\/a_015\/575F1151CCD984207F824B5C0C9A7580.pdf\" target=\"_blank\" rel=\"noopener\">PDF: schwabenkinderwege schweiz_inhalt<\/a><\/li>\n<\/ul>","protected":false},"featured_media":32833,"template":"","meta":[],"product_brand":[],"product_cat":[21605],"product_tag":[],"class_list":{"0":"post-154543","1":"product","2":"type-product","3":"status-publish","4":"has-post-thumbnail","6":"product_cat-wanderfuehrer-trekking","7":"pa_autor-bereuter","8":"pa_erscheinungsjahr-21550","9":"pa_region-schweiz","10":"pa_sprache-de","12":"first","13":"instock","14":"taxable","15":"shipping-taxable","16":"purchasable","17":"product-type-simple"},"_links":{"self":[{"href":"https:\/\/pizbube.ch\/en\/wp-json\/wp\/v2\/product\/154543","targetHints":{"allow":["GET"]}}],"collection":[{"href":"https:\/\/pizbube.ch\/en\/wp-json\/wp\/v2\/product"}],"about":[{"href":"https:\/\/pizbube.ch\/en\/wp-json\/wp\/v2\/types\/product"}],"wp:featuredmedia":[{"embeddable":true,"href":"https:\/\/pizbube.ch\/en\/wp-json\/wp\/v2\/media\/32833"}],"wp:attachment":[{"href":"https:\/\/pizbube.ch\/en\/wp-json\/wp\/v2\/media?parent=154543"}],"wp:term":[{"taxonomy":"product_brand","embeddable":true,"href":"https:\/\/pizbube.ch\/en\/wp-json\/wp\/v2\/product_brand?post=154543"},{"taxonomy":"product_cat","embeddable":true,"href":"https:\/\/pizbube.ch\/en\/wp-json\/wp\/v2\/product_cat?post=154543"},{"taxonomy":"product_tag","embeddable":true,"href":"https:\/\/pizbube.ch\/en\/wp-json\/wp\/v2\/product_tag?post=154543"}],"curies":[{"name":"wp","href":"https:\/\/api.w.org\/{rel}","templated":true}]}}