{"id":154546,"date":"2021-01-15T14:34:58","date_gmt":"2021-01-15T14:34:58","guid":{"rendered":"https:\/\/codengine3.ch\/?product=import-placeholder-for-204631"},"modified":"2021-01-15T14:35:01","modified_gmt":"2021-01-15T14:35:01","slug":"familienkraxeln-in-suedtirol","status":"publish","type":"product","link":"https:\/\/pizbube.ch\/en\/shop\/familienkraxeln-in-suedtirol\/","title":{"rendered":"Familienkraxeln in S\u00fcdtirol"},"content":{"rendered":"<p>Klettersteige, Kletterg\u00e4rten, Hochseilg\u00e4rten und Kletterhallen  <\/p>\n<p>In diesem Familien-Kraxel-F\u00fchrer wird im Speziellen auf Familien mit ihren<br \/>\nkletterfreudigen Spr\u00f6sslingen eingegangen. Egal ob es sich um Klettersteige,<br \/>\nKletterg\u00e4rten, Hochseilg\u00e4rten oder Kletterhallen handelt, es ist f\u00fcr jeden<br \/>\netwas dabei.<\/p>\n<p>53 Kraxeltipps f\u00fcr jedermann. Vor allem \u201eToprope-Touren\u201c, also Klettereien, wo<br \/>\nman vorher im Umlenkhaken ein Seil einh\u00e4ngt, um den Nachwuchs zu sichern,<br \/>\nfunktionieren am besten f\u00fcr die Sicherung.  <\/p>\n<p>Genaue Beschreibungen der Kletterg\u00e4rten, technische Daten wie Schwierigkeiten,<br \/>\nAusr\u00fcstung und konditionelle Voraussetzungen, Wege zu den Umlaufhaken, gute<br \/>\nStandpl\u00e4tze sind nur einige Punkte, die bei jedem Kraxel- Tipp ber\u00fccksichtigt<br \/>\nwerden. Sicherheit steht an erster Stelle und dazu werden wertvolle Tipps und<br \/>\nAnleitungen in diesem F\u00fchrer gegeben.<\/p>\n<p>Die Routen sind auf Luftbildern und Fotos eingezeichnet, sodass die<br \/>\nOrientierung einfach ist! &#8211; Der erste Familien-Kraxel-F\u00fchrer f\u00fcr S\u00fcdtirol &#8211;<br \/>\nViele Tipps zu Sicherheit und Ausr\u00fcstung &#8211; Jede Tour mit eingezeichneter Route<br \/>\nund vielen Infos  <\/p>","protected":false},"excerpt":{"rendered":"<p>Klettersteige, Kletterg\u00e4rten, Hochseilg\u00e4rten und Kletterhallen In diesem Familien-Kraxel-F\u00fchrer wird im Speziellen auf Familien mit ihren kletterfreudigen Spr\u00f6sslingen eingegangen. Egal ob es sich um Klettersteige, Kletterg\u00e4rten, Hochseilg\u00e4rten oder Kletterhallen handelt, es ist f\u00fcr jeden etwas dabei. 53 Kraxeltipps f\u00fcr jedermann. Vor allem \u201eToprope-Touren\u201c, also Klettereien, wo man vorher im Umlenkhaken ein Seil einh\u00e4ngt, um den Nachwuchs [&#8230;]\n","protected":false},"featured_media":32872,"template":"","meta":[],"product_brand":[],"product_cat":[21539],"product_tag":[],"class_list":{"0":"post-154546","1":"product","2":"type-product","3":"status-publish","4":"has-post-thumbnail","6":"product_cat-fuehrerliteratur-sportklettern-bouldern","7":"pa_autor-hilpod-ladurner","8":"pa_erscheinungsjahr-21574","9":"pa_region-italien","10":"pa_sprache-de","12":"first","13":"instock","14":"taxable","15":"shipping-taxable","16":"purchasable","17":"product-type-simple"},"_links":{"self":[{"href":"https:\/\/pizbube.ch\/en\/wp-json\/wp\/v2\/product\/154546","targetHints":{"allow":["GET"]}}],"collection":[{"href":"https:\/\/pizbube.ch\/en\/wp-json\/wp\/v2\/product"}],"about":[{"href":"https:\/\/pizbube.ch\/en\/wp-json\/wp\/v2\/types\/product"}],"wp:featuredmedia":[{"embeddable":true,"href":"https:\/\/pizbube.ch\/en\/wp-json\/wp\/v2\/media\/32872"}],"wp:attachment":[{"href":"https:\/\/pizbube.ch\/en\/wp-json\/wp\/v2\/media?parent=154546"}],"wp:term":[{"taxonomy":"product_brand","embeddable":true,"href":"https:\/\/pizbube.ch\/en\/wp-json\/wp\/v2\/product_brand?post=154546"},{"taxonomy":"product_cat","embeddable":true,"href":"https:\/\/pizbube.ch\/en\/wp-json\/wp\/v2\/product_cat?post=154546"},{"taxonomy":"product_tag","embeddable":true,"href":"https:\/\/pizbube.ch\/en\/wp-json\/wp\/v2\/product_tag?post=154546"}],"curies":[{"name":"wp","href":"https:\/\/api.w.org\/{rel}","templated":true}]}}