{"id":154547,"date":"2021-01-15T14:34:58","date_gmt":"2021-01-15T14:34:58","guid":{"rendered":"https:\/\/codengine3.ch\/?product=import-placeholder-for-208164"},"modified":"2021-01-15T17:50:53","modified_gmt":"2021-01-15T17:50:53","slug":"einfach-suedtirol-leichte-wanderungen-fuer-die-ganze-familie","status":"publish","type":"product","link":"https:\/\/pizbube.ch\/en\/shop\/einfach-suedtirol-leichte-wanderungen-fuer-die-ganze-familie\/","title":{"rendered":"Einfach S\u00fcdtirol: Leichte Wanderungen f\u00fcr die ganze Familie"},"content":{"rendered":"<p>\n30 einfache Touren in S\u00fcdtirol f\u00fcr Gro\u00df und Klein  <\/p>\n<p>Dieser handliche Wanderf\u00fchrer f\u00fcr den Rucksack findet mit Ihnen zusammen die<br \/>\n30 sch\u00f6nsten, einfachen und leichten Wanderungen und Spazierwege in S\u00fcdtirol.<br \/>\nNeben einem topografischen Kartenausschnitt erhalten Sie eine detaillierte<br \/>\nWegbeschreibung sowie genaue technische Details zur jeweiligen Tour: Start,<br \/>\nZiel, Gehzeit, H\u00f6henmeter und Schwierigkeit, sodass f\u00fcr Sie und f\u00fcr jedes<br \/>\nKindesalter etwas dabei ist!<\/p>\n<p>F\u00fcr die ganz Kleinen gibt es spezielle Touren mit dem Kinderwagen, f\u00fcr die<br \/>\netwas Gr\u00f6\u00dferen einfache Wege mit speziellen Highlights f\u00fcr Kinder. Die<br \/>\nErwachsenen oder Eltern kommen so ebenfalls auf ihre Kosten und erfahren ein<br \/>\nwenig Ruhe und Erholung, weil die Wege abwechslungsreich und leicht sind.<br \/>\nSelbstverst\u00e4ndlich wird das Buch mit vielen Fotos und Einkehrm\u00f6glichkeiten<br \/>\nabgerundet. Ob Gro\u00df oder Klein, ob Alt oder Jung, jeder findet hier eine<br \/>\ngem\u00fctliche Runde. Die besten Alternativen zur anstrengenden Bergtour!  <\/p>","protected":false},"excerpt":{"rendered":"<p>30 einfache Touren in S\u00fcdtirol f\u00fcr Gro\u00df und Klein Dieser handliche Wanderf\u00fchrer f\u00fcr den Rucksack findet mit Ihnen zusammen die 30 sch\u00f6nsten, einfachen und leichten Wanderungen und Spazierwege in S\u00fcdtirol. Neben einem topografischen Kartenausschnitt erhalten Sie eine detaillierte Wegbeschreibung sowie genaue technische Details zur jeweiligen Tour: Start, Ziel, Gehzeit, H\u00f6henmeter und Schwierigkeit, sodass f\u00fcr Sie [&#8230;]\n","protected":false},"featured_media":39522,"template":"","meta":[],"product_brand":[],"product_cat":[21605],"product_tag":[],"class_list":{"0":"post-154547","1":"product","2":"type-product","3":"status-publish","4":"has-post-thumbnail","6":"product_cat-wanderfuehrer-trekking","7":"pa_autor-brugger-ladurner","8":"pa_erscheinungsjahr-21558","9":"pa_region-italien","10":"pa_sprache-de","12":"first","13":"instock","14":"taxable","15":"shipping-taxable","16":"purchasable","17":"product-type-simple"},"_links":{"self":[{"href":"https:\/\/pizbube.ch\/en\/wp-json\/wp\/v2\/product\/154547","targetHints":{"allow":["GET"]}}],"collection":[{"href":"https:\/\/pizbube.ch\/en\/wp-json\/wp\/v2\/product"}],"about":[{"href":"https:\/\/pizbube.ch\/en\/wp-json\/wp\/v2\/types\/product"}],"wp:featuredmedia":[{"embeddable":true,"href":"https:\/\/pizbube.ch\/en\/wp-json\/wp\/v2\/media\/39522"}],"wp:attachment":[{"href":"https:\/\/pizbube.ch\/en\/wp-json\/wp\/v2\/media?parent=154547"}],"wp:term":[{"taxonomy":"product_brand","embeddable":true,"href":"https:\/\/pizbube.ch\/en\/wp-json\/wp\/v2\/product_brand?post=154547"},{"taxonomy":"product_cat","embeddable":true,"href":"https:\/\/pizbube.ch\/en\/wp-json\/wp\/v2\/product_cat?post=154547"},{"taxonomy":"product_tag","embeddable":true,"href":"https:\/\/pizbube.ch\/en\/wp-json\/wp\/v2\/product_tag?post=154547"}],"curies":[{"name":"wp","href":"https:\/\/api.w.org\/{rel}","templated":true}]}}