{"id":154550,"date":"2021-01-15T14:34:59","date_gmt":"2021-01-15T14:34:59","guid":{"rendered":"https:\/\/codengine3.ch\/?product=import-placeholder-for-207481"},"modified":"2021-01-15T16:03:45","modified_gmt":"2021-01-15T16:03:45","slug":"die-berge-und-wir-150-jahre-deutscher-alpenverein","status":"publish","type":"product","link":"https:\/\/pizbube.ch\/en\/shop\/die-berge-und-wir-150-jahre-deutscher-alpenverein\/","title":{"rendered":"Die Berge und wir &#8211; 150 Jahre Deutscher Alpenverein"},"content":{"rendered":"<p>150 Jahre Bergfaszination<\/p>\n<p>Wandern, Klettern, Skitourengehen und Mountainbiken. Die Menschen, die in die<br \/>\nBerge gehen, eint eine Leidenschaft &#8211; die f\u00fcr die Berge. Sie sind \u00fcberw\u00e4ltigt<br \/>\nvon der hochalpinen Landschaft, meistern Herausforderungen, setzen sich mit<br \/>\nder Gefahr auseinander und erleben ihre Leistungsf\u00e4higkeit auf eine neue<br \/>\nWeise. Das Buch zeigt die Wurzeln dieser Begeisterung und ihren Wandel in den<br \/>\nletzten 150 Jahren. Im Mittelpunkt steht dabei der Alpenverein. Er und seine<br \/>\nMitglieder pr\u00e4gten die Vorstellungen \u00fcber die Berge wesentlich mit.  <\/p>\n<p>In wenigen Jahrzehnten nach seiner Gr\u00fcndung im Jahr 1869 erschloss der<br \/>\nAlpenverein das zum Teil noch nicht begangene Hochgebirge und beteiligte sich<br \/>\nan seiner Erforschung. Seit den 1920er Jahren wendete er sich dem<br \/>\nleistungsbezogenen Bergsteigen zu, w\u00e4hrend er heute zus\u00e4tzliche Schwerpunkte<br \/>\nim Sport- und Wettkampfklettern sowie im Breitensport setzt. Von Beginn an<br \/>\nengagierte sich der Verein auch f\u00fcr den Schutz des Hochgebirges. Das Buch<br \/>\nstellt Eckpunkte der Geschichte des Alpenvereins vor sowie die Menschen, die<br \/>\nsich f\u00fcr seine Belange engagieren.  <\/p>\n<p>1. Auflage 2019<br \/>\n304 Seiten mit 300 Farbabbildungen; Format 27,5 x 27,5 cm; Softcover  <\/p>","protected":false},"excerpt":{"rendered":"<ul>\n<li><a href=\"https:\/\/pizbube.ch\/wp-content\/uploads\/attachments\/a_024\/8E82AACCA8DBC9FEACC300AD8169D294.pdf\" target=\"_blank\" rel=\"noopener\">PDF: Leseprobe_Die_Berge_und_wir<\/a><\/li>\n<\/ul>","protected":false},"featured_media":37608,"template":"","meta":[],"product_brand":[],"product_cat":[21542],"product_tag":[],"class_list":{"0":"post-154550","1":"product","2":"type-product","3":"status-publish","4":"has-post-thumbnail","6":"product_cat-sachbuecher-dokumentationen","7":"pa_autor-deutscher-alpenverein-hrsg","8":"pa_erscheinungsjahr-21586","9":"pa_region-deutschland","10":"pa_sprache-de","12":"first","13":"instock","14":"taxable","15":"shipping-taxable","16":"purchasable","17":"product-type-simple"},"_links":{"self":[{"href":"https:\/\/pizbube.ch\/en\/wp-json\/wp\/v2\/product\/154550","targetHints":{"allow":["GET"]}}],"collection":[{"href":"https:\/\/pizbube.ch\/en\/wp-json\/wp\/v2\/product"}],"about":[{"href":"https:\/\/pizbube.ch\/en\/wp-json\/wp\/v2\/types\/product"}],"wp:featuredmedia":[{"embeddable":true,"href":"https:\/\/pizbube.ch\/en\/wp-json\/wp\/v2\/media\/37608"}],"wp:attachment":[{"href":"https:\/\/pizbube.ch\/en\/wp-json\/wp\/v2\/media?parent=154550"}],"wp:term":[{"taxonomy":"product_brand","embeddable":true,"href":"https:\/\/pizbube.ch\/en\/wp-json\/wp\/v2\/product_brand?post=154550"},{"taxonomy":"product_cat","embeddable":true,"href":"https:\/\/pizbube.ch\/en\/wp-json\/wp\/v2\/product_cat?post=154550"},{"taxonomy":"product_tag","embeddable":true,"href":"https:\/\/pizbube.ch\/en\/wp-json\/wp\/v2\/product_tag?post=154550"}],"curies":[{"name":"wp","href":"https:\/\/api.w.org\/{rel}","templated":true}]}}