{"id":154553,"date":"2021-01-15T14:35:04","date_gmt":"2021-01-15T14:35:04","guid":{"rendered":"https:\/\/codengine3.ch\/?product=import-placeholder-for-204641"},"modified":"2023-01-26T15:03:10","modified_gmt":"2023-01-26T14:03:10","slug":"kunstkartenbox-st-moritz","status":"publish","type":"product","link":"https:\/\/pizbube.ch\/en\/shop\/kunstkartenbox-st-moritz\/","title":{"rendered":"Kunstkartenbox St. Moritz"},"content":{"rendered":"<p>Kunstkartenbox mit 50 Kunstkarten<br \/>\n50 historische Plakate in Postkartenform f\u00fchren Sie an den Geburtsort der<br \/>\nalpinen Winterferien.<\/p>\n<p>Der Weltruhm von St. Moritz liegt urspr\u00fcnglich in den dortigen Heilquellen<br \/>\nbegr\u00fcndet, die schon von Paracelsus lobend erw\u00e4hnt wurden. Nun f\u00fchren Sie<br \/>\nhistorische Plakate in Postkartenform an den Geburtsort der alpinen<br \/>\nWinterferien. Die Oberengadiner Seenlandschaft zieht sowohl im Sommer wie auch<br \/>\nim Winter Besucher aus der ganzen Welt an.<\/p>\n<p>Warum das seit \u00fcber zweihundert Jahren der Fall ist, zeigt Ihnen diese<br \/>\nSammlung: Die historischen Sujets der Plakate stehen f\u00fcr Stil, Eleganz und<br \/>\nKlasse.<\/p>\n<p>Alte St.-Moritz-Poster sind international gefragt. Restaurants, B\u00fcros oder<br \/>\nBoutiquen in Paris, Neuseeland, Dubai, Tokyo oder den USA schm\u00fccken ihre W\u00e4nde<br \/>\nmit St. Moritz-Plakaten aus dem fr\u00fchen 20. Jahrhundert. Die eigentlichen<br \/>\nIkonen stammen aus der Zeit vor dem Zweiten Weltkrieg.<\/p>\n<p>St. Moritz hat fr\u00fch die Werbewirkung der Plakate erkannt und hervorragende<br \/>\nK\u00fcnstler f\u00fcr seine Werbung angeheuert. Zum Beispiel Hugo d&#8217;Alesi, Wilhelm<br \/>\nBurger, Emil Cardinaux, Karl Bickel, Eduard Stiefel, Charles Kuhn, Hugo Laubi<br \/>\noder Walter Herdeg. Die Plakate dokumentieren, dass St. Moritz nicht nur ein<br \/>\nWintersportort, sondern auch ein Klimakurort und im Sommer sogar ein reiner<br \/>\nBadeort sein kann. Aus dem Bestreben des Fremdenkurorts, nicht allein auf die<br \/>\nMund-zu-Mund- Propaganda angewiesen zu sein, entstand eine zielstrebige<br \/>\nFremdenverkehrswerbung.<\/p>\n<p>Das Ziel war dabei immer dasselbe: die Reiselust wecken, \u00fcber das m\u00f6gliche<br \/>\nReiseziel informieren und uns ermuntern, Ferien in St. Moritz zu verbringen.<br \/>\nDiese Postkartenbox versammelt die besten Plakatsujets aus dieser Zeit und<br \/>\ngew\u00e4hrt mit 50 Postkarten einen k\u00fcnstlerischen Einblick in den Sehnsuchtsort<br \/>\nSt. Moritz.<\/p>\n<p>50 Kunstkarten, 11,5 x 17 x 4,2 cm, Box<\/p>","protected":false},"excerpt":{"rendered":"<p>Kunstkartenbox mit 50 Kunstkarten 50 historische Plakate in Postkartenform f\u00fchren Sie an den Geburtsort der alpinen Winterferien. Der Weltruhm von St. Moritz liegt urspr\u00fcnglich in den dortigen Heilquellen begr\u00fcndet, die schon von Paracelsus lobend erw\u00e4hnt wurden. Nun f\u00fchren Sie historische Plakate in Postkartenform an den Geburtsort der alpinen Winterferien. Die Oberengadiner Seenlandschaft zieht sowohl im [&#8230;]\n","protected":false},"featured_media":32874,"template":"","meta":[],"product_brand":[],"product_cat":[21853],"product_tag":[],"class_list":{"0":"post-154553","1":"product","2":"type-product","3":"status-publish","4":"has-post-thumbnail","6":"product_cat-ansichtskarten","7":"pa_erscheinungsjahr-21586","8":"pa_region-schweiz","9":"pa_sprache-de-en","11":"first","12":"instock","13":"taxable","14":"shipping-taxable","15":"purchasable","16":"product-type-simple"},"_links":{"self":[{"href":"https:\/\/pizbube.ch\/en\/wp-json\/wp\/v2\/product\/154553","targetHints":{"allow":["GET"]}}],"collection":[{"href":"https:\/\/pizbube.ch\/en\/wp-json\/wp\/v2\/product"}],"about":[{"href":"https:\/\/pizbube.ch\/en\/wp-json\/wp\/v2\/types\/product"}],"wp:featuredmedia":[{"embeddable":true,"href":"https:\/\/pizbube.ch\/en\/wp-json\/wp\/v2\/media\/32874"}],"wp:attachment":[{"href":"https:\/\/pizbube.ch\/en\/wp-json\/wp\/v2\/media?parent=154553"}],"wp:term":[{"taxonomy":"product_brand","embeddable":true,"href":"https:\/\/pizbube.ch\/en\/wp-json\/wp\/v2\/product_brand?post=154553"},{"taxonomy":"product_cat","embeddable":true,"href":"https:\/\/pizbube.ch\/en\/wp-json\/wp\/v2\/product_cat?post=154553"},{"taxonomy":"product_tag","embeddable":true,"href":"https:\/\/pizbube.ch\/en\/wp-json\/wp\/v2\/product_tag?post=154553"}],"curies":[{"name":"wp","href":"https:\/\/api.w.org\/{rel}","templated":true}]}}