{"id":154555,"date":"2021-01-15T14:35:04","date_gmt":"2021-01-15T14:35:04","guid":{"rendered":"https:\/\/codengine3.ch\/?product=import-placeholder-for-207965"},"modified":"2025-01-15T14:25:34","modified_gmt":"2025-01-15T13:25:34","slug":"kunstkartenbox-niesen","status":"publish","type":"product","link":"https:\/\/pizbube.ch\/en\/shop\/kunstkartenbox-niesen\/","title":{"rendered":"KunstkartenBOX NIESEN"},"content":{"rendered":"<p>Der Thuner Hausberg Niesen ist wohl einer der markantesten Berge der Alpen.<br \/>\nAls solcher war er auch eines der Lieblingsmotive des Oberl\u00e4nder Maler und<br \/>\nArztes Bendicht \u00abB\u00e4nz\u00bb Friedli.<\/p>\n<p>W\u00e4hrend seiner langen Malerkarriere hat Friedli den Niesen in jeder nur<br \/>\nerdenklichen Stimmung und Perspektive portr\u00e4tiert, hat ihn in Aquarell, \u00d6l und<br \/>\nAcryl sowie in kleinen Skizzenb\u00fcchern festgehalten und ihm damit ein<br \/>\nk\u00fcnstlerisches Denkmal gesetzt, das so schnell nicht verblassen wird.<\/p>\n<p>Diese Box vereint die 50 sch\u00f6nsten Niesen-Portr\u00e4ts aus dem Nachlass von<br \/>\nBendicht Friedli.<\/p>\n<p>50 Postkarten, 18,3 \u00d7 13 \u00d7 5,4 cm, Box<\/p>","protected":false},"excerpt":{"rendered":"<p>Der Thuner Hausberg Niesen ist wohl einer der markantesten Berge der Alpen. Als solcher war er auch eines der Lieblingsmotive des Oberl\u00e4nder Maler und Arztes Bendicht \u00abB\u00e4nz\u00bb Friedli. W\u00e4hrend seiner langen Malerkarriere hat Friedli den Niesen in jeder nur erdenklichen Stimmung und Perspektive portr\u00e4tiert, hat ihn in Aquarell, \u00d6l und Acryl sowie in kleinen Skizzenb\u00fcchern [&#8230;]\n","protected":false},"featured_media":38970,"template":"","meta":[],"product_brand":[],"product_cat":[21853],"product_tag":[],"class_list":{"0":"post-154555","1":"product","2":"type-product","3":"status-publish","4":"has-post-thumbnail","6":"product_cat-ansichtskarten","7":"pa_autor-friedli","8":"pa_erscheinungsjahr-21586","9":"pa_region-schweiz","10":"pa_sprache-de","12":"first","13":"instock","14":"taxable","15":"shipping-taxable","16":"purchasable","17":"product-type-simple"},"_links":{"self":[{"href":"https:\/\/pizbube.ch\/en\/wp-json\/wp\/v2\/product\/154555","targetHints":{"allow":["GET"]}}],"collection":[{"href":"https:\/\/pizbube.ch\/en\/wp-json\/wp\/v2\/product"}],"about":[{"href":"https:\/\/pizbube.ch\/en\/wp-json\/wp\/v2\/types\/product"}],"wp:featuredmedia":[{"embeddable":true,"href":"https:\/\/pizbube.ch\/en\/wp-json\/wp\/v2\/media\/38970"}],"wp:attachment":[{"href":"https:\/\/pizbube.ch\/en\/wp-json\/wp\/v2\/media?parent=154555"}],"wp:term":[{"taxonomy":"product_brand","embeddable":true,"href":"https:\/\/pizbube.ch\/en\/wp-json\/wp\/v2\/product_brand?post=154555"},{"taxonomy":"product_cat","embeddable":true,"href":"https:\/\/pizbube.ch\/en\/wp-json\/wp\/v2\/product_cat?post=154555"},{"taxonomy":"product_tag","embeddable":true,"href":"https:\/\/pizbube.ch\/en\/wp-json\/wp\/v2\/product_tag?post=154555"}],"curies":[{"name":"wp","href":"https:\/\/api.w.org\/{rel}","templated":true}]}}