{"id":154558,"date":"2021-01-15T14:35:06","date_gmt":"2021-01-15T14:35:06","guid":{"rendered":"https:\/\/codengine3.ch\/?product=import-placeholder-for-204649"},"modified":"2021-01-15T14:35:09","modified_gmt":"2021-01-15T14:35:09","slug":"heimatschutz-unterwegs-durch-stadt-und-dorf","status":"publish","type":"product","link":"https:\/\/pizbube.ch\/en\/shop\/heimatschutz-unterwegs-durch-stadt-und-dorf\/","title":{"rendered":"Heimatschutz unterwegs: Durch Stadt und Dorf"},"content":{"rendered":"<p>\nIm dritten Band der Reihe \u00abHeimatschutz unterwegs\u00bb stehen Ortsbilder,<br \/>\nStadtlandschaften oder Streusiedlungen und die sie umgebenden<br \/>\nKulturlandschaften im Vordergrund. Die Publikation zeigt den Wert und die<br \/>\nNotwendigkeit einer sorgf\u00e4ltigen und koh\u00e4renten Ortsbild- und<br \/>\nLandschaftsentwicklung bildhaft und greifbar auf.  <\/p>\n<p>Heimatschutz unterwegs. Durch Stadt und Dorf<br \/>\nMit \u00dcbersichtsbrosch\u00fcre und 24 Routenbl\u00e4ttern<br \/>\nFormat: 167 x 122 x 33 mm, Routentexte zweisprachig, je nach Region D\/F oder<br \/>\nD\/I, allgemeine Texte dreisprachig D\/F\/I  <\/p>\n<p>Destination Patrimoine \u2013 De villes en villages. Vol. 3  <\/p>\n<p>La vari\u00e9t\u00e9 des sites et des paysages b\u00e2tis en Suisse ne laisse pas<br \/>\nd\u2019impressionner. Dans le troisi\u00e8me volume de sa collection de guides<br \/>\np\u00e9destres, Patrimoine suisse propose 24 itin\u00e9raires de villes en villages.<br \/>\nAssorties de nombreuses informations, les pr\u00e9sentations constituent un point<br \/>\nde d\u00e9part id\u00e9al pour parcourir une r\u00e9gion, appr\u00e9cier et comprendre ses<br \/>\nparticularit\u00e9s. Enfilez vos chaussures de randonn\u00e9e et partez \u00e0 la d\u00e9couverte<br \/>\nde la diversit\u00e9 des paysages et des sites construits en Suisse.  <\/p>\n<p>Destination Patrimoine. De villes en villages.<br \/>\nAvec 1 brochure synoptique et 24 feuilles de route<br \/>\nFormat: 167x122x33 mm, textes des itin\u00e9raires en deux langues, F\/D ou D\/I<br \/>\nselon les r\u00e9gions, textes g\u00e9n\u00e9raux en trois langues F\/D\/I<\/p>\n<p>Destinazione beni culturali 3 \u2013 Di citt\u00e0 in villaggio  <\/p>\n<p>In questo terzo volume, i riflettori sono puntati sugli abitati, i paesaggi<br \/>\nurbani, gli insediamenti dispersi e i paesaggi culturali che li circondano. La<br \/>\npubblicazione mette in luce, in modo esemplare e tangibile, il valore e la<br \/>\nnecessit\u00e0 di uno sviluppo accurato, attento e coerente degli insediamenti e<br \/>\ndel paesaggio. L\u2019Inventario federale degli insediamenti svizzeri da proteggere<br \/>\ndi importanza nazionale (ISOS) ha rappresentato uno strumento cruciale nella<br \/>\nscelta e nell\u2019elaborazione dei percorsi.  <\/p>\n<p>Destinazione beni culturali 3 \u2013 Di citt\u00e0 in villaggio  <\/p>\n<p>Opuscolo riepilogativo e 24 schede di itinerari<br \/>\n167 x 122 x 35 mm, schede degli itinerari in due lingue, secondo la regione<br \/>\nD\/F oppure D\/I<br \/>\nTesti generali in tre lingue D\/F\/I  <\/p>","protected":false},"excerpt":{"rendered":"<p>Im dritten Band der Reihe \u00abHeimatschutz unterwegs\u00bb stehen Ortsbilder, Stadtlandschaften oder Streusiedlungen und die sie umgebenden Kulturlandschaften im Vordergrund. Die Publikation zeigt den Wert und die Notwendigkeit einer sorgf\u00e4ltigen und koh\u00e4renten Ortsbild- und Landschaftsentwicklung bildhaft und greifbar auf. Heimatschutz unterwegs. Durch Stadt und Dorf Mit \u00dcbersichtsbrosch\u00fcre und 24 Routenbl\u00e4ttern Format: 167 x 122 x 33 [&#8230;]\n","protected":false},"featured_media":32898,"template":"","meta":[],"product_brand":[],"product_cat":[21605],"product_tag":[],"class_list":{"0":"post-154558","1":"product","2":"type-product","3":"status-publish","4":"has-post-thumbnail","6":"product_cat-wanderfuehrer-trekking","7":"pa_autor-schweizer-heimatschutz","8":"pa_erscheinungsjahr-21558","9":"pa_region-schweiz","10":"pa_sprache-de-fr-it","12":"first","13":"instock","14":"taxable","15":"shipping-taxable","16":"purchasable","17":"product-type-simple"},"_links":{"self":[{"href":"https:\/\/pizbube.ch\/en\/wp-json\/wp\/v2\/product\/154558","targetHints":{"allow":["GET"]}}],"collection":[{"href":"https:\/\/pizbube.ch\/en\/wp-json\/wp\/v2\/product"}],"about":[{"href":"https:\/\/pizbube.ch\/en\/wp-json\/wp\/v2\/types\/product"}],"wp:featuredmedia":[{"embeddable":true,"href":"https:\/\/pizbube.ch\/en\/wp-json\/wp\/v2\/media\/32898"}],"wp:attachment":[{"href":"https:\/\/pizbube.ch\/en\/wp-json\/wp\/v2\/media?parent=154558"}],"wp:term":[{"taxonomy":"product_brand","embeddable":true,"href":"https:\/\/pizbube.ch\/en\/wp-json\/wp\/v2\/product_brand?post=154558"},{"taxonomy":"product_cat","embeddable":true,"href":"https:\/\/pizbube.ch\/en\/wp-json\/wp\/v2\/product_cat?post=154558"},{"taxonomy":"product_tag","embeddable":true,"href":"https:\/\/pizbube.ch\/en\/wp-json\/wp\/v2\/product_tag?post=154558"}],"curies":[{"name":"wp","href":"https:\/\/api.w.org\/{rel}","templated":true}]}}