{"id":154559,"date":"2021-01-15T14:35:06","date_gmt":"2021-01-15T14:35:06","guid":{"rendered":"https:\/\/codengine3.ch\/?product=import-placeholder-for-204660"},"modified":"2021-01-15T14:35:15","modified_gmt":"2021-01-15T14:35:15","slug":"in-eiseskaelte-die-achttausender-im-winter","status":"publish","type":"product","link":"https:\/\/pizbube.ch\/en\/shop\/in-eiseskaelte-die-achttausender-im-winter\/","title":{"rendered":"In Eisesk\u00e4lte &#8211; Die Achttausender im Winter"},"content":{"rendered":"<p>Als erster Alpinist im Winter auf die h\u00f6chsten Berge der Welt, als<br \/>\nHelikopterpilot in unvorstellbaren H\u00f6hen im Einsatz &#8211; wer sich heute f\u00fcr die<br \/>\nletzten gro\u00dfen Herausforderungen an den Achttausendern interessiert, kommt an<br \/>\nSimone Moro nicht vorbei.<\/p>\n<p>Seine erste Winterbegehung der Shisha Pangma im Jahr 2005 war ein Meilenstein<br \/>\nder Alpingeschichte. 2006 gelang ihm die erste S\u00fcd-Nord-Traverse des Mount<br \/>\nEverest im Alleingang, und in der Wintersaison 2011\/2012 folgten seine beiden<br \/>\nbisher gr\u00f6\u00dften Erfolge: die erste Winterbegehung des Makalu und des Gasherbrum<br \/>\nII im Alpinstil. Doch im Gegensatz zu anderen Profibergsteigern sammelt Simone<br \/>\nMoro keine Achttausender: \u00bbIch tr\u00e4ume davon, etwas Neues zu machen. Abenteuer<br \/>\nsind der Motor meines Alpinismus.\u00ab Jetzt schildert der Extrembergsteiger<br \/>\nerstmals f\u00fcr ein deutschsprachiges Publikum die H\u00f6hen und Tiefen im Leben<br \/>\neines Ausnahmebergsteigers und seine leidenschaftliche Suche nach den letzten<br \/>\ngro\u00dfen Herausforderungen des modernen H\u00f6henbergsteigens.<\/p>","protected":false},"excerpt":{"rendered":"<p>Als erster Alpinist im Winter auf die h\u00f6chsten Berge der Welt, als Helikopterpilot in unvorstellbaren H\u00f6hen im Einsatz &#8211; wer sich heute f\u00fcr die letzten gro\u00dfen Herausforderungen an den Achttausendern interessiert, kommt an Simone Moro nicht vorbei. Seine erste Winterbegehung der Shisha Pangma im Jahr 2005 war ein Meilenstein der Alpingeschichte. 2006 gelang ihm die [&#8230;]\n","protected":false},"featured_media":32922,"template":"","meta":[],"product_brand":[],"product_cat":[21542],"product_tag":[],"class_list":{"0":"post-154559","1":"product","2":"type-product","3":"status-publish","4":"has-post-thumbnail","6":"product_cat-sachbuecher-dokumentationen","7":"pa_autor-moro","8":"pa_erscheinungsjahr-21568","9":"pa_region-asien","10":"pa_sprache-de","12":"first","13":"outofstock","14":"taxable","15":"shipping-taxable","16":"purchasable","17":"product-type-simple"},"_links":{"self":[{"href":"https:\/\/pizbube.ch\/en\/wp-json\/wp\/v2\/product\/154559","targetHints":{"allow":["GET"]}}],"collection":[{"href":"https:\/\/pizbube.ch\/en\/wp-json\/wp\/v2\/product"}],"about":[{"href":"https:\/\/pizbube.ch\/en\/wp-json\/wp\/v2\/types\/product"}],"wp:featuredmedia":[{"embeddable":true,"href":"https:\/\/pizbube.ch\/en\/wp-json\/wp\/v2\/media\/32922"}],"wp:attachment":[{"href":"https:\/\/pizbube.ch\/en\/wp-json\/wp\/v2\/media?parent=154559"}],"wp:term":[{"taxonomy":"product_brand","embeddable":true,"href":"https:\/\/pizbube.ch\/en\/wp-json\/wp\/v2\/product_brand?post=154559"},{"taxonomy":"product_cat","embeddable":true,"href":"https:\/\/pizbube.ch\/en\/wp-json\/wp\/v2\/product_cat?post=154559"},{"taxonomy":"product_tag","embeddable":true,"href":"https:\/\/pizbube.ch\/en\/wp-json\/wp\/v2\/product_tag?post=154559"}],"curies":[{"name":"wp","href":"https:\/\/api.w.org\/{rel}","templated":true}]}}