{"id":154561,"date":"2021-01-15T14:35:12","date_gmt":"2021-01-15T14:35:12","guid":{"rendered":"https:\/\/codengine3.ch\/?product=import-placeholder-for-208766"},"modified":"2023-02-02T09:11:07","modified_gmt":"2023-02-02T08:11:07","slug":"ossola-skialp","status":"publish","type":"product","link":"https:\/\/pizbube.ch\/en\/shop\/ossola-skialp\/","title":{"rendered":"OSSOLA SKIALP"},"content":{"rendered":"<p>Zwischen Valle Anzasca, Sempione, Antigorio und Formazza<br \/>\n61 Skitouren und 2 \u00dcberschreitungen<\/p>\n<p>Die einsamen und unber\u00fchrten Landschaften der Ossola T\u00e4ler ziehen den<br \/>\nSkitourengeher bereits beim ersten Besuch in ihren Bann.<\/p>\n<p>Egal ob einfache, sichere Ausfl\u00fcge und Trainingstouren (Alpe Deccia, Alpe<br \/>\nRausa, Moncucco, Monte Cazzola), oder komplexe und alpinistisch anspruchsvolle<br \/>\nTouren (Tossenhorn, Boshorn, Punta Grober, Basodino), unsere Berge sind ideal,<br \/>\nsowohl f\u00fcr Anf\u00e4nger als auch f\u00fcr erfahrene Tourengeher.<\/p>\n<p>Die Landschaften Ossolas sind extrem abwechslungsreich (vom Strand am Lago<br \/>\nMaggiore bis hin zu den 4000ern der Walliser Alpen) und jedes Tal, dessen<br \/>\nBewohner und Natur haben einen ganz eigenen Charakter. Der gemeinsame Nenner<br \/>\nist die Wildheit und Unber\u00fchrtheit, die Tourengeher in unvergessliche<br \/>\nAbenteuer lockt.<\/p>\n<p>In dieser ersten Auflage findet ihr alle Klassiker, die man sich auf keinen<br \/>\nFall entgehen lassen sollte und die alle Strapazen des Aufstiegs mit<br \/>\nfantastischen Ausblicken auf oftmals unbekannte Gipfel belohnen werden.<\/p>","protected":false},"excerpt":{"rendered":"<p>Zwischen Valle Anzasca, Sempione, Antigorio und Formazza 61 Skitouren und 2 \u00dcberschreitungen Die einsamen und unber\u00fchrten Landschaften der Ossola T\u00e4ler ziehen den Skitourengeher bereits beim ersten Besuch in ihren Bann. Egal ob einfache, sichere Ausfl\u00fcge und Trainingstouren (Alpe Deccia, Alpe Rausa, Moncucco, Monte Cazzola), oder komplexe und alpinistisch anspruchsvolle Touren (Tossenhorn, Boshorn, Punta Grober, Basodino), [&#8230;]\n","protected":false},"featured_media":165929,"template":"","meta":[],"product_brand":[],"product_cat":[21540],"product_tag":[],"class_list":{"0":"post-154561","1":"product","2":"type-product","3":"status-publish","4":"has-post-thumbnail","6":"product_cat-fuehrerliteratur-alpin-winter","7":"pa_autor-sartori-antonietti","8":"pa_erscheinungsjahr-21586","9":"pa_region-italien","10":"pa_sprache-de","12":"first","13":"instock","14":"taxable","15":"shipping-taxable","16":"purchasable","17":"product-type-simple"},"_links":{"self":[{"href":"https:\/\/pizbube.ch\/en\/wp-json\/wp\/v2\/product\/154561","targetHints":{"allow":["GET"]}}],"collection":[{"href":"https:\/\/pizbube.ch\/en\/wp-json\/wp\/v2\/product"}],"about":[{"href":"https:\/\/pizbube.ch\/en\/wp-json\/wp\/v2\/types\/product"}],"wp:featuredmedia":[{"embeddable":true,"href":"https:\/\/pizbube.ch\/en\/wp-json\/wp\/v2\/media\/165929"}],"wp:attachment":[{"href":"https:\/\/pizbube.ch\/en\/wp-json\/wp\/v2\/media?parent=154561"}],"wp:term":[{"taxonomy":"product_brand","embeddable":true,"href":"https:\/\/pizbube.ch\/en\/wp-json\/wp\/v2\/product_brand?post=154561"},{"taxonomy":"product_cat","embeddable":true,"href":"https:\/\/pizbube.ch\/en\/wp-json\/wp\/v2\/product_cat?post=154561"},{"taxonomy":"product_tag","embeddable":true,"href":"https:\/\/pizbube.ch\/en\/wp-json\/wp\/v2\/product_tag?post=154561"}],"curies":[{"name":"wp","href":"https:\/\/api.w.org\/{rel}","templated":true}]}}