{"id":154569,"date":"2021-01-15T14:35:25","date_gmt":"2021-01-15T14:35:25","guid":{"rendered":"https:\/\/codengine3.ch\/?product=import-placeholder-for-205393"},"modified":"2025-04-08T14:08:57","modified_gmt":"2025-04-08T12:08:57","slug":"montenegro","status":"publish","type":"product","link":"https:\/\/pizbube.ch\/en\/shop\/montenegro\/","title":{"rendered":"Montenegro &#8211; Die sch\u00f6nsten Berg- und H\u00f6henwanderungen"},"content":{"rendered":"<p><span class=\"value\">Zerkl\u00fcftete Berge und t\u00fcrkisblaues Meer: In Montenegro l\u00e4sst sich Wandern und Baden aufs Beste verbinden. Das kleine Balkanland bietet von malerischen Str\u00e4nden bis zu Gipfeln jenseits der 2000 Meter-Marke alles, was das Wanderherz begehrt \u2013 Badevergn\u00fcgen inklusive. 50 der sch\u00f6nsten Wanderungen pr\u00e4sentiert der Rother Wanderf\u00fchrer \u00bbMontenegro\u00ab.<\/span><\/p>\n<p>Von der montenegrinischen Adria-K\u00fcste rund um die Bucht von Kotor f\u00fchren historische Pfade durch mediterrane Vegetation zu Gipfeln mit herrlichen Ausblicken auf das Meer. Beeindruckend sind die \u00bbSchluchten des Balkans\u00ab, tiefe Canyons, die das Hochgebirge durchschneiden. Sie liegen im Durmitor-Massiv und in den Prokletije, den h\u00f6chsten Erhebungen der Dinarischen Alpen. In diesem Teil Montenegros findet man kristallklare Bergseen, unber\u00fchrte W\u00e4lder und traditionelle Almwirtschaften, in denen sich echte Gastfreundschaft erleben l\u00e4sst.<\/p>\n<p>Der Wanderf\u00fchrer \u00bbMontenegro\u00ab enth\u00e4lt Wanderungen f\u00fcr jeden Geschmack: anspruchsvolle Gipfelziele, Genusstouren durch gr\u00fcne Berglandschaften und Wanderungen zu alten Festungen und Kl\u00f6stern.<\/p>\n<p>Jede Wanderung wird mit einer zuverl\u00e4ssigen Wegbeschreibung, einer Wanderkarte mit eingezeichnetem Routenverlauf und einem aussagekr\u00e4ftige H\u00f6henprofil vorgestellt. Auf der Internetseite des Rother Bergverlag stehen GPS-Daten zum Download bereit. Zahlreiche Fotos machen Lust auf die Entdeckung von Montenegro, dieser vom Massentourismus verschonten Wanderregion.<\/p>\n<p>192 Seiten, 50 H\u00f6henprofile, 50 Wanderk\u00e4rtchen im Ma\u00dfstab 1:50.000 und 1:75.000, vier \u00dcbersichtskarten, GPS-Tracks zum Download<\/p>\n<p>5., aktualisierte Auflage 2023<\/p>","protected":false},"excerpt":{"rendered":"<p>Zerkl\u00fcftete Berge und t\u00fcrkisblaues Meer: In Montenegro l\u00e4sst sich Wandern und Baden aufs Beste verbinden. Das kleine Balkanland bietet von malerischen Str\u00e4nden bis zu Gipfeln jenseits der 2000 Meter-Marke alles, was das Wanderherz begehrt \u2013 Badevergn\u00fcgen inklusive. 50 der sch\u00f6nsten Wanderungen pr\u00e4sentiert der Rother Wanderf\u00fchrer \u00bbMontenegro\u00ab. Von der montenegrinischen Adria-K\u00fcste rund um die Bucht von [&#8230;]\n","protected":false},"featured_media":167932,"template":"","meta":[],"product_brand":[],"product_cat":[21605],"product_tag":[],"class_list":{"0":"post-154569","1":"product","2":"type-product","3":"status-publish","4":"has-post-thumbnail","6":"product_cat-wanderfuehrer-trekking","7":"pa_autor-stoeckl","8":"pa_erscheinungsjahr-27129","9":"pa_region-osteuropa","10":"pa_sprache-de","12":"first","13":"instock","14":"taxable","15":"shipping-taxable","16":"purchasable","17":"product-type-simple"},"_links":{"self":[{"href":"https:\/\/pizbube.ch\/en\/wp-json\/wp\/v2\/product\/154569","targetHints":{"allow":["GET"]}}],"collection":[{"href":"https:\/\/pizbube.ch\/en\/wp-json\/wp\/v2\/product"}],"about":[{"href":"https:\/\/pizbube.ch\/en\/wp-json\/wp\/v2\/types\/product"}],"wp:featuredmedia":[{"embeddable":true,"href":"https:\/\/pizbube.ch\/en\/wp-json\/wp\/v2\/media\/167932"}],"wp:attachment":[{"href":"https:\/\/pizbube.ch\/en\/wp-json\/wp\/v2\/media?parent=154569"}],"wp:term":[{"taxonomy":"product_brand","embeddable":true,"href":"https:\/\/pizbube.ch\/en\/wp-json\/wp\/v2\/product_brand?post=154569"},{"taxonomy":"product_cat","embeddable":true,"href":"https:\/\/pizbube.ch\/en\/wp-json\/wp\/v2\/product_cat?post=154569"},{"taxonomy":"product_tag","embeddable":true,"href":"https:\/\/pizbube.ch\/en\/wp-json\/wp\/v2\/product_tag?post=154569"}],"curies":[{"name":"wp","href":"https:\/\/api.w.org\/{rel}","templated":true}]}}