{"id":154570,"date":"2021-01-15T14:35:26","date_gmt":"2021-01-15T14:35:26","guid":{"rendered":"https:\/\/codengine3.ch\/?product=import-placeholder-for-208755"},"modified":"2025-09-24T11:40:32","modified_gmt":"2025-09-24T09:40:32","slug":"peaks-of-the-balkans-albanien-kosovo-und-montenegro","status":"publish","type":"product","link":"https:\/\/pizbube.ch\/en\/shop\/peaks-of-the-balkans-albanien-kosovo-und-montenegro\/","title":{"rendered":"Peaks of the Balkans &#8211; Albanien, Kosovo und Montenegro"},"content":{"rendered":"<p>Alle Ettappen des Dreil\u00e4nderrundweg und Tageswanderungen<\/p>\n<p><span class=\"value\">Abenteuer Balkan! Die Trekkingtour \u00bbPeaks of the Balkans\u00ab f\u00fchrt durch die beeindruckenden Gebirgslandschaften von Albanien, dem Kosovo und Montenegro. Sie l\u00e4sst echte Wildnis, Urspr\u00fcnglichkeit und herzliche Gastfreundschaft erleben. Der Rother Wanderf\u00fchrer \u00bbPeaks of the Balkans\u00ab begleitet auf dieser spektakul\u00e4ren zehnt\u00e4gigen Rundtour durch die wildromantische Bergwelt des Prokletije-Gebirges und stellt dar\u00fcber hinaus zahlreiche Tageswanderungen vor.<\/span><\/p>\n<p>Der Dreil\u00e4nderrundweg \u00bbPeaks of the Balkans\u00ab z\u00e4hlt zu den letzten Abenteuerrouten Europas. Die Pfade schl\u00e4ngeln sich \u00fcber alte Hirten- und Handelswege, vorbei an tosenden Wasserf\u00e4llen, glasklaren Bergseen und durch unber\u00fchrte Natur, in der sich Spuren von W\u00f6lfen und B\u00e4ren entdecken lassen. In abgelegenen D\u00f6rfern scheint die Zeit stillzustehen, und die herzliche Gastfreundschaft der Einheimischen macht das Erlebnis unvergesslich.<\/p>\n<p>Die Route durch Albanien, Kosovo und Montenegro, 2011 er\u00f6ffnet, verbindet sanften Tourismus mit der Unterst\u00fctzung der lokalen Bev\u00f6lkerung und Kultur. Der Rother Wanderf\u00fchrer von Kathrin Bosse-Steinweg und Max Bosse liefert umfassende Informationen zur Planung und Durchf\u00fchrung der Tour: detaillierte Wegbeschreibungen, \u00fcbersichtliche Wanderk\u00e4rtchen mit eingezeichneten Routen, pr\u00e4zise H\u00f6henprofile und gepr\u00fcfte GPS-Tracks zum Download. Tipps zu Unterk\u00fcnften, Verpflegung und Verkehrsverbindungen sorgen f\u00fcr eine reibungslose Organisation. Viel Wissenswertes zu Land und Leuten runden das handliche Buch ab.<\/p>\n<p>5., aktualisierte Auflage 2025<br \/>\n10 Etappen und 16 Tagestouren<br \/>\n27 H\u00f6henprofile, 27 Wanderk\u00e4rtchen im Ma\u00dfstab 1:50.000 und 1:75.000, zwei \u00dcbersichtskarten, GPS-Tracks zum Download<br \/>\n200 Seiten<\/p>","protected":false},"excerpt":{"rendered":"<p>Alle Ettappen des Dreil\u00e4nderrundweg und Tageswanderungen Abenteuer Balkan! Die Trekkingtour \u00bbPeaks of the Balkans\u00ab f\u00fchrt durch die beeindruckenden Gebirgslandschaften von Albanien, dem Kosovo und Montenegro. Sie l\u00e4sst echte Wildnis, Urspr\u00fcnglichkeit und herzliche Gastfreundschaft erleben. Der Rother Wanderf\u00fchrer \u00bbPeaks of the Balkans\u00ab begleitet auf dieser spektakul\u00e4ren zehnt\u00e4gigen Rundtour durch die wildromantische Bergwelt des Prokletije-Gebirges und stellt [&#8230;]\n","protected":false},"featured_media":180287,"template":"","meta":[],"product_brand":[],"product_cat":[21605],"product_tag":[],"class_list":{"0":"post-154570","1":"product","2":"type-product","3":"status-publish","4":"has-post-thumbnail","6":"product_cat-wanderfuehrer-trekking","7":"pa_autor-bosse-steinweg","8":"pa_erscheinungsjahr-27415","9":"pa_region-osteuropa","10":"pa_sprache-de","12":"first","13":"instock","14":"taxable","15":"shipping-taxable","16":"purchasable","17":"product-type-simple"},"_links":{"self":[{"href":"https:\/\/pizbube.ch\/en\/wp-json\/wp\/v2\/product\/154570","targetHints":{"allow":["GET"]}}],"collection":[{"href":"https:\/\/pizbube.ch\/en\/wp-json\/wp\/v2\/product"}],"about":[{"href":"https:\/\/pizbube.ch\/en\/wp-json\/wp\/v2\/types\/product"}],"wp:featuredmedia":[{"embeddable":true,"href":"https:\/\/pizbube.ch\/en\/wp-json\/wp\/v2\/media\/180287"}],"wp:attachment":[{"href":"https:\/\/pizbube.ch\/en\/wp-json\/wp\/v2\/media?parent=154570"}],"wp:term":[{"taxonomy":"product_brand","embeddable":true,"href":"https:\/\/pizbube.ch\/en\/wp-json\/wp\/v2\/product_brand?post=154570"},{"taxonomy":"product_cat","embeddable":true,"href":"https:\/\/pizbube.ch\/en\/wp-json\/wp\/v2\/product_cat?post=154570"},{"taxonomy":"product_tag","embeddable":true,"href":"https:\/\/pizbube.ch\/en\/wp-json\/wp\/v2\/product_tag?post=154570"}],"curies":[{"name":"wp","href":"https:\/\/api.w.org\/{rel}","templated":true}]}}