{"id":154572,"date":"2021-01-15T14:35:27","date_gmt":"2021-01-15T14:35:27","guid":{"rendered":"https:\/\/codengine3.ch\/?product=import-placeholder-for-205827"},"modified":"2021-01-15T14:44:17","modified_gmt":"2021-01-15T14:44:17","slug":"alpenvereinsjahrbuch-berg-2010","status":"publish","type":"product","link":"https:\/\/pizbube.ch\/en\/shop\/alpenvereinsjahrbuch-berg-2010\/","title":{"rendered":"Alpenvereinsjahrbuch Berg 2010"},"content":{"rendered":"<p>Dieses Jahr mit dem Top-Thema &#8218;Lebensraum Alpen im Wandel&#8216;: Die Alpen als ein<br \/>\nbesonders sensibles \u00f6kologisches System und als &#8218;Fr\u00fchwarnsystem&#8216; f\u00fcr die<br \/>\nEntwicklung unseres Lebensraums allgemein. Dabei werden insbesondere<br \/>\nLandschaft, Verkehr und Tourismus auf vielf\u00e4ltige Weise analysiert.<br \/>\nBergsport heute: Unter Anderem mit Beitr\u00e4gen von Thomas Huber \u00fcber neue<br \/>\nHerausforderungen in der Antarktis, Tamara Schlemmer \u00fcber das<br \/>\nWettkampfklettern, \u00fcber die Vulkanriesen Ecuadors, ein Naturparadies im<br \/>\nIndischen Ozean und das H\u00f6lloch im Kleinwalsertal.  <\/p>\n<p>Expeditionen gestern: Portr\u00e4its von Willi Rickmer Rickmers, Hettie Dyhrenfurth<br \/>\nund die russischen Bergsteigerlegenden Ewgeni und Witali Abalagow geben uns<br \/>\nEinblicke in das Expeditionsbergsteigen des letzten Jahrhunderts und zeigen<br \/>\nauf, wie stark der Alpinismus mit den gesellschaftlichen und politischen<br \/>\nStr\u00f6mungen der Zeit verkn\u00fcpft war.  <\/p>\n<p>Alpine Geschichte: Clemens Hutter l\u00e4sst die R\u00f6mer zu Wort kommen, Peter Pallua<br \/>\neinen Marteller Geistlichen und Andreas Hohl sinniert mit satirischer Feder<br \/>\n\u00fcber \u00d6tzi und die Anf\u00e4nge des Trentiner Tourismus.  <\/p>\n<p>Alpine Chronik: &#8218;Wo geht&#8217;s lang?&#8216; fragt Max Bolland und listet auf, was in den<br \/>\ndiversen alpinen Stilrichtungen Gro\u00dfartiges geleistet wurde. Erg\u00e4nzend<br \/>\nerl\u00e4utert Ingeborg Schmid-Mummert, wie spektakul\u00e4re Rettungseins\u00e4tze das<br \/>\n\u00f6ffentliche Bild vom Bergsteigen bestimmen, und Thomas Burger beschreibt im<br \/>\nAbstand von 20 Jahren nach seinem Unfall in der Eiger-Nordwand sein Leben<br \/>\ndanach.  <\/p>\n<p>Karten-\/Gebietsthema: Warum die &#8217;stillen Tuxer&#8216; ihren Namen zu Recht tragen,<br \/>\nwelche M\u00f6glichkeiten sie besonders f\u00fcr den Skitourengeher bieten, aber auch<br \/>\nwelchen Gefahren dieser urspr\u00fcngliche und noch weitgehend intakte Naturraum<br \/>\nausgesetzt ist, wird im Karten-Gebietsthema beschrieben.<br \/>\nmit zahlreichen farbigen Abbildungen und Tabellen. 320 S.. mit 1 Karte in<br \/>\nDeckeltasche (Alpenvereinskarte Wetterstein- u. Mieminger Gebirge, Mitte).  <\/p>","protected":false},"excerpt":{"rendered":"<p>Dieses Jahr mit dem Top-Thema &#8218;Lebensraum Alpen im Wandel&#8216;: Die Alpen als ein besonders sensibles \u00f6kologisches System und als &#8218;Fr\u00fchwarnsystem&#8216; f\u00fcr die Entwicklung unseres Lebensraums allgemein. Dabei werden insbesondere Landschaft, Verkehr und Tourismus auf vielf\u00e4ltige Weise analysiert. Bergsport heute: Unter Anderem mit Beitr\u00e4gen von Thomas Huber \u00fcber neue Herausforderungen in der Antarktis, Tamara Schlemmer \u00fcber [&#8230;]\n","protected":false},"featured_media":34655,"template":"","meta":[],"product_brand":[],"product_cat":[21542],"product_tag":[],"class_list":{"0":"post-154572","1":"product","2":"type-product","3":"status-publish","4":"has-post-thumbnail","6":"product_cat-sachbuecher-dokumentationen","7":"pa_autor-dav","8":"pa_erscheinungsjahr-21693","9":"pa_region-deutschland","10":"pa_sprache-de","12":"first","13":"instock","14":"taxable","15":"shipping-taxable","16":"purchasable","17":"product-type-simple"},"_links":{"self":[{"href":"https:\/\/pizbube.ch\/en\/wp-json\/wp\/v2\/product\/154572","targetHints":{"allow":["GET"]}}],"collection":[{"href":"https:\/\/pizbube.ch\/en\/wp-json\/wp\/v2\/product"}],"about":[{"href":"https:\/\/pizbube.ch\/en\/wp-json\/wp\/v2\/types\/product"}],"wp:featuredmedia":[{"embeddable":true,"href":"https:\/\/pizbube.ch\/en\/wp-json\/wp\/v2\/media\/34655"}],"wp:attachment":[{"href":"https:\/\/pizbube.ch\/en\/wp-json\/wp\/v2\/media?parent=154572"}],"wp:term":[{"taxonomy":"product_brand","embeddable":true,"href":"https:\/\/pizbube.ch\/en\/wp-json\/wp\/v2\/product_brand?post=154572"},{"taxonomy":"product_cat","embeddable":true,"href":"https:\/\/pizbube.ch\/en\/wp-json\/wp\/v2\/product_cat?post=154572"},{"taxonomy":"product_tag","embeddable":true,"href":"https:\/\/pizbube.ch\/en\/wp-json\/wp\/v2\/product_tag?post=154572"}],"curies":[{"name":"wp","href":"https:\/\/api.w.org\/{rel}","templated":true}]}}