{"id":154573,"date":"2021-01-15T14:35:33","date_gmt":"2021-01-15T14:35:33","guid":{"rendered":"https:\/\/codengine3.ch\/?product=import-placeholder-for-204705"},"modified":"2022-09-16T10:59:57","modified_gmt":"2022-09-16T08:59:57","slug":"freeride-map-schilthorn-jungfrau-region-1-25-000","status":"publish","type":"product","link":"https:\/\/pizbube.ch\/en\/shop\/freeride-map-schilthorn-jungfrau-region-1-25-000\/","title":{"rendered":"Freeride Map Schilthorn \/ Jungfrau Region 1: 25 000"},"content":{"rendered":"<p>Die Freeride Map basiert auf den Landeskarten der Schweizerischen Bundesamt<br \/>\nf\u00fcr Landestopografie swisstopo und des BEV \u00d6sterreich im Massstab 1:25`000 und<br \/>\nbietet alle n\u00f6tigen Gel\u00e4ndeinformationen, die f\u00fcr die Planung und Umsetzung<br \/>\nvon Freeride-Touren erforderlich sind. Die Freeride Map ist auf wasser- und<br \/>\nreissfester Folie gedruckt und dadurch praktisch unzerst\u00f6rbar.<\/p>\n<p>Die farblich gekennzeichneten Freeride-Korridore zeigen die Bereiche, welche<br \/>\nbefahren werden k\u00f6nnen. Sie sind in drei Schwierigkeitsstufen dargestellt:<\/p>\n<p>Blau markierte Sektoren bezeichnen fahrtechnisch einfaches Gel\u00e4nde. Hier<br \/>\nfinden sowohl Rookies als auch Cracks fl\u00fcssig zu fahrende Linien.<\/p>\n<p>Gelbe Sektoren erfordern fortgeschrittenes bis hohes fahrtechnisches K\u00f6nnen.<br \/>\nDie Abfahrtsrouten k\u00f6nnen abschnittsweise durch anspruchsvolles Gel\u00e4nde<br \/>\nf\u00fchren.<\/p>\n<p>Sehr schwieriges bis extremes Gel\u00e4nde ist rot eingezeichnet. Teilweise<br \/>\nausgesetzt und daher nur absoluten K\u00f6nnern vorbehalten. St\u00fcrze k\u00f6nnen fatal<br \/>\nenden und sind deshalb unbedingt zu vermeiden!<\/p>","protected":false},"excerpt":{"rendered":"<p>Die Freeride Map basiert auf den Landeskarten der Schweizerischen Bundesamt f\u00fcr Landestopografie swisstopo und des BEV \u00d6sterreich im Massstab 1:25`000 und bietet alle n\u00f6tigen Gel\u00e4ndeinformationen, die f\u00fcr die Planung und Umsetzung von Freeride-Touren erforderlich sind. Die Freeride Map ist auf wasser- und reissfester Folie gedruckt und dadurch praktisch unzerst\u00f6rbar. Die farblich gekennzeichneten Freeride-Korridore zeigen die [&#8230;]\n","protected":false},"featured_media":161170,"template":"","meta":[],"product_brand":[],"product_cat":[21543],"product_tag":[],"class_list":{"0":"post-154573","1":"product","2":"type-product","3":"status-publish","4":"has-post-thumbnail","6":"product_cat-landkarten","7":"pa_autor-frm","8":"pa_erscheinungsjahr-21621","9":"pa_region-schweiz","10":"pa_sprache-de","12":"first","13":"outofstock","14":"taxable","15":"shipping-taxable","16":"purchasable","17":"product-type-simple"},"_links":{"self":[{"href":"https:\/\/pizbube.ch\/en\/wp-json\/wp\/v2\/product\/154573","targetHints":{"allow":["GET"]}}],"collection":[{"href":"https:\/\/pizbube.ch\/en\/wp-json\/wp\/v2\/product"}],"about":[{"href":"https:\/\/pizbube.ch\/en\/wp-json\/wp\/v2\/types\/product"}],"wp:featuredmedia":[{"embeddable":true,"href":"https:\/\/pizbube.ch\/en\/wp-json\/wp\/v2\/media\/161170"}],"wp:attachment":[{"href":"https:\/\/pizbube.ch\/en\/wp-json\/wp\/v2\/media?parent=154573"}],"wp:term":[{"taxonomy":"product_brand","embeddable":true,"href":"https:\/\/pizbube.ch\/en\/wp-json\/wp\/v2\/product_brand?post=154573"},{"taxonomy":"product_cat","embeddable":true,"href":"https:\/\/pizbube.ch\/en\/wp-json\/wp\/v2\/product_cat?post=154573"},{"taxonomy":"product_tag","embeddable":true,"href":"https:\/\/pizbube.ch\/en\/wp-json\/wp\/v2\/product_tag?post=154573"}],"curies":[{"name":"wp","href":"https:\/\/api.w.org\/{rel}","templated":true}]}}