{"id":154575,"date":"2021-01-15T14:35:39","date_gmt":"2021-01-15T14:35:39","guid":{"rendered":"https:\/\/codengine3.ch\/?product=import-placeholder-for-204714"},"modified":"2021-01-15T14:35:42","modified_gmt":"2021-01-15T14:35:42","slug":"von-schroffen-bergen-eingeschlossen-das-lechquellengebirge-und-seine-erschliessung","status":"publish","type":"product","link":"https:\/\/pizbube.ch\/en\/shop\/von-schroffen-bergen-eingeschlossen-das-lechquellengebirge-und-seine-erschliessung\/","title":{"rendered":"Von schroffen Bergen eingeschlossen. Das Lechquellengebirge und seine Erschlie\u00dfung"},"content":{"rendered":"<p>Das 100j\u00e4hrige Jubil\u00e4um der 1912 er\u00f6ffneten Freiburger H\u00fctte und der<br \/>\nRavensburger H\u00fctte im Einzugsgebiet des Klostertals nimmt der Museumsverein<br \/>\nKlostertal zum Anlass, in einer Ausstellung die Kulturlandschaft des<br \/>\nLechquellengebirges und seine Erschlie\u00dfung zu pr\u00e4sentieren. Nebender Geologie,<br \/>\nder Namenslandschaft und der alpinistischen Erschlie\u00dfungsgeschichte stehen die<br \/>\nGeschichte der H\u00fctten und auch die Kunst im Lechquellengebirge im Mittelpunkt.<br \/>\nSo werden zahlreiche Werke bedeutender K\u00fcnstlerinnen und K\u00fcnstler wie auch<br \/>\nExponate aus der Geschichteder H\u00fctten gezeigt. Au\u00dferdem werden die Geschichten<br \/>\nvon Pionieren des Alpinismus in Form von Zeitzeugeninterviews mit einbezogen.<\/p>\n<p>192 Seiten, zahlreiche Farb- und Schwarzwei\u00dfabbildungen<\/p>","protected":false},"excerpt":{"rendered":"<p>Das 100j\u00e4hrige Jubil\u00e4um der 1912 er\u00f6ffneten Freiburger H\u00fctte und der Ravensburger H\u00fctte im Einzugsgebiet des Klostertals nimmt der Museumsverein Klostertal zum Anlass, in einer Ausstellung die Kulturlandschaft des Lechquellengebirges und seine Erschlie\u00dfung zu pr\u00e4sentieren. Nebender Geologie, der Namenslandschaft und der alpinistischen Erschlie\u00dfungsgeschichte stehen die Geschichte der H\u00fctten und auch die Kunst im Lechquellengebirge im Mittelpunkt. [&#8230;]\n","protected":false},"featured_media":33063,"template":"","meta":[],"product_brand":[],"product_cat":[21542],"product_tag":[],"class_list":{"0":"post-154575","1":"product","2":"type-product","3":"status-publish","4":"has-post-thumbnail","6":"product_cat-sachbuecher-dokumentationen","7":"pa_autor-thoeny-rudigier","8":"pa_erscheinungsjahr-21621","9":"pa_region-oesterreich","10":"pa_sprache-de","12":"first","13":"instock","14":"taxable","15":"shipping-taxable","16":"purchasable","17":"product-type-simple"},"_links":{"self":[{"href":"https:\/\/pizbube.ch\/en\/wp-json\/wp\/v2\/product\/154575","targetHints":{"allow":["GET"]}}],"collection":[{"href":"https:\/\/pizbube.ch\/en\/wp-json\/wp\/v2\/product"}],"about":[{"href":"https:\/\/pizbube.ch\/en\/wp-json\/wp\/v2\/types\/product"}],"wp:featuredmedia":[{"embeddable":true,"href":"https:\/\/pizbube.ch\/en\/wp-json\/wp\/v2\/media\/33063"}],"wp:attachment":[{"href":"https:\/\/pizbube.ch\/en\/wp-json\/wp\/v2\/media?parent=154575"}],"wp:term":[{"taxonomy":"product_brand","embeddable":true,"href":"https:\/\/pizbube.ch\/en\/wp-json\/wp\/v2\/product_brand?post=154575"},{"taxonomy":"product_cat","embeddable":true,"href":"https:\/\/pizbube.ch\/en\/wp-json\/wp\/v2\/product_cat?post=154575"},{"taxonomy":"product_tag","embeddable":true,"href":"https:\/\/pizbube.ch\/en\/wp-json\/wp\/v2\/product_tag?post=154575"}],"curies":[{"name":"wp","href":"https:\/\/api.w.org\/{rel}","templated":true}]}}