{"id":154577,"date":"2021-01-15T14:35:40","date_gmt":"2021-01-15T14:35:40","guid":{"rendered":"https:\/\/codengine3.ch\/?product=import-placeholder-for-208082"},"modified":"2021-01-15T17:49:59","modified_gmt":"2021-01-15T17:49:59","slug":"ontario-bouldering-the-niagara-glen","status":"publish","type":"product","link":"https:\/\/pizbube.ch\/en\/shop\/ontario-bouldering-the-niagara-glen\/","title":{"rendered":"Ontario Bouldering &#8211; The Niagara Glen"},"content":{"rendered":"<p>\nAfter two decades, Niagara Falls&#8216; bouldering area, the Niagara Glen, finally<br \/>\nhas a bouldering guidebook it deserves. Supported by the community, this<br \/>\ncolourful guidebook features hundreds of problems and everything you could<br \/>\nwant in a bouldering guidebook: over 800 problems from V0 to V12, beautiful<br \/>\nhand-drawn maps, GPS coordinates, pages for notes and beta, tick lists,<br \/>\nclimbing-inspired art, quality photography from contributors, history of the<br \/>\nNiagara Glen, and detailed problem descriptions.  <\/p>\n<p>The Niagara Glen is a cherished climbing area, but for the past several years<br \/>\n\u2013 even with guidebooks \u2013 climbers continually get lost in the forest. This<br \/>\nguidebook solves that problem with up-to-date info, as much has changed over<br \/>\nthe years (holds have fallen off, and some problems have fallen out of use).<\/p>\n<p>Es gab 5 verschiedene Boulderf\u00fchrer f\u00fcr den Glen (danke, vorherige Autoren!),<br \/>\naber kein einziger hat jedes Boulderproblem von einem Ende des Niagara-Glen<br \/>\nzum anderen behandelt. Dieser neue F\u00fchrer wird Ihnen helfen, mehr \u00fcber die<br \/>\ngro\u00dfartigen Klettertouren im Glen zu erfahren.  <\/p>\n<p>Der neue Boulderf\u00fchrer enth\u00e4lt detaillierte Beschreibungen und<br \/>\nWegbeschreibungen zu Gebieten, Felsbrocken und Problemen im gesamten Glen<br \/>\nsowie einen \u00dcberblick \u00fcber die einzigartige Geschichte der Region. Der F\u00fchrer<br \/>\nwird auch dazu beitragen, neuen und erfahrenen Kletterern Richtlinien zu<br \/>\nvermitteln, um den Zugang zum Niagara Glen offen zu halten, da es eines der<br \/>\nwenigen Bouldergebiete ist, die wir in S\u00fcdontario haben.  <\/p>","protected":false},"excerpt":{"rendered":"<p>After two decades, Niagara Falls&#8216; bouldering area, the Niagara Glen, finally has a bouldering guidebook it deserves. Supported by the community, this colourful guidebook features hundreds of problems and everything you could want in a bouldering guidebook: over 800 problems from V0 to V12, beautiful hand-drawn maps, GPS coordinates, pages for notes and beta, tick [&#8230;]\n","protected":false},"featured_media":39292,"template":"","meta":[],"product_brand":[],"product_cat":[21539],"product_tag":[],"class_list":{"0":"post-154577","1":"product","2":"type-product","3":"status-publish","4":"has-post-thumbnail","6":"product_cat-fuehrerliteratur-sportklettern-bouldern","7":"pa_autor-wong-szumilas-wilson","8":"pa_erscheinungsjahr-21546","9":"pa_region-amerika-nord","10":"pa_sprache-en","12":"first","13":"instock","14":"taxable","15":"shipping-taxable","16":"purchasable","17":"product-type-simple"},"_links":{"self":[{"href":"https:\/\/pizbube.ch\/en\/wp-json\/wp\/v2\/product\/154577","targetHints":{"allow":["GET"]}}],"collection":[{"href":"https:\/\/pizbube.ch\/en\/wp-json\/wp\/v2\/product"}],"about":[{"href":"https:\/\/pizbube.ch\/en\/wp-json\/wp\/v2\/types\/product"}],"wp:featuredmedia":[{"embeddable":true,"href":"https:\/\/pizbube.ch\/en\/wp-json\/wp\/v2\/media\/39292"}],"wp:attachment":[{"href":"https:\/\/pizbube.ch\/en\/wp-json\/wp\/v2\/media?parent=154577"}],"wp:term":[{"taxonomy":"product_brand","embeddable":true,"href":"https:\/\/pizbube.ch\/en\/wp-json\/wp\/v2\/product_brand?post=154577"},{"taxonomy":"product_cat","embeddable":true,"href":"https:\/\/pizbube.ch\/en\/wp-json\/wp\/v2\/product_cat?post=154577"},{"taxonomy":"product_tag","embeddable":true,"href":"https:\/\/pizbube.ch\/en\/wp-json\/wp\/v2\/product_tag?post=154577"}],"curies":[{"name":"wp","href":"https:\/\/api.w.org\/{rel}","templated":true}]}}