{"id":154582,"date":"2021-01-15T14:35:41","date_gmt":"2021-01-15T14:35:41","guid":{"rendered":"https:\/\/codengine3.ch\/?product=import-placeholder-for-208569"},"modified":"2021-01-15T17:55:24","modified_gmt":"2021-01-15T17:55:24","slug":"ski-raide-autour-de-cuneo","status":"publish","type":"product","link":"https:\/\/pizbube.ch\/en\/shop\/ski-raide-autour-de-cuneo\/","title":{"rendered":"SKI RAIDE autour de CUNEO"},"content":{"rendered":"<p>SKI DE PENTE RAIDE dans la r\u00e9gion de CONI<\/p>\n<p>102 itin\u00e9raires depuis la T\u00eate de Moise jusque&#8217;au Mont Viso<\/p>\n<p>Les vall\u00e9es de la r\u00e9gion de Coni foisonnent d&#8217;itin\u00e9raires de ski de pente<br \/>\nraide. Ces derni\u00e8res ann\u00e9es, ce sport fascinant a attir\u00e9 de nombreaux<br \/>\npassionn\u00e9s. Ce premier volume d\u00e9crit, au moyen de fiche d\u00e9taill\u00e9es et de<br \/>\nphotos, plus de 100 itin\u00e9raires de ski de pente raide, signeusement choisis et<br \/>\nparcours par les auteurs dans les vall\u00e9es Grana, Varaita et Po.<\/p>","protected":false},"excerpt":{"rendered":"<p>SKI DE PENTE RAIDE dans la r\u00e9gion de CONI 102 itin\u00e9raires depuis la T\u00eate de Moise jusque&#8217;au Mont Viso Les vall\u00e9es de la r\u00e9gion de Coni foisonnent d&#8217;itin\u00e9raires de ski de pente raide. Ces derni\u00e8res ann\u00e9es, ce sport fascinant a attir\u00e9 de nombreaux passionn\u00e9s. Ce premier volume d\u00e9crit, au moyen de fiche d\u00e9taill\u00e9es et de [&#8230;]\n","protected":false},"featured_media":40590,"template":"","meta":[],"product_brand":[],"product_cat":[21540],"product_tag":[],"class_list":{"0":"post-154582","1":"product","2":"type-product","3":"status-publish","4":"has-post-thumbnail","6":"product_cat-fuehrerliteratur-alpin-winter","7":"pa_autor-fiorito-garnero","8":"pa_erscheinungsjahr-21574","9":"pa_region-italien","10":"pa_sprache-fr","12":"first","13":"instock","14":"taxable","15":"shipping-taxable","16":"purchasable","17":"product-type-simple"},"_links":{"self":[{"href":"https:\/\/pizbube.ch\/en\/wp-json\/wp\/v2\/product\/154582","targetHints":{"allow":["GET"]}}],"collection":[{"href":"https:\/\/pizbube.ch\/en\/wp-json\/wp\/v2\/product"}],"about":[{"href":"https:\/\/pizbube.ch\/en\/wp-json\/wp\/v2\/types\/product"}],"wp:featuredmedia":[{"embeddable":true,"href":"https:\/\/pizbube.ch\/en\/wp-json\/wp\/v2\/media\/40590"}],"wp:attachment":[{"href":"https:\/\/pizbube.ch\/en\/wp-json\/wp\/v2\/media?parent=154582"}],"wp:term":[{"taxonomy":"product_brand","embeddable":true,"href":"https:\/\/pizbube.ch\/en\/wp-json\/wp\/v2\/product_brand?post=154582"},{"taxonomy":"product_cat","embeddable":true,"href":"https:\/\/pizbube.ch\/en\/wp-json\/wp\/v2\/product_cat?post=154582"},{"taxonomy":"product_tag","embeddable":true,"href":"https:\/\/pizbube.ch\/en\/wp-json\/wp\/v2\/product_tag?post=154582"}],"curies":[{"name":"wp","href":"https:\/\/api.w.org\/{rel}","templated":true}]}}