{"id":154585,"date":"2021-01-15T14:35:53","date_gmt":"2021-01-15T14:35:53","guid":{"rendered":"https:\/\/codengine3.ch\/?product=import-placeholder-for-207859"},"modified":"2023-08-19T13:34:40","modified_gmt":"2023-08-19T11:34:40","slug":"bariloche-vertical-guia-de-escaladas-en-patagonia-norte","status":"publish","type":"product","link":"https:\/\/pizbube.ch\/en\/shop\/bariloche-vertical-guia-de-escaladas-en-patagonia-norte\/","title":{"rendered":"BARILOCHE VERTICAL &#8211; Guia de escaladas en Patagonia Norte"},"content":{"rendered":"<p>GUIA DE ESCALADA DEPORTIVA<\/p>\n<p>Bariloche y la regi\u00f3n norpatagonica en general se han transformado en pocos<br \/>\na\u00f1os en un destino muy importante para los escaladores, deportivos y cl\u00e1sicos<br \/>\nde Argentina y de diferentes partes del mundo.<\/p>\n<p>Hoy en d\u00eda hay muchos sectores y una gran variedad de estilos de escalada y<br \/>\ntipos de rocas en muy pocos kil\u00f3metros a la redonda. Es posible elegir escalar<br \/>\nal sol o a la sombra, o buscar buen tiempo alej\u00e1ndose de la Cordillera.<\/p>\n<p>Climbing Guidebook Bariloche:<br \/>\nEach rock climbing spot in Bariloche is unique and has a particular landscape<br \/>\nwith its characteristic views. Whether it\u2019s of the famous bright blue Nahuel<br \/>\nHuapi and Gutierrez lakes, to name a few, or of one of the many surrounding<br \/>\nmountains, or stunning forested areas, you\u2019re bound to fall in love with the<br \/>\nbeautiful Bariloche sceneries.<\/p>\n<p>SECTORES DE ESCALADA AREA BARILOCHE:<\/p>\n<p>VENTANA<br \/>\nCERRO SAN MARTIN<br \/>\nCOLONIA GRANITO<br \/>\nMORENITO<br \/>\nTREBOL<br \/>\nBAHIA LOPEZ DEPORTIVO<br \/>\nLLANQUIN<br \/>\nPICHILEUFU<br \/>\nCA\u00d1ADON DE LOS VIEJOS VINAGRES<br \/>\nVILLA LA ANGOSTURA<br \/>\nLAGO GUTIERREZ<\/p>","protected":false},"excerpt":{"rendered":"<p>GUIA DE ESCALADA DEPORTIVA Bariloche y la regi\u00f3n norpatagonica en general se han transformado en pocos a\u00f1os en un destino muy importante para los escaladores, deportivos y cl\u00e1sicos de Argentina y de diferentes partes del mundo. Hoy en d\u00eda hay muchos sectores y una gran variedad de estilos de escalada y tipos de rocas en [&#8230;]\n","protected":false},"featured_media":38647,"template":"","meta":[],"product_brand":[],"product_cat":[21539],"product_tag":[],"class_list":{"0":"post-154585","1":"product","2":"type-product","3":"status-publish","4":"has-post-thumbnail","6":"product_cat-fuehrerliteratur-sportklettern-bouldern","7":"pa_autor-pontoriero","8":"pa_erscheinungsjahr-21610","9":"pa_region-amerika-sued","10":"pa_sprache-es-en","12":"first","13":"outofstock","14":"taxable","15":"shipping-taxable","16":"purchasable","17":"product-type-simple"},"_links":{"self":[{"href":"https:\/\/pizbube.ch\/en\/wp-json\/wp\/v2\/product\/154585","targetHints":{"allow":["GET"]}}],"collection":[{"href":"https:\/\/pizbube.ch\/en\/wp-json\/wp\/v2\/product"}],"about":[{"href":"https:\/\/pizbube.ch\/en\/wp-json\/wp\/v2\/types\/product"}],"wp:featuredmedia":[{"embeddable":true,"href":"https:\/\/pizbube.ch\/en\/wp-json\/wp\/v2\/media\/38647"}],"wp:attachment":[{"href":"https:\/\/pizbube.ch\/en\/wp-json\/wp\/v2\/media?parent=154585"}],"wp:term":[{"taxonomy":"product_brand","embeddable":true,"href":"https:\/\/pizbube.ch\/en\/wp-json\/wp\/v2\/product_brand?post=154585"},{"taxonomy":"product_cat","embeddable":true,"href":"https:\/\/pizbube.ch\/en\/wp-json\/wp\/v2\/product_cat?post=154585"},{"taxonomy":"product_tag","embeddable":true,"href":"https:\/\/pizbube.ch\/en\/wp-json\/wp\/v2\/product_tag?post=154585"}],"curies":[{"name":"wp","href":"https:\/\/api.w.org\/{rel}","templated":true}]}}