{"id":154587,"date":"2021-01-15T14:35:54","date_gmt":"2021-01-15T14:35:54","guid":{"rendered":"https:\/\/codengine3.ch\/?product=import-placeholder-for-207320"},"modified":"2024-08-28T09:25:11","modified_gmt":"2024-08-28T07:25:11","slug":"kurt-albert-frei-denken-frei-klettern-frei-sein","status":"publish","type":"product","link":"https:\/\/pizbube.ch\/en\/shop\/kurt-albert-frei-denken-frei-klettern-frei-sein\/","title":{"rendered":"Kurt Albert: Frei denken &#8211; frei klettern &#8211; frei sein"},"content":{"rendered":"<p>Packend und lange erwartet: Die packende Biografie eines der kreativsten<br \/>\nAlpinisten aller Zeiten und die Antwort auf die Frage, warum Klettern ein<br \/>\nLebensgef\u00fchl ist<br \/>\nAnl\u00e4sslich des 10. Todestages von Kurt Albert am 28. September 2020<br \/>\nBasierend auf dem bislang nicht zug\u00e4nglichen privaten Text- und Bildarchiv von<br \/>\nKurt Albert sowie auf Gespr\u00e4chen mit Weggef\u00e4hrten und Zeitzeugen.<\/p>\n<p>Kurt Albert (1954-2010) war einer der gr\u00f6\u00dften und geistreichsten Kletterer und<br \/>\nBergsteiger aller Zeiten. Geboren in N\u00fcrnberg, z\u00e4hlte er zu den Pionieren der<br \/>\ninternationalen Freikletterbewegung, die im Frankenjura eines ihrer Zentren<br \/>\nhatte.<\/p>\n<p>Mit der Erfindung des Rotpunkts schrieb Kurt Albert Klettergeschichte. Sein<br \/>\nscharfer Verstand, seine Offenheit gegen\u00fcber Menschen und Ideen, seine<br \/>\nAbenteuerlust und sein Witz machten ihn zum Mittelpunkt einer sportlich-<br \/>\ngesellschaftlichen Subkultur, deren Einfl\u00fcsse weit \u00fcber das Klettern und<br \/>\nBergsteigen selbst hinausgingen. Mit ihr ver\u00e4nderten sich auch Traditionen,<br \/>\nWerte und Denkmuster, Klettern wurde zum Breitensport, dessen \u00f6konomische und<br \/>\n\u00e4sthetische Bedeutung heute in vielen Teilen der Gesellschaft deutlich<br \/>\nsichtbar ist.<\/p>\n<p>Mit zahlreichen Erstbegehungen hinterlie\u00df Kurt Albert seine Spuren in den<br \/>\nBergen der Welt. Noch bemerkenswerter als seine alpinistischen Leistungen ist<br \/>\naber die Konsequenz, mit der er seinen Lebensstil \u00fcber Jahrzehnten hinweg<br \/>\nbeibehielt. Kurt Albert war nicht nur Freikletterer &#8211; er f\u00fchrte vor allem und<br \/>\nzuvorderst ein freies, unabh\u00e4ngiges Leben.<\/p>\n<p>Mit seiner Biografie f\u00fcllt der mehrfach ausgezeichnete Autor und Filmemacher<br \/>\nTom Dauer eine Erinnerungsl\u00fccke, die Kurt Alberts pl\u00f6tzlicher Unfalltod im<br \/>\nSeptember 2010 gerissen hat. Sein Buch wird all jene ansprechen, die Klettern<br \/>\nund Bergsteigen nicht nur als Sport, sondern als Lebensgef\u00fchl begreifen.<\/p>\n<p>Hardcover<br \/>\n336 Seiten; 109 farb. u. 34 sw. Abb.; 30 mm x 150 mm<\/p>","protected":false},"excerpt":{"rendered":"<p>Packend und lange erwartet: Die packende Biografie eines der kreativsten Alpinisten aller Zeiten und die Antwort auf die Frage, warum Klettern ein Lebensgef\u00fchl ist Anl\u00e4sslich des 10. Todestages von Kurt Albert am 28. September 2020 Basierend auf dem bislang nicht zug\u00e4nglichen privaten Text- und Bildarchiv von Kurt Albert sowie auf Gespr\u00e4chen mit Weggef\u00e4hrten und Zeitzeugen. [&#8230;]\n","protected":false},"featured_media":174525,"template":"","meta":[],"product_brand":[],"product_cat":[21542],"product_tag":[],"class_list":{"0":"post-154587","1":"product","2":"type-product","3":"status-publish","4":"has-post-thumbnail","6":"product_cat-sachbuecher-dokumentationen","7":"pa_autor-dauer","8":"pa_erscheinungsjahr-21558","9":"pa_region-deutschland","10":"pa_sprache-de","12":"first","13":"instock","14":"taxable","15":"shipping-taxable","16":"purchasable","17":"product-type-simple"},"_links":{"self":[{"href":"https:\/\/pizbube.ch\/en\/wp-json\/wp\/v2\/product\/154587","targetHints":{"allow":["GET"]}}],"collection":[{"href":"https:\/\/pizbube.ch\/en\/wp-json\/wp\/v2\/product"}],"about":[{"href":"https:\/\/pizbube.ch\/en\/wp-json\/wp\/v2\/types\/product"}],"wp:featuredmedia":[{"embeddable":true,"href":"https:\/\/pizbube.ch\/en\/wp-json\/wp\/v2\/media\/174525"}],"wp:attachment":[{"href":"https:\/\/pizbube.ch\/en\/wp-json\/wp\/v2\/media?parent=154587"}],"wp:term":[{"taxonomy":"product_brand","embeddable":true,"href":"https:\/\/pizbube.ch\/en\/wp-json\/wp\/v2\/product_brand?post=154587"},{"taxonomy":"product_cat","embeddable":true,"href":"https:\/\/pizbube.ch\/en\/wp-json\/wp\/v2\/product_cat?post=154587"},{"taxonomy":"product_tag","embeddable":true,"href":"https:\/\/pizbube.ch\/en\/wp-json\/wp\/v2\/product_tag?post=154587"}],"curies":[{"name":"wp","href":"https:\/\/api.w.org\/{rel}","templated":true}]}}