{"id":154588,"date":"2021-01-15T14:35:55","date_gmt":"2021-01-15T14:35:55","guid":{"rendered":"https:\/\/codengine3.ch\/?product=import-placeholder-for-207403"},"modified":"2022-12-21T10:57:52","modified_gmt":"2022-12-21T09:57:52","slug":"lawinenkunde-fuer-wintersportler","status":"publish","type":"product","link":"https:\/\/pizbube.ch\/en\/shop\/lawinenkunde-fuer-wintersportler\/","title":{"rendered":"Lawinenkunde f\u00fcr Wintersportler"},"content":{"rendered":"<p>Ausr\u00fcstung, Tourenplanung, Notfallma\u00dfnahmen<\/p>\n<p>Vorsicht, Lawinengefahr! Wundersch\u00f6n verschneite Winterlandschaften,<br \/>\nunverspurte H\u00e4nge, die Freude auf den ersten Schwung, einzigartige<br \/>\nNaturerlebnisse &#8211; das sind vier gute Gr\u00fcnde, warum Skitouren und Freeride-<br \/>\nAbenteuer uns im Winter in die Berge locken. Doch wer sich im alpinen Gel\u00e4nde<br \/>\nbewegt, muss verantwortungsbewusst handeln, entsprechende Ausr\u00fcstung mitnehmen<br \/>\nund auf Ma\u00dfnahmen im Notfall gewappnet sein. Das gilt insbesondere f\u00fcr die<br \/>\nRisiken, die von Lawinen ausgehen. Dieser AllMountain Guide fasst aktuelle<br \/>\nErkenntnisse \u00fcber Lawinen zusammen. Er kn\u00fcpft an die Bed\u00fcrfnisse von<br \/>\nWintersportlern an und informiert \u00fcber aktuelle Standards in der Ausr\u00fcstung<br \/>\nund den derzeitigen Stand im Rettungs- und Risikomanagement.<\/p>\n<p>Schwerpunkte liegen auf pr\u00e4ventiven Ma\u00dfnahmen, der richtigen Tourenplanung und<br \/>\nden richtigen Ma\u00dfnahmen im Notfall:<br \/>\n. alles Wissenswerte \u00fcber Lawinen. praxisbezogene Informationen zu den<br \/>\nmodernsten Ausr\u00fcstungsstandards .<br \/>\nmit Notrufnummern f\u00fcr den Notfall, Checklisten, vielen n\u00fctzlichen<br \/>\nInternetadressen und Planungsformular f\u00fcr Touren Wertvolles Wissen f\u00fcr den<br \/>\ninteressierten Einsteiger, viel Neues f\u00fcr den versierten Wintersportler!<\/p>","protected":false},"excerpt":{"rendered":"<ul>\n<li><a href=\"https:\/\/pizbube.ch\/wp-content\/uploads\/attachments\/a_024\/88967E33AAE14BAE69D85A7EA68D85C1.pdf\" target=\"_blank\" rel=\"noopener\">PDF: Lawinenkunde_Leseprobe<\/a><\/li>\n<\/ul>","protected":false},"featured_media":37349,"template":"","meta":[],"product_brand":[],"product_cat":[21538],"product_tag":[],"class_list":{"0":"post-154588","1":"product","2":"type-product","3":"status-publish","4":"has-post-thumbnail","6":"product_cat-lehrbuecher","7":"pa_autor-thaller","8":"pa_erscheinungsjahr-21568","9":"pa_region-alpin-winter","10":"pa_sprache-de","12":"first","13":"outofstock","14":"taxable","15":"shipping-taxable","16":"purchasable","17":"product-type-simple"},"_links":{"self":[{"href":"https:\/\/pizbube.ch\/en\/wp-json\/wp\/v2\/product\/154588","targetHints":{"allow":["GET"]}}],"collection":[{"href":"https:\/\/pizbube.ch\/en\/wp-json\/wp\/v2\/product"}],"about":[{"href":"https:\/\/pizbube.ch\/en\/wp-json\/wp\/v2\/types\/product"}],"wp:featuredmedia":[{"embeddable":true,"href":"https:\/\/pizbube.ch\/en\/wp-json\/wp\/v2\/media\/37349"}],"wp:attachment":[{"href":"https:\/\/pizbube.ch\/en\/wp-json\/wp\/v2\/media?parent=154588"}],"wp:term":[{"taxonomy":"product_brand","embeddable":true,"href":"https:\/\/pizbube.ch\/en\/wp-json\/wp\/v2\/product_brand?post=154588"},{"taxonomy":"product_cat","embeddable":true,"href":"https:\/\/pizbube.ch\/en\/wp-json\/wp\/v2\/product_cat?post=154588"},{"taxonomy":"product_tag","embeddable":true,"href":"https:\/\/pizbube.ch\/en\/wp-json\/wp\/v2\/product_tag?post=154588"}],"curies":[{"name":"wp","href":"https:\/\/api.w.org\/{rel}","templated":true}]}}