{"id":154591,"date":"2021-01-15T14:36:03","date_gmt":"2021-01-15T14:36:03","guid":{"rendered":"https:\/\/codengine3.ch\/?product=import-placeholder-for-208484"},"modified":"2021-01-15T17:54:32","modified_gmt":"2021-01-15T17:54:32","slug":"authentische-kulissen-graubuenden-und-die-inszenierung-der-alpen","status":"publish","type":"product","link":"https:\/\/pizbube.ch\/en\/shop\/authentische-kulissen-graubuenden-und-die-inszenierung-der-alpen\/","title":{"rendered":"Authentische Kulissen &#8211; Graub\u00fcnden und die Inszenierung der Alpen"},"content":{"rendered":"<p>Rastst\u00e4tte und Shopping-Mall, Themenpark und Einkaufsdorf: In wenigen<br \/>\nJahrzehnten ist an den kommerziellen Durchgangsorten Graub\u00fcndens eine neue<br \/>\nWelt der perfektionierten Kulisse entstanden. Heidis heile Heimat lockt von<br \/>\nder Autobahn, und das Dorf wird zur reizvollen B\u00fchne f\u00fcr die globale Ware.<\/p>\n<p>Aber die Rezepte zur Herstellung solch durchkomponierter Erlebniswelten haben<br \/>\nl\u00e4ngst auch die klassischen Tourismusorte erreicht, wo eine stimmige<br \/>\nInszenierung die Authentizit\u00e4t schaffen soll, nach der das Publikum verlangt.<\/p>\n<p>Thomas Barfuss beleuchtet verschiedene Phasen alpiner Inszenierung \u2013 von der<br \/>\nProduktion eines rustikalen Heimatbildes zu Beginn des 20. Jahrhunderts zur<br \/>\nfolklorisierten Freizeitindustrie des Wirtschaftswunders; von den ersten<br \/>\nErlebniskulissen der Postmoderne zur alpinen Hyperrealit\u00e4t der Gegenwart. Sein<br \/>\nparadoxes Fazit: Authentizit\u00e4t ist ein produktiver Mythos, der immer neue<br \/>\nKulissen hervorbringt.<\/p>\n<p>286 Seiten; 50 farbige Abbildungen; gebunden  <\/p>","protected":false},"excerpt":{"rendered":"<p>Rastst\u00e4tte und Shopping-Mall, Themenpark und Einkaufsdorf: In wenigen Jahrzehnten ist an den kommerziellen Durchgangsorten Graub\u00fcndens eine neue Welt der perfektionierten Kulisse entstanden. Heidis heile Heimat lockt von der Autobahn, und das Dorf wird zur reizvollen B\u00fchne f\u00fcr die globale Ware. Aber die Rezepte zur Herstellung solch durchkomponierter Erlebniswelten haben l\u00e4ngst auch die klassischen Tourismusorte erreicht, [&#8230;]\n","protected":false},"featured_media":40327,"template":"","meta":[],"product_brand":[],"product_cat":[21580],"product_tag":[],"class_list":{"0":"post-154591","1":"product","2":"type-product","3":"status-publish","4":"has-post-thumbnail","6":"product_cat-kunst-kultur","7":"pa_autor-barfuss","8":"pa_erscheinungsjahr-21546","9":"pa_region-schweiz","10":"pa_sprache-de","12":"first","13":"instock","14":"taxable","15":"shipping-taxable","16":"purchasable","17":"product-type-simple"},"_links":{"self":[{"href":"https:\/\/pizbube.ch\/en\/wp-json\/wp\/v2\/product\/154591","targetHints":{"allow":["GET"]}}],"collection":[{"href":"https:\/\/pizbube.ch\/en\/wp-json\/wp\/v2\/product"}],"about":[{"href":"https:\/\/pizbube.ch\/en\/wp-json\/wp\/v2\/types\/product"}],"wp:featuredmedia":[{"embeddable":true,"href":"https:\/\/pizbube.ch\/en\/wp-json\/wp\/v2\/media\/40327"}],"wp:attachment":[{"href":"https:\/\/pizbube.ch\/en\/wp-json\/wp\/v2\/media?parent=154591"}],"wp:term":[{"taxonomy":"product_brand","embeddable":true,"href":"https:\/\/pizbube.ch\/en\/wp-json\/wp\/v2\/product_brand?post=154591"},{"taxonomy":"product_cat","embeddable":true,"href":"https:\/\/pizbube.ch\/en\/wp-json\/wp\/v2\/product_cat?post=154591"},{"taxonomy":"product_tag","embeddable":true,"href":"https:\/\/pizbube.ch\/en\/wp-json\/wp\/v2\/product_tag?post=154591"}],"curies":[{"name":"wp","href":"https:\/\/api.w.org\/{rel}","templated":true}]}}