{"id":154592,"date":"2021-01-15T14:36:03","date_gmt":"2021-01-15T14:36:03","guid":{"rendered":"https:\/\/codengine3.ch\/?product=import-placeholder-for-207179"},"modified":"2023-11-21T12:33:16","modified_gmt":"2023-11-21T11:33:16","slug":"dom-taeschhorn-krone-der-mischabel","status":"publish","type":"product","link":"https:\/\/pizbube.ch\/en\/shop\/dom-taeschhorn-krone-der-mischabel\/","title":{"rendered":"Dom &amp; T\u00e4schhorn \u2013 Krone der Mischabel"},"content":{"rendered":"<p>Wer ist der h\u00f6chste Berg ganz im Land?<br \/>\nWeisshorn, Dent Blanche, Finsteraarhorn? Nein \u2013 der Dom ist\u2019s, 4545 m hoch \u00fcber den T\u00e4lern von Zermatt und Saas thronend. Aber nicht alleine: Ein scharf gezackter Grat verbindet den Dom zum T\u00e4schhorn (4491 m). Es ist die zweith\u00f6chste Zacke der Mischabel \u2013 und wurde erstmals am 31. Juli 1862 bestiegen. Nur ein Grund, diesen wuchtigen Walliser Zwillingen eine Monografie zu widmen.<\/p>\n<p><span class=\"value\">Atemberaubend, dieses Duo! Hoch, eisig, br\u00fcchig. Ohne Fixseile, ohne Seilbahnen, ohne Heli-Landepl\u00e4tze. H\u00fctten erleichtern den Zugang, doch weit ist der Weg in jedem Fall, auf beide Gipfel. Auf der Seite von Saas Fee und auf der von Randa und T\u00e4sch. Es gibt bequemere Berge in den Alpen. Aber stolzere, echtere, h\u00f6here? Letzteres schon. Allerdings: Der Dom (4545 m) ist der f\u00fcnfth\u00f6chste Gipfel der Schweiz und der h\u00f6chste ganz im Land. Das T\u00e4schhorn ist blo\u00df 54 m weniger hoch, daf\u00fcr schwieriger zu besteigen. Herausforderungen f\u00fcr Alpinisten, Augenweiden f\u00fcr Bergtouristen, Anregung f\u00fcr Abenteuer, Stoff f\u00fcr Stubenhocker. <\/span><\/p>\n<p><span class=\"value\">Wir lernen die beiden Kerle kennen, die innerhalb von vier Jahren Dom und T\u00e4schhorn erstmals bestiegen: den Zermatter Bergf\u00fchrer Johann Zumtaugwald und den englischen Geistlichen John Llewelyn Davies. Wir k\u00f6nnen erstmals auf Deutsch den k\u00f6niglich- kernig-kreativen Text von Mary Mummery \u00fcber die erste Begehung des Teufelsgrats am T\u00e4schhorn lesen. Mit Geoffrey Winthrop Young \u00fcberleben wir knapp die erste Durchsteigung der S\u00fcdwestwand daselbst, mit Arnold Lunn schnallen wir zuoberst auf dem Dom die Ski an. Doch nicht nur um sportlich-geistige Glanztaten geht es in dieser Bergmonografie. Domherr Joseph Anton Berchtold, Vermesser und Namensgeber des Doms, wird vorgestellt, die h\u00f6chste Bl\u00fctenpflanze der Schweiz geortet, die H\u00fcttenwelt rund um das Zweigespann beschrieben. Und stimmt es wirklich, dass sich &#171;Mischabel&#187; von &#171;Mistgabel&#187; herleitet? Damit fallen Dom &amp; T\u00e4schhorn gewiss keine Zacken aus der Krone.<\/span><\/p>\n<p>176 Seiten, ca. 180 Abb. vierfarbig<br \/>\n17 x 24 cm, Pappband mit Schutzumschlag<\/p>","protected":false},"excerpt":{"rendered":"<p>Wer ist der h\u00f6chste Berg ganz im Land? Weisshorn, Dent Blanche, Finsteraarhorn? Nein \u2013 der Dom ist\u2019s, 4545 m hoch \u00fcber den T\u00e4lern von Zermatt und Saas thronend. Aber nicht alleine: Ein scharf gezackter Grat verbindet den Dom zum T\u00e4schhorn (4491 m). Es ist die zweith\u00f6chste Zacke der Mischabel \u2013 und wurde erstmals am 31. [&#8230;]\n","protected":false},"featured_media":170458,"template":"","meta":[],"product_brand":[],"product_cat":[21542],"product_tag":[],"class_list":{"0":"post-154592","1":"product","2":"type-product","3":"status-publish","4":"has-post-thumbnail","6":"product_cat-sachbuecher-dokumentationen","7":"pa_autor-anker-fink-volken","8":"pa_erscheinungsjahr-21621","9":"pa_region-schweiz","10":"pa_sprache-de","12":"first","13":"instock","14":"taxable","15":"shipping-taxable","16":"purchasable","17":"product-type-simple"},"_links":{"self":[{"href":"https:\/\/pizbube.ch\/en\/wp-json\/wp\/v2\/product\/154592","targetHints":{"allow":["GET"]}}],"collection":[{"href":"https:\/\/pizbube.ch\/en\/wp-json\/wp\/v2\/product"}],"about":[{"href":"https:\/\/pizbube.ch\/en\/wp-json\/wp\/v2\/types\/product"}],"wp:featuredmedia":[{"embeddable":true,"href":"https:\/\/pizbube.ch\/en\/wp-json\/wp\/v2\/media\/170458"}],"wp:attachment":[{"href":"https:\/\/pizbube.ch\/en\/wp-json\/wp\/v2\/media?parent=154592"}],"wp:term":[{"taxonomy":"product_brand","embeddable":true,"href":"https:\/\/pizbube.ch\/en\/wp-json\/wp\/v2\/product_brand?post=154592"},{"taxonomy":"product_cat","embeddable":true,"href":"https:\/\/pizbube.ch\/en\/wp-json\/wp\/v2\/product_cat?post=154592"},{"taxonomy":"product_tag","embeddable":true,"href":"https:\/\/pizbube.ch\/en\/wp-json\/wp\/v2\/product_tag?post=154592"}],"curies":[{"name":"wp","href":"https:\/\/api.w.org\/{rel}","templated":true}]}}