{"id":154594,"date":"2021-01-15T14:36:04","date_gmt":"2021-01-15T14:36:04","guid":{"rendered":"https:\/\/codengine3.ch\/?product=import-placeholder-for-207853"},"modified":"2021-01-15T16:59:20","modified_gmt":"2021-01-15T16:59:20","slug":"es-gibt-einen-berg-fuer-jedes-alter","status":"publish","type":"product","link":"https:\/\/pizbube.ch\/en\/shop\/es-gibt-einen-berg-fuer-jedes-alter\/","title":{"rendered":"Es gibt einen Berg f\u00fcr jedes Alter"},"content":{"rendered":"<p>\nJedem sein eigener Berg: vom Spazieren, Wandern und Bergsteigen  <\/p>\n<p>Der Berg ruft \u2013 wem er was zuruft, ist jedoch individuell sehr<br \/>\nunterschiedlich. W\u00e4hrend Extremkletterer Alexander Huber die Grenzerfahrung in<br \/>\nder Antarktis sucht, l\u00e4sst es Bischof Manfred Scheuer mittlerweile lieber<br \/>\netwas ruhiger angehen. Auch die Vorbereitungszeit zum Bergwandern variiert<br \/>\nsehr: FAZ-Journalist Andreas Lesti n\u00e4hert sich seit 15 Jahren dem Matterhorn,<br \/>\nBergsteigerin Marlies Czerny ist mit 21 schnell entschlossen einfach<br \/>\nlosmarschiert.  <\/p>\n<p>Welche Beweggr\u00fcnde und Motivation den Einzelnen auf den Weg bringen, haben die<br \/>\nAutoren aus unterschiedlichsten Bereichen und Lebensabschnitten humorvoll zu<br \/>\nPapier gebracht:  <\/p>\n<p>\u2013 Therapeutisches Wandern: hinaus aus dem Alltag, Zu-Sich-Finden durch<br \/>\nEntschleunigung<br \/>\n\u2013 Die eigenen Grenzen ausloten: es muss nicht gleich ein Achttausender sein<br \/>\n\u2013 Der Berg als Sehnsuchtsort, pr\u00e4gender Lehrer und Spiegel der Seele zugleich<br \/>\n\u2013 Pers\u00f6nliche Berg-Erlebnisse \u2013 ein originelles Geschenk f\u00fcr Wanderer und<br \/>\nAlpinisten!  <\/p>\n<p>Auf dem Weg zum Gipfel die innere Ruhe finden: Alpinismus in all seinen<br \/>\nFacetten  <\/p>\n<p>Der Weg ist das Ziel: In einer Zeit, wo alle Gipfel bezwungen und alle W\u00e4nde<br \/>\ndurchklettert zu sein scheinen, liegt der Fokus auf der Suche nach der inneren<br \/>\nRuhe unterwegs. Pers\u00f6nlichkeiten wie Barbara St\u00f6ckl, Sepp Forcher und Wolfgang<br \/>\nSch\u00fcssel erz\u00e4hlen von der Reise, die man beim Wandern im Inneren durchl\u00e4uft.<br \/>\nAus ihren Erz\u00e4hlungen wird deutlich, dass sich die Gr\u00fcnde f\u00fcr den Drang nach<br \/>\noben \u00e4ndern k\u00f6nnen \u2013 gut also, dass f\u00fcr jedes Alter der richtige Berg zu<br \/>\nfinden ist!  <\/p>\n<p>Hardcover; Seiten\/Umfang: 214 S. , 20 x 12 cm  <\/p>","protected":false},"excerpt":{"rendered":"<p>Jedem sein eigener Berg: vom Spazieren, Wandern und Bergsteigen Der Berg ruft \u2013 wem er was zuruft, ist jedoch individuell sehr unterschiedlich. W\u00e4hrend Extremkletterer Alexander Huber die Grenzerfahrung in der Antarktis sucht, l\u00e4sst es Bischof Manfred Scheuer mittlerweile lieber etwas ruhiger angehen. Auch die Vorbereitungszeit zum Bergwandern variiert sehr: FAZ-Journalist Andreas Lesti n\u00e4hert sich seit [&#8230;]\n","protected":false},"featured_media":38620,"template":"","meta":[],"product_brand":[],"product_cat":[21542],"product_tag":[],"class_list":{"0":"post-154594","1":"product","2":"type-product","3":"status-publish","4":"has-post-thumbnail","6":"product_cat-sachbuecher-dokumentationen","7":"pa_autor-forcher-schuessel","8":"pa_erscheinungsjahr-21558","9":"pa_region-oesterreich","10":"pa_sprache-de","12":"first","13":"instock","14":"taxable","15":"shipping-taxable","16":"purchasable","17":"product-type-simple"},"_links":{"self":[{"href":"https:\/\/pizbube.ch\/en\/wp-json\/wp\/v2\/product\/154594","targetHints":{"allow":["GET"]}}],"collection":[{"href":"https:\/\/pizbube.ch\/en\/wp-json\/wp\/v2\/product"}],"about":[{"href":"https:\/\/pizbube.ch\/en\/wp-json\/wp\/v2\/types\/product"}],"wp:featuredmedia":[{"embeddable":true,"href":"https:\/\/pizbube.ch\/en\/wp-json\/wp\/v2\/media\/38620"}],"wp:attachment":[{"href":"https:\/\/pizbube.ch\/en\/wp-json\/wp\/v2\/media?parent=154594"}],"wp:term":[{"taxonomy":"product_brand","embeddable":true,"href":"https:\/\/pizbube.ch\/en\/wp-json\/wp\/v2\/product_brand?post=154594"},{"taxonomy":"product_cat","embeddable":true,"href":"https:\/\/pizbube.ch\/en\/wp-json\/wp\/v2\/product_cat?post=154594"},{"taxonomy":"product_tag","embeddable":true,"href":"https:\/\/pizbube.ch\/en\/wp-json\/wp\/v2\/product_tag?post=154594"}],"curies":[{"name":"wp","href":"https:\/\/api.w.org\/{rel}","templated":true}]}}