{"id":154595,"date":"2021-01-15T14:36:04","date_gmt":"2021-01-15T14:36:04","guid":{"rendered":"https:\/\/codengine3.ch\/?product=import-placeholder-for-206646"},"modified":"2021-04-23T09:48:11","modified_gmt":"2021-04-23T07:48:11","slug":"endstation-eismeer","status":"publish","type":"product","link":"https:\/\/pizbube.ch\/en\/shop\/endstation-eismeer\/","title":{"rendered":"Endstation Eismeer"},"content":{"rendered":"<p>Schweiz \u2013 Titanic \u2013 Amerika<\/p>\n<p>Am 15. April 1912 versank die Titanic im Atlantik. An Bord befanden sich<br \/>\nzahlreiche Passagiere und Angestellte aus der Schweiz. Der Schweizermeister im<br \/>\nTennis reiste ebenso auf dem Luxusliner wie der Verwaltungsratspr\u00e4sident des<br \/>\n&#8218;Swiss Bankverein&#8216;, der in Begleitung eines Juristen einen hoch verschuldeten<br \/>\nStickereifabrikanten aus Arbon verfolgte, welcher sich nach Amerika abgesetzt<br \/>\nhatte.<\/p>\n<p>Die Tochter eines Z\u00fcrcher Textilfabrikanten wollte in New York ihren<br \/>\nstandesgem\u00e4ssen Br\u00e4utigam treffen, ein Magaziner eines Z\u00fcrcher Warenhauses<br \/>\nbeabsichtigte, mit seiner Familie nach Wisconsin auszuwandern, und ein junges<br \/>\nPaar aus Uri war auf dem Weg nach New Glarus. Im noblen A-la-carte-Restaurant<br \/>\nwaren mehrere Kellner aus dem Tessin und dem Puschlav besch\u00e4ftigt und f\u00fcr das<br \/>\nSpeiseeis war ein Luzerner Patisseur verantwortlich.<\/p>\n<p>Die Geschichten all dieser Passagiere verkn\u00fcpft Stefan Ineichen mit dem<br \/>\nZeitgeschehen und den Ereignissen, die die Schweiz und die Welt damals<br \/>\nbewegten: Migration, Wohnungsnot, Klassenkampf, Weltwirtschaftskrise,<br \/>\nLibyenkrieg, drahtlose Kommunikation und Globalisierung. W\u00e4hrend die Titanic<br \/>\nim Eismeer unterging, war eine Schweizer Forschungsexpedition auf dem Weg nach<br \/>\nGr\u00f6nland, besch\u00e4ftigte sich die Geologie mit den Spuren der Eiszeit und<br \/>\nbereisten reiche Touristen aus aller Welt die Schnee- und Eisberge der Alpen.<\/p>\n<p>&#8218;Endstation Eismeer&#8216; zeichnet ein faszinierendes Bild der Gesellschaft vor dem<br \/>\nersten Weltkrieg, illustriert mit zeitgen\u00f6ssischen Farbpostkarten.<br \/>\n168 Seiten, 48 Abbildungen von Photochrom-Postkarten, Pappband<\/p>","protected":false},"excerpt":{"rendered":"<p>Schweiz \u2013 Titanic \u2013 Amerika Am 15. April 1912 versank die Titanic im Atlantik. An Bord befanden sich zahlreiche Passagiere und Angestellte aus der Schweiz. Der Schweizermeister im Tennis reiste ebenso auf dem Luxusliner wie der Verwaltungsratspr\u00e4sident des &#8218;Swiss Bankverein&#8216;, der in Begleitung eines Juristen einen hoch verschuldeten Stickereifabrikanten aus Arbon verfolgte, welcher sich nach [&#8230;]\n","protected":false},"featured_media":35746,"template":"","meta":[],"product_brand":[],"product_cat":[21542],"product_tag":[],"class_list":{"0":"post-154595","1":"product","2":"type-product","3":"status-publish","4":"has-post-thumbnail","6":"product_cat-sachbuecher-dokumentationen","7":"pa_autor-ineichen","8":"pa_erscheinungsjahr-21610","9":"pa_region-schweiz","10":"pa_sprache-de","12":"first","13":"instock","14":"taxable","15":"shipping-taxable","16":"purchasable","17":"product-type-simple"},"_links":{"self":[{"href":"https:\/\/pizbube.ch\/en\/wp-json\/wp\/v2\/product\/154595","targetHints":{"allow":["GET"]}}],"collection":[{"href":"https:\/\/pizbube.ch\/en\/wp-json\/wp\/v2\/product"}],"about":[{"href":"https:\/\/pizbube.ch\/en\/wp-json\/wp\/v2\/types\/product"}],"wp:featuredmedia":[{"embeddable":true,"href":"https:\/\/pizbube.ch\/en\/wp-json\/wp\/v2\/media\/35746"}],"wp:attachment":[{"href":"https:\/\/pizbube.ch\/en\/wp-json\/wp\/v2\/media?parent=154595"}],"wp:term":[{"taxonomy":"product_brand","embeddable":true,"href":"https:\/\/pizbube.ch\/en\/wp-json\/wp\/v2\/product_brand?post=154595"},{"taxonomy":"product_cat","embeddable":true,"href":"https:\/\/pizbube.ch\/en\/wp-json\/wp\/v2\/product_cat?post=154595"},{"taxonomy":"product_tag","embeddable":true,"href":"https:\/\/pizbube.ch\/en\/wp-json\/wp\/v2\/product_tag?post=154595"}],"curies":[{"name":"wp","href":"https:\/\/api.w.org\/{rel}","templated":true}]}}