{"id":154596,"date":"2021-01-15T14:36:10","date_gmt":"2021-01-15T14:36:10","guid":{"rendered":"https:\/\/codengine3.ch\/?product=import-placeholder-for-204782"},"modified":"2021-01-15T14:36:14","modified_gmt":"2021-01-15T14:36:14","slug":"kleiner-mensch-auf-grossen-bergen","status":"publish","type":"product","link":"https:\/\/pizbube.ch\/en\/shop\/kleiner-mensch-auf-grossen-bergen\/","title":{"rendered":"Kleiner Mensch auf Grossen Bergen"},"content":{"rendered":"<p>Ein fr\u00f6hliches Berg-Abenteuer<\/p>\n<p>Neuauflage eines Klassikers&#8230;<br \/>\nDie fr\u00fchen F\u00fcnfzigerjahre hatten f\u00f6rmlich gewartet auf ein solches Werk. Als<br \/>\nZeitdokument widerspiegelt es das Lebensgef\u00fchl jener \u00c4ra.<\/p>\n<p>Karl Lukan wirkte quasi als &#171;Therapeut&#187;, indem er die Leser auf seine<br \/>\nBergabenteuer mitnahm und durch den positivem Grundton seiner Geschichten die<br \/>\nschlimme Vergangenheit vergessen lie\u00df und dann mittels der Wunderdroge<br \/>\n\u201eBergsteigen\u201c in eine sch\u00f6nere Gegenwelt zu zaubern.<\/p>\n<p>Seine unzertrennliche Berg- und Ehepartnerin Fritzi, mit der er letztlich eine<br \/>\nArt Symbiose bildete, hat in dieser Neuauflage als \u201eKleine Frau auf gro\u00dfen<br \/>\nBergen\u201c ihre eigenen Gedanken dazu festgehalten.<\/p>","protected":false},"excerpt":{"rendered":"<p>Ein fr\u00f6hliches Berg-Abenteuer Neuauflage eines Klassikers&#8230; Die fr\u00fchen F\u00fcnfzigerjahre hatten f\u00f6rmlich gewartet auf ein solches Werk. Als Zeitdokument widerspiegelt es das Lebensgef\u00fchl jener \u00c4ra. Karl Lukan wirkte quasi als &#171;Therapeut&#187;, indem er die Leser auf seine Bergabenteuer mitnahm und durch den positivem Grundton seiner Geschichten die schlimme Vergangenheit vergessen lie\u00df und dann mittels der Wunderdroge [&#8230;]\n","protected":false},"featured_media":33269,"template":"","meta":[],"product_brand":[],"product_cat":[21542],"product_tag":[],"class_list":{"0":"post-154596","1":"product","2":"type-product","3":"status-publish","4":"has-post-thumbnail","6":"product_cat-sachbuecher-dokumentationen","7":"pa_autor-lukan","8":"pa_erscheinungsjahr-21571","9":"pa_region-oesterreich","10":"pa_sprache-de","12":"first","13":"instock","14":"taxable","15":"shipping-taxable","16":"purchasable","17":"product-type-simple"},"_links":{"self":[{"href":"https:\/\/pizbube.ch\/en\/wp-json\/wp\/v2\/product\/154596","targetHints":{"allow":["GET"]}}],"collection":[{"href":"https:\/\/pizbube.ch\/en\/wp-json\/wp\/v2\/product"}],"about":[{"href":"https:\/\/pizbube.ch\/en\/wp-json\/wp\/v2\/types\/product"}],"wp:featuredmedia":[{"embeddable":true,"href":"https:\/\/pizbube.ch\/en\/wp-json\/wp\/v2\/media\/33269"}],"wp:attachment":[{"href":"https:\/\/pizbube.ch\/en\/wp-json\/wp\/v2\/media?parent=154596"}],"wp:term":[{"taxonomy":"product_brand","embeddable":true,"href":"https:\/\/pizbube.ch\/en\/wp-json\/wp\/v2\/product_brand?post=154596"},{"taxonomy":"product_cat","embeddable":true,"href":"https:\/\/pizbube.ch\/en\/wp-json\/wp\/v2\/product_cat?post=154596"},{"taxonomy":"product_tag","embeddable":true,"href":"https:\/\/pizbube.ch\/en\/wp-json\/wp\/v2\/product_tag?post=154596"}],"curies":[{"name":"wp","href":"https:\/\/api.w.org\/{rel}","templated":true}]}}