{"id":154600,"date":"2021-01-15T14:36:17","date_gmt":"2021-01-15T14:36:17","guid":{"rendered":"https:\/\/codengine3.ch\/?product=import-placeholder-for-207346"},"modified":"2021-01-15T16:02:16","modified_gmt":"2021-01-15T16:02:16","slug":"sulle-tracce-dei-pastori","status":"publish","type":"product","link":"https:\/\/pizbube.ch\/en\/shop\/sulle-tracce-dei-pastori\/","title":{"rendered":"Sulle tracce dei pastori"},"content":{"rendered":"<p>Dopo una lunga attesa ecco finalmente disponibile il nuovo titolo che descrive<br \/>\ngli intricati sentieri del territorio di Baunei. Questo volume, scritta da<br \/>\nSebastiano Maddanu, Sulle tracce dei pastori, \u00e8 molto pi\u00f9 di una guida. \u00c8 un<br \/>\nvero e proprio racconto del territorio.<\/p>\n<p>Nelle 160 pagine di questo volume, con il formato di 21&#215;21 cm, l&#8217;autore<br \/>\ndescrive un itinerario di 6 giorni nel territorio baunese, alla scoperta degli<br \/>\nantichi coiles e delle loro storie.<\/p>\n<p>La natura non \u00e8 l&#8217;unico richiamo di Baunei. La magia di questi luoghi consiste<br \/>\nnel vivere un viaggio a ritroso nel tempo tra vie dimenticate, in cui i nostri<br \/>\nprogenitori realizzarono strutture architettoniche uniche nel loro genere. Una<br \/>\nricchezza che ha spinto tanti appassionati a ripercorrere i luoghi in cui<br \/>\nlavoravano i costruttori dei coiles, studiando specifici tracciati di trekking<br \/>\nche potessero combinare noti percorsi naturalistici con la visita degli<br \/>\nantichi insediamenti pastorali.  <\/p>","protected":false},"excerpt":{"rendered":"<p>Dopo una lunga attesa ecco finalmente disponibile il nuovo titolo che descrive gli intricati sentieri del territorio di Baunei. Questo volume, scritta da Sebastiano Maddanu, Sulle tracce dei pastori, \u00e8 molto pi\u00f9 di una guida. \u00c8 un vero e proprio racconto del territorio. Nelle 160 pagine di questo volume, con il formato di 21&#215;21 cm, [&#8230;]\n","protected":false},"featured_media":37194,"template":"","meta":[],"product_brand":[],"product_cat":[21605],"product_tag":[],"class_list":{"0":"post-154600","1":"product","2":"type-product","3":"status-publish","4":"has-post-thumbnail","6":"product_cat-wanderfuehrer-trekking","7":"pa_autor-maddanu","8":"pa_erscheinungsjahr-21571","9":"pa_region-italien","10":"pa_sprache-it","12":"first","13":"instock","14":"taxable","15":"shipping-taxable","16":"purchasable","17":"product-type-simple"},"_links":{"self":[{"href":"https:\/\/pizbube.ch\/en\/wp-json\/wp\/v2\/product\/154600","targetHints":{"allow":["GET"]}}],"collection":[{"href":"https:\/\/pizbube.ch\/en\/wp-json\/wp\/v2\/product"}],"about":[{"href":"https:\/\/pizbube.ch\/en\/wp-json\/wp\/v2\/types\/product"}],"wp:featuredmedia":[{"embeddable":true,"href":"https:\/\/pizbube.ch\/en\/wp-json\/wp\/v2\/media\/37194"}],"wp:attachment":[{"href":"https:\/\/pizbube.ch\/en\/wp-json\/wp\/v2\/media?parent=154600"}],"wp:term":[{"taxonomy":"product_brand","embeddable":true,"href":"https:\/\/pizbube.ch\/en\/wp-json\/wp\/v2\/product_brand?post=154600"},{"taxonomy":"product_cat","embeddable":true,"href":"https:\/\/pizbube.ch\/en\/wp-json\/wp\/v2\/product_cat?post=154600"},{"taxonomy":"product_tag","embeddable":true,"href":"https:\/\/pizbube.ch\/en\/wp-json\/wp\/v2\/product_tag?post=154600"}],"curies":[{"name":"wp","href":"https:\/\/api.w.org\/{rel}","templated":true}]}}