{"id":154604,"date":"2021-01-15T14:36:26","date_gmt":"2021-01-15T14:36:26","guid":{"rendered":"https:\/\/codengine3.ch\/?product=import-placeholder-for-204871"},"modified":"2022-12-14T09:08:49","modified_gmt":"2022-12-14T08:08:49","slug":"kalymnos-barcelone-monaco-dvd","status":"publish","type":"product","link":"https:\/\/pizbube.ch\/en\/shop\/kalymnos-barcelone-monaco-dvd\/","title":{"rendered":"Kalymnos, Barcelone, Monaco DVD"},"content":{"rendered":"<p>Destinations de l\u00e9gende pour grimpeurs d&#8217;exception. Alex CHABOT \u00e0 vue dans<br \/>\nL-Mens 8b+, Kin\u00e9matix 9a. Patxi USOBIAGA \u00e0 la grotte de Baltzola dans White<br \/>\nZombie, Na-Nai 8c+, Philippe MUSSATTO \u00e0 la paroi D\u00e9rob\u00e9e&#8230;<br \/>\n27 grimpeurs \u00e0 Kalymnos, en Espagne, et pr\u00e9s de Monaco.<br \/>\nDVD, 123 mn.<\/p>","protected":false},"excerpt":{"rendered":"<p>Destinations de l\u00e9gende pour grimpeurs d&#8217;exception. Alex CHABOT \u00e0 vue dans L-Mens 8b+, Kin\u00e9matix 9a. Patxi USOBIAGA \u00e0 la grotte de Baltzola dans White Zombie, Na-Nai 8c+, Philippe MUSSATTO \u00e0 la paroi D\u00e9rob\u00e9e&#8230; 27 grimpeurs \u00e0 Kalymnos, en Espagne, et pr\u00e9s de Monaco. DVD, 123 mn.<\/p>","protected":false},"featured_media":33409,"template":"","meta":[],"product_brand":[],"product_cat":[21628],"product_tag":[],"class_list":{"0":"post-154604","1":"product","2":"type-product","3":"status-publish","4":"has-post-thumbnail","6":"product_cat-video-dvd-multimedia","7":"pa_autor-cotto","8":"pa_erscheinungsjahr-21763","9":"pa_region-frankreich","10":"pa_sprache-fr","12":"first","13":"outofstock","14":"taxable","15":"shipping-taxable","16":"purchasable","17":"product-type-simple"},"_links":{"self":[{"href":"https:\/\/pizbube.ch\/en\/wp-json\/wp\/v2\/product\/154604","targetHints":{"allow":["GET"]}}],"collection":[{"href":"https:\/\/pizbube.ch\/en\/wp-json\/wp\/v2\/product"}],"about":[{"href":"https:\/\/pizbube.ch\/en\/wp-json\/wp\/v2\/types\/product"}],"wp:featuredmedia":[{"embeddable":true,"href":"https:\/\/pizbube.ch\/en\/wp-json\/wp\/v2\/media\/33409"}],"wp:attachment":[{"href":"https:\/\/pizbube.ch\/en\/wp-json\/wp\/v2\/media?parent=154604"}],"wp:term":[{"taxonomy":"product_brand","embeddable":true,"href":"https:\/\/pizbube.ch\/en\/wp-json\/wp\/v2\/product_brand?post=154604"},{"taxonomy":"product_cat","embeddable":true,"href":"https:\/\/pizbube.ch\/en\/wp-json\/wp\/v2\/product_cat?post=154604"},{"taxonomy":"product_tag","embeddable":true,"href":"https:\/\/pizbube.ch\/en\/wp-json\/wp\/v2\/product_tag?post=154604"}],"curies":[{"name":"wp","href":"https:\/\/api.w.org\/{rel}","templated":true}]}}