{"id":154608,"date":"2021-01-15T14:36:33","date_gmt":"2021-01-15T14:36:33","guid":{"rendered":"https:\/\/codengine3.ch\/?product=import-placeholder-for-208528"},"modified":"2022-01-06T15:47:46","modified_gmt":"2022-01-06T14:47:46","slug":"stop-or-go-karte-cardfolder","status":"publish","type":"product","link":"https:\/\/pizbube.ch\/en\/shop\/stop-or-go-karte-cardfolder\/","title":{"rendered":"STOP or GO &#8211; Karte + Cardfolder"},"content":{"rendered":"<p>Cardfolder SicherAmBerg Skitouren<\/p>\n<p>Der Cardfolder SicherAmBerg Skitouren erscheint in Kombination mit dem neu<br \/>\ngestalteten \u201eStop or Go\u201c \u2013 K\u00e4rtchen. Auf der Vorderseite finden sich 10<br \/>\nEmpfehlungen, die dabei helfen, die Skitour zum \u201esicheren\u201c Erfolg werden zu<br \/>\nlassen. Beginnend mit einer Information zum entsprechendem Training, weiter<br \/>\n\u00fcber die richtige Tourenplanung bis hin zur vollst\u00e4ndigen Ausr\u00fcstung und den<br \/>\nStandardma\u00dfnahmen im Gel\u00e4nde werden alle relevanten Punkte anschaulich<br \/>\nbehandelt.<\/p>\n<p>Auf der R\u00fcckseite sind ganz spezifische Hintergrundinformationen zur<br \/>\nEntscheidungsstrategie \u201estop or go\u201c dargestellt: Neben der europ\u00e4ischen<br \/>\nLawinen- Gefahrenskala finden richtiges Einsch\u00e4tzen der Steilheit und Erkennen<br \/>\neiner beg\u00fcnstigten Exposition ebenso Platz, wie Information zu den f\u00fcnf<br \/>\nklassischen Gefahrenzeichen.<\/p>\n<p>\u00dcbersichtlich, informativ und grafisch sehr ansprechend!<\/p>","protected":false},"excerpt":{"rendered":"<p>Cardfolder SicherAmBerg Skitouren Der Cardfolder SicherAmBerg Skitouren erscheint in Kombination mit dem neu gestalteten \u201eStop or Go\u201c \u2013 K\u00e4rtchen. Auf der Vorderseite finden sich 10 Empfehlungen, die dabei helfen, die Skitour zum \u201esicheren\u201c Erfolg werden zu lassen. Beginnend mit einer Information zum entsprechendem Training, weiter \u00fcber die richtige Tourenplanung bis hin zur vollst\u00e4ndigen Ausr\u00fcstung und [&#8230;]\n","protected":false},"featured_media":37727,"template":"","meta":[],"product_brand":[],"product_cat":[21538],"product_tag":[],"class_list":{"0":"post-154608","1":"product","2":"type-product","3":"status-publish","4":"has-post-thumbnail","6":"product_cat-lehrbuecher","7":"pa_autor-oeav","8":"pa_erscheinungsjahr-21586","9":"pa_region-alpin-winter","10":"pa_sprache-de","12":"first","13":"outofstock","14":"taxable","15":"shipping-taxable","16":"purchasable","17":"product-type-simple"},"_links":{"self":[{"href":"https:\/\/pizbube.ch\/en\/wp-json\/wp\/v2\/product\/154608","targetHints":{"allow":["GET"]}}],"collection":[{"href":"https:\/\/pizbube.ch\/en\/wp-json\/wp\/v2\/product"}],"about":[{"href":"https:\/\/pizbube.ch\/en\/wp-json\/wp\/v2\/types\/product"}],"wp:featuredmedia":[{"embeddable":true,"href":"https:\/\/pizbube.ch\/en\/wp-json\/wp\/v2\/media\/37727"}],"wp:attachment":[{"href":"https:\/\/pizbube.ch\/en\/wp-json\/wp\/v2\/media?parent=154608"}],"wp:term":[{"taxonomy":"product_brand","embeddable":true,"href":"https:\/\/pizbube.ch\/en\/wp-json\/wp\/v2\/product_brand?post=154608"},{"taxonomy":"product_cat","embeddable":true,"href":"https:\/\/pizbube.ch\/en\/wp-json\/wp\/v2\/product_cat?post=154608"},{"taxonomy":"product_tag","embeddable":true,"href":"https:\/\/pizbube.ch\/en\/wp-json\/wp\/v2\/product_tag?post=154608"}],"curies":[{"name":"wp","href":"https:\/\/api.w.org\/{rel}","templated":true}]}}