{"id":154611,"date":"2021-01-15T14:36:38","date_gmt":"2021-01-15T14:36:38","guid":{"rendered":"https:\/\/codengine3.ch\/?product=import-placeholder-for-206582"},"modified":"2025-01-09T08:38:23","modified_gmt":"2025-01-09T07:38:23","slug":"via-francigena-von-lausanne-nach-rom","status":"publish","type":"product","link":"https:\/\/pizbube.ch\/en\/shop\/via-francigena-von-lausanne-nach-rom\/","title":{"rendered":"Via Francigena von Lausanne nach Rom"},"content":{"rendered":"<p>Im Jahr 990 pilgerte der englische Bischof Segeric von Canterbury nach Rom, um dort vom Papst die W\u00fcrden eines Erzbischofs zu erhalten. Seinen Spuren folgt heute die Via Francigena, die in diesem Buch beschrieben wird. Ab Lausanne nimmt das Buch Sie mit auf den Weg durch eine bezaubernde Mischung verschiedener Landschaften, darunter die Bergwelt der Alpen, das fruchtbare Aostatal und die H\u00fcgel der Toskana.<\/p>\n<p>Die Autorin liefert eine detaillierte Wegbeschreibung f\u00fcr die \u00fcber 1.100 km lange Strecke, informiert \u00fcber Sehensw\u00fcrdigkeiten und gibt Tipps zum Einkehren und \u00dcbernachten. Karten und H\u00f6henprofile erleichtern die Orientierung, Informationen zu Themen wie Anreise, Pilgerzeichen usw. helfen bei der Planung der Reise.<\/p>\n<p>3. Auflage 2022, 288 Seiten, 54 Karten, 74 farbige Abbildungen, 25 farbige<br \/>\nH\u00f6henprofile<\/p>","protected":false},"excerpt":{"rendered":"<p><strong>NEUAUFLAGE ERSCHEINT LAUT VERLAG IM FEBRUAR 2025<\/strong><\/p>","protected":false},"featured_media":178007,"template":"","meta":[],"product_brand":[],"product_cat":[21605],"product_tag":[],"class_list":{"0":"post-154611","1":"product","2":"type-product","3":"status-publish","4":"has-post-thumbnail","6":"product_cat-wanderfuehrer-trekking","7":"pa_autor-retterath","8":"pa_erscheinungsjahr-27013","9":"pa_region-italien","10":"pa_sprache-de","12":"first","13":"onbackorder","14":"taxable","15":"shipping-taxable","16":"purchasable","17":"product-type-simple"},"_links":{"self":[{"href":"https:\/\/pizbube.ch\/en\/wp-json\/wp\/v2\/product\/154611","targetHints":{"allow":["GET"]}}],"collection":[{"href":"https:\/\/pizbube.ch\/en\/wp-json\/wp\/v2\/product"}],"about":[{"href":"https:\/\/pizbube.ch\/en\/wp-json\/wp\/v2\/types\/product"}],"wp:featuredmedia":[{"embeddable":true,"href":"https:\/\/pizbube.ch\/en\/wp-json\/wp\/v2\/media\/178007"}],"wp:attachment":[{"href":"https:\/\/pizbube.ch\/en\/wp-json\/wp\/v2\/media?parent=154611"}],"wp:term":[{"taxonomy":"product_brand","embeddable":true,"href":"https:\/\/pizbube.ch\/en\/wp-json\/wp\/v2\/product_brand?post=154611"},{"taxonomy":"product_cat","embeddable":true,"href":"https:\/\/pizbube.ch\/en\/wp-json\/wp\/v2\/product_cat?post=154611"},{"taxonomy":"product_tag","embeddable":true,"href":"https:\/\/pizbube.ch\/en\/wp-json\/wp\/v2\/product_tag?post=154611"}],"curies":[{"name":"wp","href":"https:\/\/api.w.org\/{rel}","templated":true}]}}