{"id":154612,"date":"2021-01-15T14:36:39","date_gmt":"2021-01-15T14:36:39","guid":{"rendered":"https:\/\/codengine3.ch\/?product=import-placeholder-for-207517"},"modified":"2023-05-04T12:25:10","modified_gmt":"2023-05-04T10:25:10","slug":"kungsleden-trekking-in-schweden","status":"publish","type":"product","link":"https:\/\/pizbube.ch\/en\/shop\/kungsleden-trekking-in-schweden\/","title":{"rendered":"Kungsleden &#8211; Trekking in Schweden"},"content":{"rendered":"<p>In 28 Tagestouren von Abisko nach Hemavan<\/p>\n<p>Vandra Kungsleden ist der Klassiker der Fj\u00e4llwanderer, der hier in<br \/>\naktualisierter und mit neuen Bildern erweiterter Auflage vorliegt. Dieser<br \/>\nTrekkingf\u00fchrer voller Reise Know-Howbeschreibt den gesamten Kungsleden<br \/>\nzwischen Abisko und Hemavan sowie eine Vielzahl von Tagestouren, die ihren<br \/>\nAusgangspunkt an den Bergh\u00fctten haben. Sie erfahren alles Notwendige f\u00fcr die<br \/>\nPlanung einer Wanderung auf diesem legend\u00e4ren Fernwanderweg. Das schwedische<br \/>\nFj\u00e4ll mit seinen geschwungenen Linien ist von weichem Charakter.<\/p>\n<p>Ich kenne keine andere Landschaft, die auf vergleichbare Weise pl\u00f6tzlich<br \/>\nwechseln kann zwischen sinnlicher Form und brutalem Antlitz. Sie regt die<br \/>\nFantasie an. Hier und da gehen die meist rundlichen Erhebungen in bedrohliche<br \/>\nSteilw\u00e4nde \u00fcber. \u00dcber weite Strecken folgen wir T\u00e4lern durch beruhigendes<br \/>\nFj\u00e4ll oder gehen \u00fcber endlose Hochebenen, mitunter tauchen aber richtig alpine<br \/>\nBerge auf, mit Gletschern und steilen Felsw\u00e4nden. Der Kungsleden zeigt uns das<br \/>\nganze Spektrum.<\/p>\n<p>Der Autor ist preisgekr\u00f6nter Naturfotograf und besitzt eine sehr detaillierte<br \/>\nKenntnis des schwedischen Fj\u00e4lls. Der Wanderf\u00fchrer erl\u00e4utert alles, was man<br \/>\nwissen muss, um sicher in diesem Gebiet zu wandern und die Natur intensiv zu<br \/>\nerleben. ca. 300 Seiten, komplett in Farbe, ausf\u00fchrliches Register,<br \/>\nGriffmarken.<\/p>\n<p>2. Auflage 2016<\/p>","protected":false},"excerpt":{"rendered":"<p>In 28 Tagestouren von Abisko nach Hemavan Vandra Kungsleden ist der Klassiker der Fj\u00e4llwanderer, der hier in aktualisierter und mit neuen Bildern erweiterter Auflage vorliegt. Dieser Trekkingf\u00fchrer voller Reise Know-Howbeschreibt den gesamten Kungsleden zwischen Abisko und Hemavan sowie eine Vielzahl von Tagestouren, die ihren Ausgangspunkt an den Bergh\u00fctten haben. Sie erfahren alles Notwendige f\u00fcr die [&#8230;]\n","protected":false},"featured_media":167409,"template":"","meta":[],"product_brand":[],"product_cat":[21605],"product_tag":[],"class_list":{"0":"post-154612","1":"product","2":"type-product","3":"status-publish","4":"has-post-thumbnail","6":"product_cat-wanderfuehrer-trekking","7":"pa_autor-grundsten","8":"pa_erscheinungsjahr-21571","9":"pa_region-skandinavien-norwegen-schweden-finnland","10":"pa_sprache-de","12":"first","13":"instock","14":"taxable","15":"shipping-taxable","16":"purchasable","17":"product-type-simple"},"_links":{"self":[{"href":"https:\/\/pizbube.ch\/en\/wp-json\/wp\/v2\/product\/154612","targetHints":{"allow":["GET"]}}],"collection":[{"href":"https:\/\/pizbube.ch\/en\/wp-json\/wp\/v2\/product"}],"about":[{"href":"https:\/\/pizbube.ch\/en\/wp-json\/wp\/v2\/types\/product"}],"wp:featuredmedia":[{"embeddable":true,"href":"https:\/\/pizbube.ch\/en\/wp-json\/wp\/v2\/media\/167409"}],"wp:attachment":[{"href":"https:\/\/pizbube.ch\/en\/wp-json\/wp\/v2\/media?parent=154612"}],"wp:term":[{"taxonomy":"product_brand","embeddable":true,"href":"https:\/\/pizbube.ch\/en\/wp-json\/wp\/v2\/product_brand?post=154612"},{"taxonomy":"product_cat","embeddable":true,"href":"https:\/\/pizbube.ch\/en\/wp-json\/wp\/v2\/product_cat?post=154612"},{"taxonomy":"product_tag","embeddable":true,"href":"https:\/\/pizbube.ch\/en\/wp-json\/wp\/v2\/product_tag?post=154612"}],"curies":[{"name":"wp","href":"https:\/\/api.w.org\/{rel}","templated":true}]}}