{"id":154613,"date":"2021-01-15T14:36:39","date_gmt":"2021-01-15T14:36:39","guid":{"rendered":"https:\/\/codengine3.ch\/?product=import-placeholder-for-208073"},"modified":"2023-08-04T09:59:27","modified_gmt":"2023-08-04T07:59:27","slug":"schweden-padjelantaleden","status":"publish","type":"product","link":"https:\/\/pizbube.ch\/en\/shop\/schweden-padjelantaleden\/","title":{"rendered":"Schweden: Padjelantaleden"},"content":{"rendered":"<p>Der Padjelanta-Nationalpark ist der gr\u00f6\u00dfte der schwedischen Nationalparks und<br \/>\nz\u00e4hlt zu den sch\u00f6nsten Ecken im Fj\u00e4ll. Ganz sicher braucht sich der<br \/>\nPadjelantaleden nicht hinter den legend\u00e4ren Wanderklassikern Kungsleden oder<br \/>\nSarek zu verstecken und verl\u00e4uft \u00fcber weite, von rauschenden Gebirgsfl\u00fcssen<br \/>\ndurchzogene Hochebenen, die von den norwegischen Bergen im Westen und den<br \/>\nschroffen, m\u00e4chtigen Sarek-Gipfeln im Osten eingerahmt werden und vorbei an<br \/>\nglasklaren, riesigen Bergseen, die in der Sonne funkeln.<\/p>\n<p>Der 160 km lange Padjelantaleden ist der ideale Einstieg ins Lapplandtrekking<br \/>\nund auch f\u00fcr Wanderer ohne Fj\u00e4llerfahrung in etwa 10 Tagen machbar. Lediglich<br \/>\nseinen Rucksack samt Proviant f\u00fcr mehrere Tage sollte man tragen k\u00f6nnen, denn<br \/>\ndie Einkaufsm\u00f6glichkeiten unterwegs sind begrenzt.<\/p>\n<p>Die Etappenbeschreibung in diesem Buch startet am n\u00f6rdlichen Ende des<br \/>\nPadjelantaledens in Ritsem. So beginnt die Tour mit einer Boots\u00fcberfahrt \u00fcber<br \/>\nden Akkajaure\/\u00c1hk\u00e1javrre und das legend\u00e4re \u00c1hk\u00e1massiv im Sarek bildet den<br \/>\nAuftakt f\u00fcr das Abenteuer Padjelantaleden.<\/p>","protected":false},"excerpt":{"rendered":"<p>Der Padjelanta-Nationalpark ist der gr\u00f6\u00dfte der schwedischen Nationalparks und z\u00e4hlt zu den sch\u00f6nsten Ecken im Fj\u00e4ll. Ganz sicher braucht sich der Padjelantaleden nicht hinter den legend\u00e4ren Wanderklassikern Kungsleden oder Sarek zu verstecken und verl\u00e4uft \u00fcber weite, von rauschenden Gebirgsfl\u00fcssen durchzogene Hochebenen, die von den norwegischen Bergen im Westen und den schroffen, m\u00e4chtigen Sarek-Gipfeln im Osten [&#8230;]\n","protected":false},"featured_media":168901,"template":"","meta":[],"product_brand":[],"product_cat":[21605],"product_tag":[],"class_list":{"0":"post-154613","1":"product","2":"type-product","3":"status-publish","4":"has-post-thumbnail","6":"product_cat-wanderfuehrer-trekking","7":"pa_autor-hennemann","8":"pa_erscheinungsjahr-27129","9":"pa_region-skandinavien-norwegen-schweden-finnland","10":"pa_sprache-de","12":"first","13":"instock","14":"taxable","15":"shipping-taxable","16":"purchasable","17":"product-type-simple"},"_links":{"self":[{"href":"https:\/\/pizbube.ch\/en\/wp-json\/wp\/v2\/product\/154613","targetHints":{"allow":["GET"]}}],"collection":[{"href":"https:\/\/pizbube.ch\/en\/wp-json\/wp\/v2\/product"}],"about":[{"href":"https:\/\/pizbube.ch\/en\/wp-json\/wp\/v2\/types\/product"}],"wp:featuredmedia":[{"embeddable":true,"href":"https:\/\/pizbube.ch\/en\/wp-json\/wp\/v2\/media\/168901"}],"wp:attachment":[{"href":"https:\/\/pizbube.ch\/en\/wp-json\/wp\/v2\/media?parent=154613"}],"wp:term":[{"taxonomy":"product_brand","embeddable":true,"href":"https:\/\/pizbube.ch\/en\/wp-json\/wp\/v2\/product_brand?post=154613"},{"taxonomy":"product_cat","embeddable":true,"href":"https:\/\/pizbube.ch\/en\/wp-json\/wp\/v2\/product_cat?post=154613"},{"taxonomy":"product_tag","embeddable":true,"href":"https:\/\/pizbube.ch\/en\/wp-json\/wp\/v2\/product_tag?post=154613"}],"curies":[{"name":"wp","href":"https:\/\/api.w.org\/{rel}","templated":true}]}}