{"id":154614,"date":"2021-01-15T14:36:39","date_gmt":"2021-01-15T14:36:39","guid":{"rendered":"https:\/\/codengine3.ch\/?product=import-placeholder-for-208212"},"modified":"2021-01-15T17:51:31","modified_gmt":"2021-01-15T17:51:31","slug":"finnisch-lappland-20-wanderungen-und-spaziergaenge","status":"publish","type":"product","link":"https:\/\/pizbube.ch\/en\/shop\/finnisch-lappland-20-wanderungen-und-spaziergaenge\/","title":{"rendered":"Finnisch-Lappland (20 Wanderungen und Spazierg\u00e4nge)"},"content":{"rendered":"<p>Finnisch-Lappland ist ein Eldorado f\u00fcr Wanderfreunde und gro\u00df genug, die Wahl<br \/>\ngeeigneter Routen zu erschweren. In diesem Buch hat die Autorin eine Auswahl<br \/>\nvon 20 Touren ganz unterschiedlicher L\u00e4nge und Beschaffenheit aus<br \/>\nverschiedenen Teilen der Region zusammengestellt. Die beiden l\u00e4ngsten Strecken<br \/>\nsind von vornherein auf mehrt\u00e4giges Wandern ausgerichtet, w\u00e4hrend die<br \/>\nallerk\u00fcrzesten Wege noch nicht einmal einen ganzen Vormittag f\u00fcllen und somit<br \/>\nauch ganz nebenbei auf der Durchreise \u201emitgenommen\u201c werden k\u00f6nnen.<\/p>\n<p>Neben der wilden Natur zwischen Wald und Tundra als Hauptattraktion der Region<br \/>\nkommen bei den beschriebenen Touren auch kulturelle und geschichtliche Aspekte<br \/>\nnicht zu kurz. Die Wegbeschreibungen werden durch praktische Infos zu Anreise-<br \/>\nund Einkehrm\u00f6glichkeiten, Kinder- und Hundetauglichkeit und m\u00f6glichen<br \/>\nAbstechern sowie Kartenausschnitte und H\u00f6henprofile erg\u00e4nzt. GPS-Tracks k\u00f6nnen<br \/>\nkostenlos heruntergeladen werden.<\/p>\n<p>1. Auflage 2016, 156 Seiten, 29 Karten, 78 farbige Abbildungen, 17 farbige<br \/>\nH\u00f6henprofile<\/p>","protected":false},"excerpt":{"rendered":"<p>Finnisch-Lappland ist ein Eldorado f\u00fcr Wanderfreunde und gro\u00df genug, die Wahl geeigneter Routen zu erschweren. In diesem Buch hat die Autorin eine Auswahl von 20 Touren ganz unterschiedlicher L\u00e4nge und Beschaffenheit aus verschiedenen Teilen der Region zusammengestellt. Die beiden l\u00e4ngsten Strecken sind von vornherein auf mehrt\u00e4giges Wandern ausgerichtet, w\u00e4hrend die allerk\u00fcrzesten Wege noch nicht einmal [&#8230;]\n","protected":false},"featured_media":39653,"template":"","meta":[],"product_brand":[],"product_cat":[21605],"product_tag":[],"class_list":{"0":"post-154614","1":"product","2":"type-product","3":"status-publish","4":"has-post-thumbnail","6":"product_cat-wanderfuehrer-trekking","7":"pa_autor-dauch","8":"pa_erscheinungsjahr-21571","9":"pa_region-skandinavien-norwegen-schweden-finnland","10":"pa_sprache-de","12":"first","13":"instock","14":"taxable","15":"shipping-taxable","16":"purchasable","17":"product-type-simple"},"_links":{"self":[{"href":"https:\/\/pizbube.ch\/en\/wp-json\/wp\/v2\/product\/154614","targetHints":{"allow":["GET"]}}],"collection":[{"href":"https:\/\/pizbube.ch\/en\/wp-json\/wp\/v2\/product"}],"about":[{"href":"https:\/\/pizbube.ch\/en\/wp-json\/wp\/v2\/types\/product"}],"wp:featuredmedia":[{"embeddable":true,"href":"https:\/\/pizbube.ch\/en\/wp-json\/wp\/v2\/media\/39653"}],"wp:attachment":[{"href":"https:\/\/pizbube.ch\/en\/wp-json\/wp\/v2\/media?parent=154614"}],"wp:term":[{"taxonomy":"product_brand","embeddable":true,"href":"https:\/\/pizbube.ch\/en\/wp-json\/wp\/v2\/product_brand?post=154614"},{"taxonomy":"product_cat","embeddable":true,"href":"https:\/\/pizbube.ch\/en\/wp-json\/wp\/v2\/product_cat?post=154614"},{"taxonomy":"product_tag","embeddable":true,"href":"https:\/\/pizbube.ch\/en\/wp-json\/wp\/v2\/product_tag?post=154614"}],"curies":[{"name":"wp","href":"https:\/\/api.w.org\/{rel}","templated":true}]}}