{"id":154615,"date":"2021-01-15T14:36:52","date_gmt":"2021-01-15T14:36:52","guid":{"rendered":"https:\/\/codengine3.ch\/?product=import-placeholder-for-207435"},"modified":"2023-08-31T11:41:41","modified_gmt":"2023-08-31T09:41:41","slug":"costa-daurada-die-schoensten-tal-und-hoehenwanderungen","status":"publish","type":"product","link":"https:\/\/pizbube.ch\/en\/shop\/costa-daurada-die-schoensten-tal-und-hoehenwanderungen\/","title":{"rendered":"Costa Daurada &#8211; Die sch\u00f6nsten Tal- und H\u00f6henwanderungen"},"content":{"rendered":"<p>Katalonien S\u00fcd: Barcelona bis Naturpark dels Ports<\/p>\n<p>Die Costa Daurada (auch Costa Dorada), die im S\u00fcden von Barcelona an die Costa<br \/>\nBrava anschlie\u00dft, ist ein ruhiges, noch weitgehend unber\u00fchrtes und<br \/>\nlandschaftlich einzigartiges Wanderparadies. Durch das mediterrane Klima mit<br \/>\nseinen milden Wintern findet man hier ein Ganzjahreswandergebiet, das eine<br \/>\nbreite Palette an Tourenm\u00f6glichkeiten bietet, die jedem Anspruch und Geschmack<br \/>\ngerecht werden. Es sind gro\u00dfe Namen dabei, wie Montserrat, die Berge von<br \/>\nPrades, der Montsant und der Naturpark dels Ports, aber auch weniger bekannte<br \/>\nGebiete der Serralada prelitoral.<\/p>\n<p>Die hier vorgestellten 50 Routen im s\u00fcdlichen Katalonien verlaufen entlang der<br \/>\ngoldsandigen K\u00fcste und durch weitr\u00e4umige Kulturlandschaften, wie ausgedehnte<br \/>\nOliven-, Mandel- und Johannisbrotplantagen, zum gr\u00f6\u00dften Teil aber auf wenig<br \/>\nbegangenen Bergwegen im einsamen Hinterland &#8211; ideal f\u00fcr all diejenigen, die<br \/>\nAbgeschiedenheit und Ruhe sowie urspr\u00fcngliches Naturerleben sch\u00e4tzen.<br \/>\nGemeinsam ist allen Gebieten die von ihnen ausgehende magisch-mystische Kraft,<br \/>\nvon der unz\u00e4hlige verlassene Einsiedeleien zeugen. Faszinierend auch ihre<br \/>\noffene Lage zwischen der spiegelnden Fl\u00e4che des Mittelmeers im Osten und den<br \/>\nunendlichen Weiten der Tiefe von Arag\u00f3n im Westen.<\/p>\n<p>Der Schweizer Autor Ulrich Redmann, der einen Gro\u00dfteil des Jahres in<br \/>\nS\u00fcdkatalonien verbringt, hat eine repr\u00e4sentative Auswahl zusammengestellt,<br \/>\nwobei er den einzelnen Touren wertvolle Insidertipps zu Einkehr- und<br \/>\nBadem\u00f6glichkeiten sowie Sehensw\u00fcrdigkeiten in Natur und Kultur vorangestellt<br \/>\nhat, erg\u00e4nzt durch hilfreiche Hinweise f\u00fcr die Planung und Durchf\u00fchrung der<br \/>\nWanderung. Bis auf einige Ausnahmen sind die vorgeschlagenen Touren leicht bis<br \/>\nmittelschwierig und halten sich zeitlich im Rahmen von Halbtagestouren, sodass<br \/>\ndaneben auch die M\u00f6glichkeit zu weiteren Erkundungen besteht.<\/p>\n<p>3. aktualis. Auflage 2022<br \/>\n160 Seiten mit 90 Farbabbildungen<br \/>\n50 Wanderk\u00e4rtchen im Ma\u00dfstab 1:25.000, 1:50.000 und 1:75.000, zwei \u00dcbersichtskarten im Ma\u00dfstab 1:1.800.000 und 1:2.000.000<br \/>\nFormat 11,5 x 16,5 cm<br \/>\nkartoniert mit Polytex-Laminierung<\/p>","protected":false},"excerpt":{"rendered":"<p>Katalonien S\u00fcd: Barcelona bis Naturpark dels Ports Die Costa Daurada (auch Costa Dorada), die im S\u00fcden von Barcelona an die Costa Brava anschlie\u00dft, ist ein ruhiges, noch weitgehend unber\u00fchrtes und landschaftlich einzigartiges Wanderparadies. Durch das mediterrane Klima mit seinen milden Wintern findet man hier ein Ganzjahreswandergebiet, das eine breite Palette an Tourenm\u00f6glichkeiten bietet, die jedem [&#8230;]\n","protected":false},"featured_media":168904,"template":"","meta":[],"product_brand":[],"product_cat":[21605],"product_tag":[],"class_list":{"0":"post-154615","1":"product","2":"type-product","3":"status-publish","4":"has-post-thumbnail","6":"product_cat-wanderfuehrer-trekking","7":"pa_autor-redmann","8":"pa_erscheinungsjahr-27013","9":"pa_region-spanien","10":"pa_sprache-de","12":"first","13":"instock","14":"taxable","15":"shipping-taxable","16":"purchasable","17":"product-type-simple"},"_links":{"self":[{"href":"https:\/\/pizbube.ch\/en\/wp-json\/wp\/v2\/product\/154615","targetHints":{"allow":["GET"]}}],"collection":[{"href":"https:\/\/pizbube.ch\/en\/wp-json\/wp\/v2\/product"}],"about":[{"href":"https:\/\/pizbube.ch\/en\/wp-json\/wp\/v2\/types\/product"}],"wp:featuredmedia":[{"embeddable":true,"href":"https:\/\/pizbube.ch\/en\/wp-json\/wp\/v2\/media\/168904"}],"wp:attachment":[{"href":"https:\/\/pizbube.ch\/en\/wp-json\/wp\/v2\/media?parent=154615"}],"wp:term":[{"taxonomy":"product_brand","embeddable":true,"href":"https:\/\/pizbube.ch\/en\/wp-json\/wp\/v2\/product_brand?post=154615"},{"taxonomy":"product_cat","embeddable":true,"href":"https:\/\/pizbube.ch\/en\/wp-json\/wp\/v2\/product_cat?post=154615"},{"taxonomy":"product_tag","embeddable":true,"href":"https:\/\/pizbube.ch\/en\/wp-json\/wp\/v2\/product_tag?post=154615"}],"curies":[{"name":"wp","href":"https:\/\/api.w.org\/{rel}","templated":true}]}}