{"id":154616,"date":"2021-01-15T14:36:52","date_gmt":"2021-01-15T14:36:52","guid":{"rendered":"https:\/\/codengine3.ch\/?product=import-placeholder-for-208250"},"modified":"2024-08-13T11:13:40","modified_gmt":"2024-08-13T09:13:40","slug":"paul-grohmann","status":"publish","type":"product","link":"https:\/\/pizbube.ch\/en\/shop\/paul-grohmann\/","title":{"rendered":"Paul Grohmann"},"content":{"rendered":"<p>Erschlie\u00dfer der Dolomiten und Mitbegr\u00fcnder des Alpenvereins<\/p>\n<p>Begeisterter ist wohl selten ein J\u00fcnger an seine Arbeit gegangen! Mit diesen<br \/>\nWorten fasste der Wiener Alpinpionier Paul Grohmann (1838-1908) in seiner<br \/>\nAutobiografie sein vielf\u00e4ltiges Engagement ind den Dolomiten zusammen. Im Jahr<br \/>\n1862 hatte er erstmals die Ampezzaner Stra\u00dfe betreten; in den folgenden Jahren<br \/>\nbestieg er eine Reihe prominenter Dolomitengipfel zum ersten Mal. Durch seine<br \/>\nzahlreichen alpinliterarischen Ver\u00f6ffentlichungen trug er ma\u00dfgeblich zur<br \/>\ntouristischen Erschlie\u00dfung der Dolomiten bei.<\/p>","protected":false},"excerpt":{"rendered":"<p>Erschlie\u00dfer der Dolomiten und Mitbegr\u00fcnder des Alpenvereins Begeisterter ist wohl selten ein J\u00fcnger an seine Arbeit gegangen! Mit diesen Worten fasste der Wiener Alpinpionier Paul Grohmann (1838-1908) in seiner Autobiografie sein vielf\u00e4ltiges Engagement ind den Dolomiten zusammen. Im Jahr 1862 hatte er erstmals die Ampezzaner Stra\u00dfe betreten; in den folgenden Jahren bestieg er eine Reihe [&#8230;]\n","protected":false},"featured_media":39758,"template":"","meta":[],"product_brand":[],"product_cat":[21542],"product_tag":[],"class_list":{"0":"post-154616","1":"product","2":"type-product","3":"status-publish","4":"has-post-thumbnail","6":"product_cat-sachbuecher-dokumentationen","7":"pa_autor-strobl","8":"pa_erscheinungsjahr-21550","9":"pa_region-italien","10":"pa_sprache-de","12":"first","13":"outofstock","14":"taxable","15":"shipping-taxable","16":"purchasable","17":"product-type-simple"},"_links":{"self":[{"href":"https:\/\/pizbube.ch\/en\/wp-json\/wp\/v2\/product\/154616","targetHints":{"allow":["GET"]}}],"collection":[{"href":"https:\/\/pizbube.ch\/en\/wp-json\/wp\/v2\/product"}],"about":[{"href":"https:\/\/pizbube.ch\/en\/wp-json\/wp\/v2\/types\/product"}],"wp:featuredmedia":[{"embeddable":true,"href":"https:\/\/pizbube.ch\/en\/wp-json\/wp\/v2\/media\/39758"}],"wp:attachment":[{"href":"https:\/\/pizbube.ch\/en\/wp-json\/wp\/v2\/media?parent=154616"}],"wp:term":[{"taxonomy":"product_brand","embeddable":true,"href":"https:\/\/pizbube.ch\/en\/wp-json\/wp\/v2\/product_brand?post=154616"},{"taxonomy":"product_cat","embeddable":true,"href":"https:\/\/pizbube.ch\/en\/wp-json\/wp\/v2\/product_cat?post=154616"},{"taxonomy":"product_tag","embeddable":true,"href":"https:\/\/pizbube.ch\/en\/wp-json\/wp\/v2\/product_tag?post=154616"}],"curies":[{"name":"wp","href":"https:\/\/api.w.org\/{rel}","templated":true}]}}