{"id":154617,"date":"2021-01-15T14:36:53","date_gmt":"2021-01-15T14:36:53","guid":{"rendered":"https:\/\/codengine3.ch\/?product=import-placeholder-for-208170"},"modified":"2025-02-05T13:46:18","modified_gmt":"2025-02-05T12:46:18","slug":"le-9eme-degre-150-ans-descalade-libre","status":"publish","type":"product","link":"https:\/\/pizbube.ch\/en\/shop\/le-9eme-degre-150-ans-descalade-libre\/","title":{"rendered":"Le 9\u00e8me Degr\u00e9 &#8211; 150 ans d\u2019escalade libre"},"content":{"rendered":"<p>L\u2019homme a toujours eu une relation privil\u00e9gi\u00e9e avec les rochers qui<br \/>\nl\u2019entourent et n\u2019a eu de cesse de les grimper de la mani\u00e8re la plus \u00e9l\u00e9gante<br \/>\net simple, inventant ainsi l\u2019escalade libre o\u00f9 le corps et la volont\u00e9 sont ses<br \/>\nmeilleurs atouts.<\/p>\n<p>Depuis la fin du XIX\u00e8me si\u00e8cle avec ses merveilleux fous grimpants pr\u00eats \u00e0<br \/>\ntoutes les audaces, jusqu\u2019aux \u00ab mutants \u00bb de ces derni\u00e8res ann\u00e9es, l\u2019escalade<br \/>\nlibre s\u2019est d\u00e9clin\u00e9e sur tous les continents, des plus petits blocs jusqu\u2019aux<br \/>\nplus hautes montagnes.<\/p>\n<p>Des parois les plus aventureuses aux falaises les plus sportives en passant<br \/>\npar les murs artificiels des comp\u00e9titions, retrouvez des femmes et des hommes,<br \/>\ndes plus connus aux plus oubli\u00e9s, mais toujours habit\u00e9s par une m\u00eame obsession<br \/>\n: la passion du rocher !<\/p>\n<p>312 pages, taille du livre 24 x 28 cm, Plus de 350 illustrations.<\/p>","protected":false},"excerpt":{"rendered":"<ul>\n<li><a href=\"https:\/\/youtu.be\/7EmZjwOOlWs\" target=\"_blank\" rel=\"noopener\">Video: Trailer<\/a><\/li>\n<\/ul>","protected":false},"featured_media":170163,"template":"","meta":[],"product_brand":[],"product_cat":[21542],"product_tag":[],"class_list":{"0":"post-154617","1":"product","2":"type-product","3":"status-publish","4":"has-post-thumbnail","6":"product_cat-sachbuecher-dokumentationen","7":"pa_autor-chambre","8":"pa_erscheinungsjahr-27013","9":"pa_region-frankreich","10":"pa_sprache-fr","12":"first","13":"instock","14":"taxable","15":"shipping-taxable","16":"purchasable","17":"product-type-simple"},"_links":{"self":[{"href":"https:\/\/pizbube.ch\/en\/wp-json\/wp\/v2\/product\/154617","targetHints":{"allow":["GET"]}}],"collection":[{"href":"https:\/\/pizbube.ch\/en\/wp-json\/wp\/v2\/product"}],"about":[{"href":"https:\/\/pizbube.ch\/en\/wp-json\/wp\/v2\/types\/product"}],"wp:featuredmedia":[{"embeddable":true,"href":"https:\/\/pizbube.ch\/en\/wp-json\/wp\/v2\/media\/170163"}],"wp:attachment":[{"href":"https:\/\/pizbube.ch\/en\/wp-json\/wp\/v2\/media?parent=154617"}],"wp:term":[{"taxonomy":"product_brand","embeddable":true,"href":"https:\/\/pizbube.ch\/en\/wp-json\/wp\/v2\/product_brand?post=154617"},{"taxonomy":"product_cat","embeddable":true,"href":"https:\/\/pizbube.ch\/en\/wp-json\/wp\/v2\/product_cat?post=154617"},{"taxonomy":"product_tag","embeddable":true,"href":"https:\/\/pizbube.ch\/en\/wp-json\/wp\/v2\/product_tag?post=154617"}],"curies":[{"name":"wp","href":"https:\/\/api.w.org\/{rel}","templated":true}]}}