{"id":154619,"date":"2021-01-15T14:37:05","date_gmt":"2021-01-15T14:37:05","guid":{"rendered":"https:\/\/codengine3.ch\/?product=import-placeholder-for-205591"},"modified":"2025-08-09T10:50:04","modified_gmt":"2025-08-09T08:50:04","slug":"kufstein-kaisergebirge-kitzbuehel-1-50-000-wk-301","status":"publish","type":"product","link":"https:\/\/pizbube.ch\/en\/shop\/kufstein-kaisergebirge-kitzbuehel-1-50-000-wk-301\/","title":{"rendered":"Kufstein, Kaisergebirge, Kitzb\u00fchel 1: 50 000, WK 301"},"content":{"rendered":"<p>Wander-, Rad- und Freizeitkarte<\/p>\n<p>Alpinistisch-touristische Informationen. Weitwanderwege. Schutzh\u00fctten und<br \/>\nAusflugsgasth\u00e4user. Kultur, Sehensw\u00fcrdigkeiten, Brauchtum. Ortsverzeichnis.<br \/>\nMit GPS-Daten. (WK 301).<\/p>","protected":false},"excerpt":{"rendered":"<p>Wander-, Rad- und Freizeitkarte Alpinistisch-touristische Informationen. Weitwanderwege. Schutzh\u00fctten und Ausflugsgasth\u00e4user. Kultur, Sehensw\u00fcrdigkeiten, Brauchtum. Ortsverzeichnis. Mit GPS-Daten. (WK 301).<\/p>","protected":false},"featured_media":180833,"template":"","meta":[],"product_brand":[],"product_cat":[21543],"product_tag":[],"class_list":{"0":"post-154619","1":"product","2":"type-product","3":"status-publish","4":"has-post-thumbnail","6":"product_cat-landkarten","7":"pa_autor-freytag-berndt-2","8":"pa_erscheinungsjahr-27129","9":"pa_region-oesterreich","10":"pa_sprache-de","12":"first","13":"instock","14":"taxable","15":"shipping-taxable","16":"purchasable","17":"product-type-simple"},"_links":{"self":[{"href":"https:\/\/pizbube.ch\/en\/wp-json\/wp\/v2\/product\/154619","targetHints":{"allow":["GET"]}}],"collection":[{"href":"https:\/\/pizbube.ch\/en\/wp-json\/wp\/v2\/product"}],"about":[{"href":"https:\/\/pizbube.ch\/en\/wp-json\/wp\/v2\/types\/product"}],"wp:featuredmedia":[{"embeddable":true,"href":"https:\/\/pizbube.ch\/en\/wp-json\/wp\/v2\/media\/180833"}],"wp:attachment":[{"href":"https:\/\/pizbube.ch\/en\/wp-json\/wp\/v2\/media?parent=154619"}],"wp:term":[{"taxonomy":"product_brand","embeddable":true,"href":"https:\/\/pizbube.ch\/en\/wp-json\/wp\/v2\/product_brand?post=154619"},{"taxonomy":"product_cat","embeddable":true,"href":"https:\/\/pizbube.ch\/en\/wp-json\/wp\/v2\/product_cat?post=154619"},{"taxonomy":"product_tag","embeddable":true,"href":"https:\/\/pizbube.ch\/en\/wp-json\/wp\/v2\/product_tag?post=154619"}],"curies":[{"name":"wp","href":"https:\/\/api.w.org\/{rel}","templated":true}]}}