{"id":154620,"date":"2021-01-15T14:37:06","date_gmt":"2021-01-15T14:37:06","guid":{"rendered":"https:\/\/codengine3.ch\/?product=import-placeholder-for-206991"},"modified":"2025-07-27T12:52:16","modified_gmt":"2025-07-27T10:52:16","slug":"il-etait-une-fois-une-fee-au-pays-de-la-grimpe","status":"publish","type":"product","link":"https:\/\/pizbube.ch\/en\/shop\/il-etait-une-fois-une-fee-au-pays-de-la-grimpe\/","title":{"rendered":"Il \u00e9tait une fois une f\u00e9e au pays de la grimpe"},"content":{"rendered":"<p>Clo\u00e9 Grafitaux<br \/>\nIl y a un an disparaissait Chlo\u00e9 Graftiaux. Le 21 ao\u00fbt 2010, on apprenait sa<br \/>\nchute \u00e0 la descente de l&#8217;Aiguille du Peterey dans le massif du Mont-Blanc.<br \/>\nBeaucoup garderont d&#8217;elle le souvenir d&#8217;une formidable grimpeuse. Ceux qui la<br \/>\nconnaissaient mieux disaient qu&#8217;elle \u00e9tait \u00e9galement extr\u00eamement polyvalente<br \/>\net ne se d\u00e9partait jamais de son sourire \u00e9clatant. Tous n\u00e9anmoins avaient et<br \/>\nconserveront la m\u00eame image, celle d&#8217;une jeune fille pleine de vie port\u00e9e par<br \/>\nsa passion.<\/p>\n<p>Pour que persiste sa m\u00e9moire, Anne-Fran\u00e7oise et Jo\u00ebl ont d\u00e9cid\u00e9 de rassembler<br \/>\net de publier ce qui rendait Chlo\u00e9 si sp\u00e9ciale: ses photos, ses r\u00e9cits mais<br \/>\naussi de nombreux messages et anecdotes de proches ou d&#8217;inconnus qui<br \/>\nattestaient du caract\u00e8re unique de leur fille.<br \/>\nLes mots suffisent-ils \u00e0 traduire les passions?<br \/>\nChlo\u00e9 avait la passion de la montagne et de l&#8217;escalade, celle que l&#8217;on vit<br \/>\navec le corps et surtout celle que l&#8217;on vit dans la t\u00eate et dans le coeur.<br \/>\n&#8218;L&#8217;alpinisme participe d&#8217;une urgence de vivre&#8216;, dit Christophe Dumarest. Les<br \/>\nmots de Chlo\u00e9 nous le font vivre intens\u00e9ment.<br \/>\nFormat : 208 pages<\/p>","protected":false},"excerpt":{"rendered":"<p>Clo\u00e9 Grafitaux Il y a un an disparaissait Chlo\u00e9 Graftiaux. Le 21 ao\u00fbt 2010, on apprenait sa chute \u00e0 la descente de l&#8217;Aiguille du Peterey dans le massif du Mont-Blanc. Beaucoup garderont d&#8217;elle le souvenir d&#8217;une formidable grimpeuse. Ceux qui la connaissaient mieux disaient qu&#8217;elle \u00e9tait \u00e9galement extr\u00eamement polyvalente et ne se d\u00e9partait jamais de [&#8230;]\n","protected":false},"featured_media":36562,"template":"","meta":[],"product_brand":[],"product_cat":[21542],"product_tag":[],"class_list":{"0":"post-154620","1":"product","2":"type-product","3":"status-publish","4":"has-post-thumbnail","6":"product_cat-sachbuecher-dokumentationen","7":"pa_autor-graftiaux","8":"pa_erscheinungsjahr-21610","9":"pa_region-frankreich","10":"pa_sprache-fr","12":"first","13":"outofstock","14":"taxable","15":"shipping-taxable","16":"purchasable","17":"product-type-simple"},"_links":{"self":[{"href":"https:\/\/pizbube.ch\/en\/wp-json\/wp\/v2\/product\/154620","targetHints":{"allow":["GET"]}}],"collection":[{"href":"https:\/\/pizbube.ch\/en\/wp-json\/wp\/v2\/product"}],"about":[{"href":"https:\/\/pizbube.ch\/en\/wp-json\/wp\/v2\/types\/product"}],"wp:featuredmedia":[{"embeddable":true,"href":"https:\/\/pizbube.ch\/en\/wp-json\/wp\/v2\/media\/36562"}],"wp:attachment":[{"href":"https:\/\/pizbube.ch\/en\/wp-json\/wp\/v2\/media?parent=154620"}],"wp:term":[{"taxonomy":"product_brand","embeddable":true,"href":"https:\/\/pizbube.ch\/en\/wp-json\/wp\/v2\/product_brand?post=154620"},{"taxonomy":"product_cat","embeddable":true,"href":"https:\/\/pizbube.ch\/en\/wp-json\/wp\/v2\/product_cat?post=154620"},{"taxonomy":"product_tag","embeddable":true,"href":"https:\/\/pizbube.ch\/en\/wp-json\/wp\/v2\/product_tag?post=154620"}],"curies":[{"name":"wp","href":"https:\/\/api.w.org\/{rel}","templated":true}]}}