{"id":154621,"date":"2021-01-15T14:37:11","date_gmt":"2021-01-15T14:37:11","guid":{"rendered":"https:\/\/codengine3.ch\/?product=import-placeholder-for-207623"},"modified":"2021-01-15T16:05:16","modified_gmt":"2021-01-15T16:05:16","slug":"saas-fee-125000-zusammensetzung-2526","status":"publish","type":"product","link":"https:\/\/pizbube.ch\/en\/shop\/saas-fee-125000-zusammensetzung-2526\/","title":{"rendered":"Saas-Fee 1:25`000 Zusammensetzung 2526"},"content":{"rendered":"<p>Zusammensetzungen 1:25`000, von touristisch bedeutenden Gebieten (damit man<br \/>\nnicht mehrere einzelne Bl\u00e4tter braucht&#8230;)<br \/>\nBlatt 2526;<\/p>\n<p>&#8211; Die genauste und informativste topographische Karte der Schweiz f\u00fcr<br \/>\nWanderer, Alpinisten, Planer, Individualisten und Entdecker.<br \/>\n&#8211; Vollst\u00e4ndiges, differenziertes Bahn-, Strassen- und Wegnetz.<br \/>\n&#8211; Detaillierte Siedlungs-, Gew\u00e4sser-, Vegetations- und Gel\u00e4ndedarstellung.<br \/>\n&#8211; Vollst\u00e4ndigste Beschriftung der vorhandenen Objekte.<br \/>\n&#8211; Die ganze Schweiz und das angrenzende Ausland<\/p>","protected":false},"excerpt":{"rendered":"<p>Zusammensetzungen 1:25`000, von touristisch bedeutenden Gebieten (damit man nicht mehrere einzelne Bl\u00e4tter braucht&#8230;) Blatt 2526; &#8211; Die genauste und informativste topographische Karte der Schweiz f\u00fcr Wanderer, Alpinisten, Planer, Individualisten und Entdecker. &#8211; Vollst\u00e4ndiges, differenziertes Bahn-, Strassen- und Wegnetz. &#8211; Detaillierte Siedlungs-, Gew\u00e4sser-, Vegetations- und Gel\u00e4ndedarstellung. &#8211; Vollst\u00e4ndigste Beschriftung der vorhandenen Objekte. &#8211; Die ganze Schweiz [&#8230;]\n","protected":false},"featured_media":37980,"template":"","meta":[],"product_brand":[],"product_cat":[21543],"product_tag":[],"class_list":{"0":"post-154621","1":"product","2":"type-product","3":"status-publish","4":"has-post-thumbnail","6":"product_cat-landkarten","7":"pa_autor-swisstopo","8":"pa_erscheinungsjahr-21568","9":"pa_region-schweiz","10":"pa_sprache-de","12":"first","13":"instock","14":"taxable","15":"shipping-taxable","16":"purchasable","17":"product-type-simple"},"_links":{"self":[{"href":"https:\/\/pizbube.ch\/en\/wp-json\/wp\/v2\/product\/154621","targetHints":{"allow":["GET"]}}],"collection":[{"href":"https:\/\/pizbube.ch\/en\/wp-json\/wp\/v2\/product"}],"about":[{"href":"https:\/\/pizbube.ch\/en\/wp-json\/wp\/v2\/types\/product"}],"wp:featuredmedia":[{"embeddable":true,"href":"https:\/\/pizbube.ch\/en\/wp-json\/wp\/v2\/media\/37980"}],"wp:attachment":[{"href":"https:\/\/pizbube.ch\/en\/wp-json\/wp\/v2\/media?parent=154621"}],"wp:term":[{"taxonomy":"product_brand","embeddable":true,"href":"https:\/\/pizbube.ch\/en\/wp-json\/wp\/v2\/product_brand?post=154621"},{"taxonomy":"product_cat","embeddable":true,"href":"https:\/\/pizbube.ch\/en\/wp-json\/wp\/v2\/product_cat?post=154621"},{"taxonomy":"product_tag","embeddable":true,"href":"https:\/\/pizbube.ch\/en\/wp-json\/wp\/v2\/product_tag?post=154621"}],"curies":[{"name":"wp","href":"https:\/\/api.w.org\/{rel}","templated":true}]}}